{"id":26890,"date":"2025-02-20T22:28:32","date_gmt":"2025-02-20T22:28:32","guid":{"rendered":"http:\/\/olemosaic.com\/producto\/bola-de-navidad-con-caja-flores-barcelona\/"},"modified":"2025-07-25T18:52:18","modified_gmt":"2025-07-25T16:52:18","slug":"bola-de-natal-com-caixa-flores-barcelona","status":"publish","type":"product","link":"https:\/\/olemosaic.com\/pt-pt\/produto\/bola-de-natal-com-caixa-flores-barcelona\/","title":{"rendered":"Bola de Natal com caixa. Flores. Barcelona."},"content":{"rendered":"<p>Esta bola de Natal decorativa \u00e9 uma encantadora recorda\u00e7\u00e3o de Barcelona que capta a ess\u00eancia vibrante da cidade. Apresentada numa caixa elegante, esta pe\u00e7a destaca-se pelo seu design art\u00edstico que mostra um exuberante mosaico floral em tons de azul, amarelo, vermelho e rosa. No centro, o nome &#8220;Barcelona&#8221; sobressai com um design gr\u00e1fico atraente, conferindo um toque moderno e festivo \u00e0 ornamenta\u00e7\u00e3o. Com a sua forma redonda e acabamento brilhante, esta bola n\u00e3o \u00e9 apenas perfeita para adornar a sua casa durante as festas, mas tamb\u00e9m simboliza a rica cultura e a arte da cidade condal.<\/p>\n<p>A ornamenta\u00e7\u00e3o desta bola de Natal evoca o famoso estilo do arquiteto Antoni Gaud\u00ed, conhecido pelos seus mosaicos coloridos e formas org\u00e2nicas, que s\u00e3o parte integrante da paisagem arquitet\u00f3nica de Barcelona. Esta recorda\u00e7\u00e3o n\u00e3o s\u00f3 adorna a sua \u00e1rvore de Natal, como tamb\u00e9m conta uma hist\u00f3ria, ligando os turistas \u00e0 heran\u00e7a cultural desta metr\u00f3pole.<\/p>\n<p>Na Ol\u00e9 Mosaic, especializamo-nos na distribui\u00e7\u00e3o de recorda\u00e7\u00f5es por grosso, e esta bola de Natal \u00e9 uma excelente op\u00e7\u00e3o para lojas de presentes tur\u00edsticos que procuram produtos aut\u00eanticos e representativos de Espanha. Com a sua singularidade e atratividade, esta recorda\u00e7\u00e3o natal\u00edcia de Barcelona \u00e9 uma escolha ideal para quem deseja levar um peda\u00e7o da cultura catal\u00e3 para casa.<\/p>\n","protected":false},"excerpt":{"rendered":"<p>Bola de Natal decorativa apresentada numa caixa elegante, inspirada no estilo vibrante de Barcelona. Esta pe\u00e7a, de design art\u00edstico, mostra um exuberante mosaico floral em tons de azul, amarelo, vermelho e rosa, com o nome &#8220;Barcelona&#8221; em destaque num design gr\u00e1fico atraente. Perfeita para adornar a sua casa durante as festas, combina modernidade e tradi\u00e7\u00e3o, evocando a rica cultura e a arte da cidade condal.<\/p>\n","protected":false},"featured_media":9765,"template":"","meta":{"_acf_changed":false},"product_brand":[],"product_cat":[652],"product_tag":[642],"class_list":{"0":"post-26890","1":"product","2":"type-product","3":"status-publish","4":"has-post-thumbnail","6":"product_cat-bolas-de-natal","7":"product_tag-natal","8":"pa_ciudad-barcelona","9":"pa_motivo-flores","10":"pa_pais-espana","12":"first","13":"instock","14":"shipping-taxable","15":"product-type-simple"},"acf":[],"_links":{"self":[{"href":"https:\/\/olemosaic.com\/pt-pt\/wp-json\/wp\/v2\/product\/26890","targetHints":{"allow":["GET"]}}],"collection":[{"href":"https:\/\/olemosaic.com\/pt-pt\/wp-json\/wp\/v2\/product"}],"about":[{"href":"https:\/\/olemosaic.com\/pt-pt\/wp-json\/wp\/v2\/types\/product"}],"wp:featuredmedia":[{"embeddable":true,"href":"https:\/\/olemosaic.com\/pt-pt\/wp-json\/wp\/v2\/media\/9765"}],"wp:attachment":[{"href":"https:\/\/olemosaic.com\/pt-pt\/wp-json\/wp\/v2\/media?parent=26890"}],"wp:term":[{"taxonomy":"product_brand","embeddable":true,"href":"https:\/\/olemosaic.com\/pt-pt\/wp-json\/wp\/v2\/product_brand?post=26890"},{"taxonomy":"product_cat","embeddable":true,"href":"https:\/\/olemosaic.com\/pt-pt\/wp-json\/wp\/v2\/product_cat?post=26890"},{"taxonomy":"product_tag","embeddable":true,"href":"https:\/\/olemosaic.com\/pt-pt\/wp-json\/wp\/v2\/product_tag?post=26890"}],"curies":[{"name":"wp","href":"https:\/\/api.w.org\/{rel}","templated":true}]}}