{"id":26888,"date":"2025-02-20T22:28:32","date_gmt":"2025-02-20T22:28:32","guid":{"rendered":"http:\/\/olemosaic.com\/producto\/bola-de-navidad-con-caja-salamandra-y-flores-barcelona\/"},"modified":"2025-07-25T19:52:18","modified_gmt":"2025-07-25T17:52:18","slug":"bola-de-natal-com-caixa-salamandra-e-flores-barcelona","status":"publish","type":"product","link":"https:\/\/olemosaic.com\/pt-pt\/produto\/bola-de-natal-com-caixa-salamandra-e-flores-barcelona\/","title":{"rendered":"Bola de Natal com caixa. Salamandra e flores. Barcelona."},"content":{"rendered":"<p>Esta bola de Natal decorativa \u00e9 uma encantadora homenagem \u00e0 vibrante arquitetura de Barcelona, ideal para quem deseja levar um pedacinho da cidade condal para as suas casas durante as festas. Apresentada numa elegante caixa, esta colorida bola de cer\u00e2mica destaca-se pela sua impressionante decora\u00e7\u00e3o da famosa salamandra, um s\u00edmbolo ic\u00f3nico da obra de Antoni Gaud\u00ed, rodeada de flores vibrantes que acrescentam um toque festivo e alegre. O design inclui um fundo de trencad\u00eds, o caracter\u00edstico mosaico catal\u00e3o que, com os seus tons vivos e variados, evoca a ess\u00eancia art\u00edstica da cidade. Cada detalhe da bola foi cuidadosamente elaborado, combinando a rica heran\u00e7a cultural de Barcelona com o calor e a alegria da \u00e9poca natal\u00edcia.<\/p>\n<p>Este souvenir n\u00e3o \u00e9 apenas um adorno para a \u00e1rvore de Natal, mas tamb\u00e9m representa uma liga\u00e7\u00e3o cultural profunda, ideal para turistas que procuram uma recorda\u00e7\u00e3o aut\u00eantica e significativa da sua visita a Barcelona. Na Ol\u00e9 Mosaic, especialistas na distribui\u00e7\u00e3o de souvenirs por grosso, oferecemos esta bola de Natal como uma op\u00e7\u00e3o excecional para lojas de presentes tur\u00edsticos, garantindo autenticidade e qualidade em cada pe\u00e7a. Com o seu apelo visual e a sua forte liga\u00e7\u00e3o cultural, esta bola de Natal torna-se um presente perfeito para quem deseja celebrar o Natal com um toque da arte e da cultura de Barcelona, destacando-se como um artigo essencial entre os souvenirs de cer\u00e2mica.<\/p>\n","protected":false},"excerpt":{"rendered":"<p>Bola de Natal decorativa apresentada numa elegante caixa, inspirada na arquitetura de Barcelona. Esta colorida bola de cer\u00e2mica \u00e9 adornada com a famosa salamandra, s\u00edmbolo da obra de Gaud\u00ed, e rodeada de flores vibrantes. O seu design inclui um fundo de trencad\u00eds, um distintivo mosaico catal\u00e3o, que se destaca com tons alegres e festivos. Ideal para acrescentar um toque art\u00edstico e cultural \u00e0 sua \u00e1rvore de Natal.<\/p>\n","protected":false},"featured_media":9770,"template":"","meta":{"_acf_changed":false},"product_brand":[],"product_cat":[652],"product_tag":[516,642],"class_list":{"0":"post-26888","1":"product","2":"type-product","3":"status-publish","4":"has-post-thumbnail","6":"product_cat-bolas-de-natal","7":"product_tag-animais","8":"product_tag-natal","9":"pa_ciudad-barcelona","10":"pa_motivo-salamandras","11":"pa_pais-espana","13":"first","14":"instock","15":"shipping-taxable","16":"product-type-simple"},"acf":[],"_links":{"self":[{"href":"https:\/\/olemosaic.com\/pt-pt\/wp-json\/wp\/v2\/product\/26888","targetHints":{"allow":["GET"]}}],"collection":[{"href":"https:\/\/olemosaic.com\/pt-pt\/wp-json\/wp\/v2\/product"}],"about":[{"href":"https:\/\/olemosaic.com\/pt-pt\/wp-json\/wp\/v2\/types\/product"}],"wp:featuredmedia":[{"embeddable":true,"href":"https:\/\/olemosaic.com\/pt-pt\/wp-json\/wp\/v2\/media\/9770"}],"wp:attachment":[{"href":"https:\/\/olemosaic.com\/pt-pt\/wp-json\/wp\/v2\/media?parent=26888"}],"wp:term":[{"taxonomy":"product_brand","embeddable":true,"href":"https:\/\/olemosaic.com\/pt-pt\/wp-json\/wp\/v2\/product_brand?post=26888"},{"taxonomy":"product_cat","embeddable":true,"href":"https:\/\/olemosaic.com\/pt-pt\/wp-json\/wp\/v2\/product_cat?post=26888"},{"taxonomy":"product_tag","embeddable":true,"href":"https:\/\/olemosaic.com\/pt-pt\/wp-json\/wp\/v2\/product_tag?post=26888"}],"curies":[{"name":"wp","href":"https:\/\/api.w.org\/{rel}","templated":true}]}}