{"id":26886,"date":"2025-02-20T22:28:31","date_gmt":"2025-02-20T22:28:31","guid":{"rendered":"http:\/\/olemosaic.com\/producto\/bola-de-navidad-con-caja-punt-de-trobada\/"},"modified":"2025-07-25T18:54:32","modified_gmt":"2025-07-25T16:54:32","slug":"bola-de-natal-com-caixa-punt-de-trobada","status":"publish","type":"product","link":"https:\/\/olemosaic.com\/pt-pt\/produto\/bola-de-natal-com-caixa-punt-de-trobada\/","title":{"rendered":"Bola de Natal com caixa. Punt de trobada."},"content":{"rendered":"<p>Esta bola de Natal decorativa \u00e9 uma recorda\u00e7\u00e3o elegante e aut\u00eantica de Barcelona, inspirada no famoso &#8220;Punt de trobada&#8221;, uma obra emblem\u00e1tica que captura a ess\u00eancia do modernismo catal\u00e3o. Fabricada em cer\u00e2mica de alta qualidade, apresenta um vibrante mosaico em cores azul, vermelho e amarelo, complementado por padr\u00f5es abstratos que evocam as obras arquitet\u00f3nicas de Antoni Gaud\u00ed. O fundo branco real\u00e7a a complexidade do design, criando um efeito visual apelativo que n\u00e3o s\u00f3 embeleza a \u00e1rvore de Natal, mas tamb\u00e9m acrescenta um toque cultural distintivo a qualquer decora\u00e7\u00e3o festiva.<\/p>\n<p>A bola, apresentada numa elegante caixa, \u00e9 perfeita para oferecer ou para desfrutar em casa, sendo uma recorda\u00e7\u00e3o encantadora da vida e da cultura de Barcelona. O seu design engenhoso e sofisticado torna-a uma excelente recorda\u00e7\u00e3o para turistas, que podem levar um peda\u00e7o da cidade entre os seus adornos natal\u00edcios. Este souvenir n\u00e3o \u00e9 apenas uma adi\u00e7\u00e3o festiva, mas tamb\u00e9m uma celebra\u00e7\u00e3o da arte e da hist\u00f3ria locais, refletindo a rica heran\u00e7a cultural da regi\u00e3o.<\/p>\n<p>Na Ol\u00e9 Mosaic, somos distribuidores de souvenirs por grosso, oferecendo pe\u00e7as aut\u00eanticas que destacam a beleza de lugares ic\u00f3nicos. Esta bola de Natal \u00e9 uma op\u00e7\u00e3o ideal para lojas de presentes tur\u00edsticos que procuram produtos \u00fanicos que conectem com os visitantes.<\/p>\n","protected":false},"excerpt":{"rendered":"<p>Bola de Natal decorativa apresentada numa elegante caixa, inspirada no famoso design do &#8220;Punt de Trobada&#8221; de Barcelona. Fabricada em cer\u00e2mica, a bola exibe um vibrante mosaico em cores azul, vermelho e amarelo, com padr\u00f5es abstratos sobre fundo branco. Os detalhes gr\u00e1ficos evocam o estilo arquitet\u00f3nico de Gaud\u00ed, o que a torna uma pe\u00e7a \u00fanica e festiva que acrescenta um toque cultural \u00e0s suas decora\u00e7\u00f5es natal\u00edcias.<\/p>\n","protected":false},"featured_media":9749,"template":"","meta":{"_acf_changed":false},"product_brand":[],"product_cat":[652],"product_tag":[642],"class_list":{"0":"post-26886","1":"product","2":"type-product","3":"status-publish","4":"has-post-thumbnail","6":"product_cat-bolas-de-natal","7":"product_tag-natal","8":"pa_motivo-punt-de-trobada","10":"first","11":"instock","12":"shipping-taxable","13":"product-type-simple"},"acf":[],"_links":{"self":[{"href":"https:\/\/olemosaic.com\/pt-pt\/wp-json\/wp\/v2\/product\/26886","targetHints":{"allow":["GET"]}}],"collection":[{"href":"https:\/\/olemosaic.com\/pt-pt\/wp-json\/wp\/v2\/product"}],"about":[{"href":"https:\/\/olemosaic.com\/pt-pt\/wp-json\/wp\/v2\/types\/product"}],"wp:featuredmedia":[{"embeddable":true,"href":"https:\/\/olemosaic.com\/pt-pt\/wp-json\/wp\/v2\/media\/9749"}],"wp:attachment":[{"href":"https:\/\/olemosaic.com\/pt-pt\/wp-json\/wp\/v2\/media?parent=26886"}],"wp:term":[{"taxonomy":"product_brand","embeddable":true,"href":"https:\/\/olemosaic.com\/pt-pt\/wp-json\/wp\/v2\/product_brand?post=26886"},{"taxonomy":"product_cat","embeddable":true,"href":"https:\/\/olemosaic.com\/pt-pt\/wp-json\/wp\/v2\/product_cat?post=26886"},{"taxonomy":"product_tag","embeddable":true,"href":"https:\/\/olemosaic.com\/pt-pt\/wp-json\/wp\/v2\/product_tag?post=26886"}],"curies":[{"name":"wp","href":"https:\/\/api.w.org\/{rel}","templated":true}]}}