{"id":26885,"date":"2025-02-20T22:28:31","date_gmt":"2025-02-20T22:28:31","guid":{"rendered":"http:\/\/olemosaic.com\/producto\/bola-de-navidad-con-caja-punt-de-trobada-barcelona-2\/"},"modified":"2025-07-25T19:04:52","modified_gmt":"2025-07-25T17:04:52","slug":"bola-de-natal-com-caixa-punt-de-trobada-barcelona-2","status":"publish","type":"product","link":"https:\/\/olemosaic.com\/pt-pt\/produto\/bola-de-natal-com-caixa-punt-de-trobada-barcelona-2\/","title":{"rendered":"Bola de Natal com caixa. Punt de trobada. Barcelona."},"content":{"rendered":"<p>Esta bola de Natal decorativa \u00e9 um belo tributo \u00e0 cidade de Barcelona, perfeita para adornar a sua \u00e1rvore durante as festas. Inspirada na ic\u00f3nica obra de Antoni Gaud\u00ed, apresenta um design de mosaico vibrante que evoca o famoso estilo arquitet\u00f3nico da cidade. Com cores brilhantes como o vermelho, azul e amarelo sobre um fundo branco, esta esfera captura a ess\u00eancia do modernismo catal\u00e3o. Na superf\u00edcie da bola, pode ver-se a palavra &#8220;Barcelona&#8221;, acrescentando um toque pessoal e memor\u00e1vel a esta elegante recorda\u00e7\u00e3o.<\/p>\n<p>A bola vem equipada com um la\u00e7o vermelho que facilita a sua coloca\u00e7\u00e3o na \u00e1rvore, tornando-a n\u00e3o apenas um adorno, mas tamb\u00e9m um s\u00edmbolo da alegria natal\u00edcia. Apresentada numa elegante caixa, pronta para oferecer, \u00e9 um presente ideal para quem deseja partilhar um pouco da cultura catal\u00e3 com os seus entes queridos.<\/p>\n<p>Como parte da nossa cole\u00e7\u00e3o de souvenirs de Ol\u00e9 Mosaic, esta bola de Natal \u00e9 um reflexo aut\u00eantico do patrim\u00f3nio cultural de Barcelona, tornando-se uma op\u00e7\u00e3o perfeita para turistas e amantes da cidade. Este artigo \u00e9 uma excelente escolha para lojas de presentes tur\u00edsticos que procuram oferecer produtos \u00fanicos e representativos da riqueza cultural espanhola. Com os nossos produtos por grosso, garantimos qualidade e autenticidade em cada recorda\u00e7\u00e3o.<\/p>\n","protected":false},"excerpt":{"rendered":"<p>Bola de Natal decorativa em forma de esfera, ideal para embelezar a sua \u00e1rvore nestas festas. Inspirada na obra de Gaud\u00ed, apresenta um design de mosaico que evoca o famoso estilo de Barcelona, com cores vibrantes como o vermelho, o azul e o amarelo sobre um fundo branco. A bola inclui um encantador la\u00e7o vermelho e, na sua superf\u00edcie, pode ver-se a palavra &#8220;Barcelona&#8221;, o que a torna uma recorda\u00e7\u00e3o perfeita da cidade. Vem apresentada numa elegante caixa, pronta para oferecer.<\/p>\n","protected":false},"featured_media":9763,"template":"","meta":{"_acf_changed":false},"product_brand":[],"product_cat":[652],"product_tag":[642],"class_list":{"0":"post-26885","1":"product","2":"type-product","3":"status-publish","4":"has-post-thumbnail","6":"product_cat-bolas-de-natal","7":"product_tag-natal","8":"pa_ciudad-barcelona","9":"pa_motivo-punt-de-trobada","10":"pa_pais-espana","12":"first","13":"instock","14":"shipping-taxable","15":"product-type-simple"},"acf":[],"_links":{"self":[{"href":"https:\/\/olemosaic.com\/pt-pt\/wp-json\/wp\/v2\/product\/26885","targetHints":{"allow":["GET"]}}],"collection":[{"href":"https:\/\/olemosaic.com\/pt-pt\/wp-json\/wp\/v2\/product"}],"about":[{"href":"https:\/\/olemosaic.com\/pt-pt\/wp-json\/wp\/v2\/types\/product"}],"wp:featuredmedia":[{"embeddable":true,"href":"https:\/\/olemosaic.com\/pt-pt\/wp-json\/wp\/v2\/media\/9763"}],"wp:attachment":[{"href":"https:\/\/olemosaic.com\/pt-pt\/wp-json\/wp\/v2\/media?parent=26885"}],"wp:term":[{"taxonomy":"product_brand","embeddable":true,"href":"https:\/\/olemosaic.com\/pt-pt\/wp-json\/wp\/v2\/product_brand?post=26885"},{"taxonomy":"product_cat","embeddable":true,"href":"https:\/\/olemosaic.com\/pt-pt\/wp-json\/wp\/v2\/product_cat?post=26885"},{"taxonomy":"product_tag","embeddable":true,"href":"https:\/\/olemosaic.com\/pt-pt\/wp-json\/wp\/v2\/product_tag?post=26885"}],"curies":[{"name":"wp","href":"https:\/\/api.w.org\/{rel}","templated":true}]}}