{"id":26858,"date":"2025-02-20T22:28:31","date_gmt":"2025-02-20T22:28:31","guid":{"rendered":"http:\/\/olemosaic.com\/producto\/bola-de-navidad-con-caja-buhos-tenerife\/"},"modified":"2025-07-25T18:34:51","modified_gmt":"2025-07-25T16:34:51","slug":"bola-de-natal-com-caixa-corujas-tenerife","status":"publish","type":"product","link":"https:\/\/olemosaic.com\/pt-pt\/produto\/bola-de-natal-com-caixa-corujas-tenerife\/","title":{"rendered":"Bola de Natal com caixa. Corujas. Tenerife."},"content":{"rendered":"<p>Esta bola de Natal decorativa \u00e9 o souvenir perfeito para levar um pedacinho de Tenerife para casa. Apresentada numa elegante caixa, esta pe\u00e7a artesanal destaca-se pelo seu encantador design de uma coruja colorida, elaborada com um acabamento em mosaico que real\u00e7a tons vibrantes de amarelo, vermelho e azul. O fundo da bola est\u00e1 adornado com um detalhe de azulejos cinzentos, um tributo \u00e0 rica tradi\u00e7\u00e3o art\u00edstica can\u00e1ria que se reflete no seu patrim\u00f3nio. Al\u00e9m disso, um la\u00e7o vermelho adiciona um toque festivo, convertendo-a num adorno ideal para alegrar a \u00e1rvore de Natal.<\/p>\n<p>A figura da coruja, com os seus olhos grandes e expressivos, simboliza a sabedoria e a liga\u00e7\u00e3o com a natureza, um elemento muito presente na cultura de Tenerife. Este adorno n\u00e3o \u00e9 apenas um precioso elemento decorativo, mas tamb\u00e9m uma recorda\u00e7\u00e3o aut\u00eantica das Ilhas Can\u00e1rias, perfeito para turistas que procuram um souvenir representativo da sua visita. Na Ol\u00e9 Mosaic, como grossista de souvenirs, oferecemos esta bola de Natal como uma op\u00e7\u00e3o atrativa para lojas de presentes tur\u00edsticos que desejam fornecer produtos \u00fanicos e de qualidade. Celebre a beleza de Tenerife todos os anos com esta requintada bola natal\u00edcia, um s\u00edmbolo de autenticidade e tradi\u00e7\u00e3o can\u00e1ria.<\/p>\n","protected":false},"excerpt":{"rendered":"<p>Bola de Natal decorativa apresentada numa elegante caixa, inspirada na fauna de Tenerife. Esta pe\u00e7a artesanal mostra uma coruja colorida, elaborada com um design em mosaico que real\u00e7a tons vibrantes de amarelo, vermelho e azul. O fundo est\u00e1 decorado com um padr\u00e3o de azulejos cinzentos, evocando a tradi\u00e7\u00e3o can\u00e1ria. Com um la\u00e7o vermelho que adiciona um toque festivo, \u00e9 um adorno perfeito para alegrar a \u00e1rvore de Natal e prestar homenagem \u00e0 beleza de Tenerife.<\/p>\n","protected":false},"featured_media":13790,"template":"","meta":{"_acf_changed":false},"product_brand":[],"product_cat":[652],"product_tag":[516,642],"class_list":{"0":"post-26858","1":"product","2":"type-product","3":"status-publish","4":"has-post-thumbnail","6":"product_cat-bolas-de-natal","7":"product_tag-animais","8":"product_tag-natal","9":"pa_ciudad-tenerife","10":"pa_motivo-corujas","11":"pa_pais-espana","13":"first","14":"instock","15":"shipping-taxable","16":"product-type-simple"},"acf":[],"_links":{"self":[{"href":"https:\/\/olemosaic.com\/pt-pt\/wp-json\/wp\/v2\/product\/26858","targetHints":{"allow":["GET"]}}],"collection":[{"href":"https:\/\/olemosaic.com\/pt-pt\/wp-json\/wp\/v2\/product"}],"about":[{"href":"https:\/\/olemosaic.com\/pt-pt\/wp-json\/wp\/v2\/types\/product"}],"wp:featuredmedia":[{"embeddable":true,"href":"https:\/\/olemosaic.com\/pt-pt\/wp-json\/wp\/v2\/media\/13790"}],"wp:attachment":[{"href":"https:\/\/olemosaic.com\/pt-pt\/wp-json\/wp\/v2\/media?parent=26858"}],"wp:term":[{"taxonomy":"product_brand","embeddable":true,"href":"https:\/\/olemosaic.com\/pt-pt\/wp-json\/wp\/v2\/product_brand?post=26858"},{"taxonomy":"product_cat","embeddable":true,"href":"https:\/\/olemosaic.com\/pt-pt\/wp-json\/wp\/v2\/product_cat?post=26858"},{"taxonomy":"product_tag","embeddable":true,"href":"https:\/\/olemosaic.com\/pt-pt\/wp-json\/wp\/v2\/product_tag?post=26858"}],"curies":[{"name":"wp","href":"https:\/\/api.w.org\/{rel}","templated":true}]}}