{"id":26857,"date":"2025-02-20T22:28:31","date_gmt":"2025-02-20T22:28:31","guid":{"rendered":"http:\/\/olemosaic.com\/producto\/bola-de-navidad-con-caja-mosaico-barcelona\/"},"modified":"2025-07-25T19:11:48","modified_gmt":"2025-07-25T17:11:48","slug":"bola-de-natal-com-caixa-mosaico-barcelona-pt-pt","status":"publish","type":"product","link":"https:\/\/olemosaic.com\/pt-pt\/produto\/bola-de-natal-com-caixa-mosaico-barcelona-pt-pt\/","title":{"rendered":"Bola de Natal com caixa. Mosaico. Barcelona."},"content":{"rendered":"<p>Esta bola de Natal decorativa \u00e9 o souvenir perfeito para evocar o esp\u00edrito da vibrante Barcelona. Fabricada com um material leve, o seu design inspira-se na riqueza do mosaico catal\u00e3o, uma homenagem \u00e0 obra-prima do modernismo que adorna muitos dos edif\u00edcios emblem\u00e1ticos da cidade. A bola apresenta uma atraente combina\u00e7\u00e3o de padr\u00f5es geom\u00e9tricos em tons vivos de azul, laranja e amarelo, que capturam a ess\u00eancia da arte e da criatividade que Barcelona oferece ao mundo. No centro, o texto &#8220;Barcelona&#8221; aparece impresso com um estilo alegre, refletindo o calor e o dinamismo da cultura local. Rematada com um la\u00e7o rosa, esta pe\u00e7a n\u00e3o \u00e9 apenas um adorno encantador para a \u00e1rvore de Natal, mas tamb\u00e9m uma recorda\u00e7\u00e3o tang\u00edvel da capital catal\u00e3 em cada celebra\u00e7\u00e3o. Al\u00e9m disso, vem apresentada de forma muito cuidada, ideal para oferecer ou para quem procura uma recorda\u00e7\u00e3o aut\u00eantica da sua visita. Na Ol\u00e9 Mosaic especializamo-nos na distribui\u00e7\u00e3o de souvenirs por grosso, oferecendo produtos emblem\u00e1ticos como esta bola de Natal, que representa a rica heran\u00e7a de Barcelona e \u00e9 uma excelente op\u00e7\u00e3o para todas as lojas de presentes tur\u00edsticos que desejem oferecer artigos que contem uma hist\u00f3ria cultural. Com este souvenir natal\u00edcio, os turistas podem levar um peda\u00e7o de Barcelona, convertendo cada Natal numa celebra\u00e7\u00e3o da sua beleza e singularidade.<\/p>\n","protected":false},"excerpt":{"rendered":"<p>Bola de Natal decorativa com design de mosaico, inspirada na vibrante cidade de Barcelona. Fabricada em material leve, esta bola apresenta uma colorida combina\u00e7\u00e3o de padr\u00f5es geom\u00e9tricos e elementos t\u00edpicos do modernismo catal\u00e3o, destacando tons azuis, laranjas e amarelos. O texto &#8220;Barcelona&#8221; est\u00e1 impresso com um estilo alegre e um la\u00e7o rosa remata a pe\u00e7a. Ideal para adornar a \u00e1rvore de Natal e recordar a ess\u00eancia da capital catal\u00e3 em cada celebra\u00e7\u00e3o.<\/p>\n","protected":false},"featured_media":9764,"template":"","meta":{"_acf_changed":false},"product_brand":[],"product_cat":[652],"product_tag":[642],"class_list":{"0":"post-26857","1":"product","2":"type-product","3":"status-publish","4":"has-post-thumbnail","6":"product_cat-bolas-de-natal","7":"product_tag-natal","8":"pa_ciudad-barcelona","9":"pa_motivo-mosaico","10":"pa_pais-espana","12":"first","13":"instock","14":"shipping-taxable","15":"product-type-simple"},"acf":[],"_links":{"self":[{"href":"https:\/\/olemosaic.com\/pt-pt\/wp-json\/wp\/v2\/product\/26857","targetHints":{"allow":["GET"]}}],"collection":[{"href":"https:\/\/olemosaic.com\/pt-pt\/wp-json\/wp\/v2\/product"}],"about":[{"href":"https:\/\/olemosaic.com\/pt-pt\/wp-json\/wp\/v2\/types\/product"}],"wp:featuredmedia":[{"embeddable":true,"href":"https:\/\/olemosaic.com\/pt-pt\/wp-json\/wp\/v2\/media\/9764"}],"wp:attachment":[{"href":"https:\/\/olemosaic.com\/pt-pt\/wp-json\/wp\/v2\/media?parent=26857"}],"wp:term":[{"taxonomy":"product_brand","embeddable":true,"href":"https:\/\/olemosaic.com\/pt-pt\/wp-json\/wp\/v2\/product_brand?post=26857"},{"taxonomy":"product_cat","embeddable":true,"href":"https:\/\/olemosaic.com\/pt-pt\/wp-json\/wp\/v2\/product_cat?post=26857"},{"taxonomy":"product_tag","embeddable":true,"href":"https:\/\/olemosaic.com\/pt-pt\/wp-json\/wp\/v2\/product_tag?post=26857"}],"curies":[{"name":"wp","href":"https:\/\/api.w.org\/{rel}","templated":true}]}}