{"id":26856,"date":"2025-02-20T22:28:30","date_gmt":"2025-02-20T22:28:30","guid":{"rendered":"http:\/\/olemosaic.com\/producto\/bola-de-navidad-con-caja-panoramica-barcelona-color-2\/"},"modified":"2025-07-25T19:09:22","modified_gmt":"2025-07-25T17:09:22","slug":"bola-de-natal-com-caixa-panoramica-barcelona-cor-2","status":"publish","type":"product","link":"https:\/\/olemosaic.com\/pt-pt\/produto\/bola-de-natal-com-caixa-panoramica-barcelona-cor-2\/","title":{"rendered":"Bola de Natal com caixa. Panor\u00e2mica. Barcelona. Cor"},"content":{"rendered":"<p>Esta bola de Natal decorativa \u00e9 o presente perfeito para evocar o esp\u00edrito festivo de Barcelona. Apresentada numa elegante caixa, este adorno destaca-se pelo seu vibrante e colorido design, que captura a ess\u00eancia \u00fanica da Cidade Condal. A sua superf\u00edcie est\u00e1 adornada com um brilhante mosaico que inclui uma representa\u00e7\u00e3o do ic\u00f3nico hotel W, conhecido como uma das joias arquitet\u00f3nicas de Barcelona, bem como elementos do distintivo estilo modernista que caracteriza a cidade.<\/p>\n<p>O design, cheio de vida e cor, simboliza a alegre fus\u00e3o da tradi\u00e7\u00e3o natal\u00edcia com o patrim\u00f3nio cultural de Barcelona, convertendo-a numa recorda\u00e7\u00e3o memor\u00e1vel que qualquer visitante quereria levar para casa. Esta bola de Natal n\u00e3o s\u00f3 adiciona um toque festivo a qualquer \u00e1rvore, como tamb\u00e9m serve como um lembrete das experi\u00eancias vividas nesta encantadora cidade, repleta de hist\u00f3ria, cultura e arte.<\/p>\n<p>Ideal para lojas de presentes tur\u00edsticos, na Ol\u00e9 Mosaic especializamo-nos na distribui\u00e7\u00e3o de souvenirs por grosso que refletem a autenticidade e a diversidade cultural de Espanha. Esta colorida bola de Natal representa uma excelente escolha para aqueles que procuram incorporar um peda\u00e7o de Barcelona nas suas celebra\u00e7\u00f5es natal\u00edcias, e destaca-se como um grande exemplo de souvenir moderno que combina design contempor\u00e2neo e tradi\u00e7\u00e3o.<\/p>\n","protected":false},"excerpt":{"rendered":"<p>Bola de Natal decorativa a cores, apresentada numa elegante caixa, inspirada na vibrante panor\u00e2mica de Barcelona. Este adorno apresenta um design colorido que captura a ess\u00eancia da cidade, com o ic\u00f3nico hotel W e fascinantes elementos arquitet\u00f3nicos do famoso estilo modernista. A sua superf\u00edcie est\u00e1 adornada com um mosaico de cores brilhantes, ideal para adicionar um toque festivo e cultural a qualquer \u00e1rvore de Natal, evocando a alegria das tradi\u00e7\u00f5es espanholas.<\/p>\n","protected":false},"featured_media":9756,"template":"","meta":{"_acf_changed":false},"product_brand":[],"product_cat":[652],"product_tag":[642],"class_list":{"0":"post-26856","1":"product","2":"type-product","3":"status-publish","4":"has-post-thumbnail","6":"product_cat-bolas-de-natal","7":"product_tag-natal","8":"pa_ciudad-barcelona","9":"pa_motivo-panoramas","10":"pa_pais-espana","12":"first","13":"instock","14":"shipping-taxable","15":"product-type-simple"},"acf":[],"_links":{"self":[{"href":"https:\/\/olemosaic.com\/pt-pt\/wp-json\/wp\/v2\/product\/26856","targetHints":{"allow":["GET"]}}],"collection":[{"href":"https:\/\/olemosaic.com\/pt-pt\/wp-json\/wp\/v2\/product"}],"about":[{"href":"https:\/\/olemosaic.com\/pt-pt\/wp-json\/wp\/v2\/types\/product"}],"wp:featuredmedia":[{"embeddable":true,"href":"https:\/\/olemosaic.com\/pt-pt\/wp-json\/wp\/v2\/media\/9756"}],"wp:attachment":[{"href":"https:\/\/olemosaic.com\/pt-pt\/wp-json\/wp\/v2\/media?parent=26856"}],"wp:term":[{"taxonomy":"product_brand","embeddable":true,"href":"https:\/\/olemosaic.com\/pt-pt\/wp-json\/wp\/v2\/product_brand?post=26856"},{"taxonomy":"product_cat","embeddable":true,"href":"https:\/\/olemosaic.com\/pt-pt\/wp-json\/wp\/v2\/product_cat?post=26856"},{"taxonomy":"product_tag","embeddable":true,"href":"https:\/\/olemosaic.com\/pt-pt\/wp-json\/wp\/v2\/product_tag?post=26856"}],"curies":[{"name":"wp","href":"https:\/\/api.w.org\/{rel}","templated":true}]}}