{"id":26855,"date":"2025-02-20T23:28:30","date_gmt":"2025-02-20T22:28:30","guid":{"rendered":"http:\/\/olemosaic.com\/producto\/bola-de-navidad-con-caja-salamandra-tenerife\/"},"modified":"2025-07-25T19:06:19","modified_gmt":"2025-07-25T17:06:19","slug":"bola-de-natal-com-caixa-salamandra-tenerife","status":"publish","type":"product","link":"https:\/\/olemosaic.com\/pt-pt\/produto\/bola-de-natal-com-caixa-salamandra-tenerife\/","title":{"rendered":"Bola de Natal com caixa. Salamandra. Tenerife."},"content":{"rendered":"<p>Esta bola de Natal decorativa, com forma de esfera, \u00e9 uma recorda\u00e7\u00e3o colorida da biodiversidade de Tenerife, ideal para adicionar um toque can\u00e1rio \u00e0s suas celebra\u00e7\u00f5es natal\u00edcias. Elaborada com cuidado, esta bola parece ser pintada \u00e0 m\u00e3o e apresenta vibrantes e detalhados motivos de salamandras e flores que evocam a rica fauna e flora da ilha. O fundo branco texturizado simula um mosaico, criando um efeito visual que real\u00e7a a beleza de cada design. A palavra &#8220;Tenerife&#8221; destaca-se em letras pretas, atraindo a aten\u00e7\u00e3o e convertendo este adorno num aut\u00eantico representante da cultura tinerfe\u00f1a.<\/p>\n<p>Complementada com uma fita de cor rosa, esta bola \u00e9 perfeita para pendurar na \u00e1rvore de Natal ou como parte de uma elegante decora\u00e7\u00e3o. A sua apresenta\u00e7\u00e3o numa caixa torna-a um presente ideal e pronto para ser oferecido em qualquer ocasi\u00e3o festiva. Este souvenir de Tenerife n\u00e3o \u00e9 apenas um adorno, mas um s\u00edmbolo da heran\u00e7a cultural da ilha, que captura a ess\u00eancia da sua biodiversidade em cada detalhe. Na Ol\u00e9 Mosaic, especializados na distribui\u00e7\u00e3o de souvenirs por grosso, oferecemos esta bola de Natal como uma excelente op\u00e7\u00e3o para lojas de presentes tur\u00edsticos que procuram artigos aut\u00eanticos e culturalmente significativos.<\/p>\n","protected":false},"excerpt":{"rendered":"<p>Bola de Natal decorativa com forma esf\u00e9rica, inspirada na biodiversidade de Tenerife. Este adorno apresenta um design artesanal, pintado \u00e0 m\u00e3o, com coloridos motivos de salamandras e flores, sobre um fundo branco e texturizado que simula um mosaico. A palavra &#8220;Tenerife&#8221; destaca-se em letras pretas e \u00e9 rematada com uma fita rosa, perfeita para pendurar na \u00e1rvore de Natal. Ideal para dar um toque can\u00e1rio \u00e0s suas celebra\u00e7\u00f5es.<\/p>\n","protected":false},"featured_media":9840,"template":"","meta":{"_acf_changed":false},"product_brand":[],"product_cat":[652],"product_tag":[516,642],"class_list":{"0":"post-26855","1":"product","2":"type-product","3":"status-publish","4":"has-post-thumbnail","6":"product_cat-bolas-de-natal","7":"product_tag-animais","8":"product_tag-natal","9":"pa_ciudad-tenerife","10":"pa_motivo-salamandras","11":"pa_pais-espana","13":"first","14":"instock","15":"shipping-taxable","16":"product-type-simple"},"acf":[],"_links":{"self":[{"href":"https:\/\/olemosaic.com\/pt-pt\/wp-json\/wp\/v2\/product\/26855","targetHints":{"allow":["GET"]}}],"collection":[{"href":"https:\/\/olemosaic.com\/pt-pt\/wp-json\/wp\/v2\/product"}],"about":[{"href":"https:\/\/olemosaic.com\/pt-pt\/wp-json\/wp\/v2\/types\/product"}],"wp:featuredmedia":[{"embeddable":true,"href":"https:\/\/olemosaic.com\/pt-pt\/wp-json\/wp\/v2\/media\/9840"}],"wp:attachment":[{"href":"https:\/\/olemosaic.com\/pt-pt\/wp-json\/wp\/v2\/media?parent=26855"}],"wp:term":[{"taxonomy":"product_brand","embeddable":true,"href":"https:\/\/olemosaic.com\/pt-pt\/wp-json\/wp\/v2\/product_brand?post=26855"},{"taxonomy":"product_cat","embeddable":true,"href":"https:\/\/olemosaic.com\/pt-pt\/wp-json\/wp\/v2\/product_cat?post=26855"},{"taxonomy":"product_tag","embeddable":true,"href":"https:\/\/olemosaic.com\/pt-pt\/wp-json\/wp\/v2\/product_tag?post=26855"}],"curies":[{"name":"wp","href":"https:\/\/api.w.org\/{rel}","templated":true}]}}