{"id":26839,"date":"2025-02-20T23:28:30","date_gmt":"2025-02-20T22:28:30","guid":{"rendered":"http:\/\/olemosaic.com\/producto\/bola-de-navidad-con-caja-panoramica-barcelona-3\/"},"modified":"2025-07-25T18:34:41","modified_gmt":"2025-07-25T16:34:41","slug":"bola-de-natal-com-caixa-panoramica-barcelona-3","status":"publish","type":"product","link":"https:\/\/olemosaic.com\/pt-pt\/produto\/bola-de-natal-com-caixa-panoramica-barcelona-3\/","title":{"rendered":"Bola de Natal com caixa. Panor\u00e2mica. Sagrada Fam\u00edlia. Barcelona."},"content":{"rendered":"<p>Esta bola de Natal decorativa de Barcelona \u00e9 o presente perfeito, pois captura a ess\u00eancia de la cidade em plena \u00e9poca festiva. Apresentada numa elegante caixa, destaca-se pelo seu vibrante design que ilustra uma colorida panor\u00e2mica de monumentos ic\u00f3nicos como a Sagrada Fam\u00edlia e o Parque G\u00fcell, duas joias do patrim\u00f3nio arquitet\u00f3nico barcelon\u00eas. O design, inspirado no estilo de mosaico caracter\u00edstico de Gaud\u00ed, desenrola-se numa alegre paleta de cores que inclui azuis, verdes e amarelos, criando uma atmosfera festiva que iluminar\u00e1 qualquer \u00e1rvore de Natal.<\/p>\n<p>Na parte inferior da bola, um simp\u00e1tico Pai Natal junta-se \u00e0 celebra\u00e7\u00e3o, criando um contraste encantador com o fundo azul, que real\u00e7a a vivacidade de Barcelona. Elementos natal\u00edcios como \u00e1rvores de Natal e outras decora\u00e7\u00f5es adicionam um toque de alegria que ressoa com o esp\u00edrito das festas. Esta recorda\u00e7\u00e3o n\u00e3o \u00e9 apenas um artigo decorativo, mas tamb\u00e9m uma recorda\u00e7\u00e3o aut\u00eantica que liga os turistas \u00e0 rica cultura catal\u00e3, tornando-a uma excelente ideia para quem procura souvenirs de Barcelona.<\/p>\n<p>Na Ol\u00e9 Mosaic, como grossista de souvenirs, oferecemos produtos aut\u00eanticos que celebram as tradi\u00e7\u00f5es locais. Esta bola de Natal \u00e9 ideal para lojas de presentes tur\u00edsticos que procuram artigos \u00fanicos e representativos da beleza de Espanha.<\/p>\n","protected":false},"excerpt":{"rendered":"<p>Bola de Natal decorativa apresentada numa elegante caixa, com uma vibrante panor\u00e2mica de Barcelona. Esta bola destaca-se pelo seu design colorido, que ilustra monumentos ic\u00f3nicos como a Sagrada Fam\u00edlia e o Parque G\u00fcell, tudo num estilo de mosaico. Al\u00e9m disso, inclui um simp\u00e1tico Pai Natal e elementos natal\u00edcios, sobre um fundo azul que real\u00e7a a vivacidade da cidade. Perfeita para adicionar um toque festivo a qualquer decora\u00e7\u00e3o de Natal.<\/p>\n","protected":false},"featured_media":9760,"template":"","meta":{"_acf_changed":false},"product_brand":[],"product_cat":[652],"product_tag":[642],"class_list":{"0":"post-26839","1":"product","2":"type-product","3":"status-publish","4":"has-post-thumbnail","6":"product_cat-bolas-de-natal","7":"product_tag-natal","8":"pa_ciudad-barcelona","9":"pa_motivo-panoramas","10":"pa_pais-espana","12":"first","13":"instock","14":"shipping-taxable","15":"product-type-simple"},"acf":[],"_links":{"self":[{"href":"https:\/\/olemosaic.com\/pt-pt\/wp-json\/wp\/v2\/product\/26839","targetHints":{"allow":["GET"]}}],"collection":[{"href":"https:\/\/olemosaic.com\/pt-pt\/wp-json\/wp\/v2\/product"}],"about":[{"href":"https:\/\/olemosaic.com\/pt-pt\/wp-json\/wp\/v2\/types\/product"}],"wp:featuredmedia":[{"embeddable":true,"href":"https:\/\/olemosaic.com\/pt-pt\/wp-json\/wp\/v2\/media\/9760"}],"wp:attachment":[{"href":"https:\/\/olemosaic.com\/pt-pt\/wp-json\/wp\/v2\/media?parent=26839"}],"wp:term":[{"taxonomy":"product_brand","embeddable":true,"href":"https:\/\/olemosaic.com\/pt-pt\/wp-json\/wp\/v2\/product_brand?post=26839"},{"taxonomy":"product_cat","embeddable":true,"href":"https:\/\/olemosaic.com\/pt-pt\/wp-json\/wp\/v2\/product_cat?post=26839"},{"taxonomy":"product_tag","embeddable":true,"href":"https:\/\/olemosaic.com\/pt-pt\/wp-json\/wp\/v2\/product_tag?post=26839"}],"curies":[{"name":"wp","href":"https:\/\/api.w.org\/{rel}","templated":true}]}}