{"id":26838,"date":"2025-02-20T23:28:30","date_gmt":"2025-02-20T22:28:30","guid":{"rendered":"http:\/\/olemosaic.com\/producto\/bola-de-navidad-con-caja-panoramica-sevilla-2\/"},"modified":"2025-07-25T20:20:44","modified_gmt":"2025-07-25T18:20:44","slug":"bola-de-natal-com-caixa-panoramica-sevilha-2","status":"publish","type":"product","link":"https:\/\/olemosaic.com\/pt-pt\/produto\/bola-de-natal-com-caixa-panoramica-sevilha-2\/","title":{"rendered":"Bola de Natal com caixa. Panor\u00e2mica. Sevilha. Espanha."},"content":{"rendered":"<p>Esta bola de Natal decorativa com design panor\u00e2mico de Sevilha \u00e9 o presente perfeito para quem deseja capturar a ess\u00eancia festiva desta encantadora cidade andaluza. Apresentada numa elegante caixa, este adorno \u00e9 fabricado com um material leve que garante durabilidade e facilidade para o pendurar. A bola mostra uma vibrante ilustra\u00e7\u00e3o da arquitetura sevilhana, com as suas emblem\u00e1ticas fachadas em tons quentes que evocam o car\u00e1ter \u00fanico da cidade. Detalhes como os telhados vermelhos e as cl\u00e1ssicas azulejarias refletem a rica hist\u00f3ria cultural de Sevilha, transformando cada olhar numa viagem visual aos seus monumentos mais representativos.<\/p>\n<p>O la\u00e7o de fitas em tons roxos adiciona um toque chic e festivo, enquanto as inscri\u00e7\u00f5es natal\u00edcias em v\u00e1rios idiomas celebram a multiculturalidade da \u00e9poca, fazendo deste souvenir n\u00e3o apenas um adorno, mas um s\u00edmbolo de uni\u00e3o. Este produto destaca-se como uma verdadeira recorda\u00e7\u00e3o representativa de Sevilha, ideal para quem procura souvenirs aut\u00eanticos e de qualidade. Na Ol\u00e9 Mosaic, especializamo-nos na distribui\u00e7\u00e3o de souvenirs por grosso, e esta bola de Natal \u00e9 uma excelente op\u00e7\u00e3o para lojas de presentes tur\u00edsticos que desejem oferecer produtos que capturem a ess\u00eancia da cultura espanhola. \u00c9 uma forma perfeita de dar um toque natal\u00edcio a qualquer casa enquanto se celebra a beleza de Sevilha.<\/p>\n","protected":false},"excerpt":{"rendered":"<p>Bola de Natal decorativa com design panor\u00e2mico de Sevilha, apresentada numa caixa elegante. Este requintado adorno, fabricado em material leve, exibe uma vibrante ilustra\u00e7\u00e3o da arquitetura sevilhana, destacando as suas emblem\u00e1ticas fachadas e cores quentes. Com um la\u00e7o de fita em tons roxos, inclui inscri\u00e7\u00f5es natal\u00edcias em v\u00e1rios idiomas, adicionando um toque multicultural. Ideal para dar um toque festivo \u00e0 sua casa enquanto celebra a beleza de Sevilha.<\/p>\n","protected":false},"featured_media":9860,"template":"","meta":{"_acf_changed":false},"product_brand":[],"product_cat":[652],"product_tag":[642],"class_list":{"0":"post-26838","1":"product","2":"type-product","3":"status-publish","4":"has-post-thumbnail","6":"product_cat-bolas-de-natal","7":"product_tag-natal","8":"pa_ciudad-sevilla","9":"pa_motivo-panoramas","10":"pa_pais-espana","12":"first","13":"instock","14":"shipping-taxable","15":"product-type-simple"},"acf":[],"_links":{"self":[{"href":"https:\/\/olemosaic.com\/pt-pt\/wp-json\/wp\/v2\/product\/26838","targetHints":{"allow":["GET"]}}],"collection":[{"href":"https:\/\/olemosaic.com\/pt-pt\/wp-json\/wp\/v2\/product"}],"about":[{"href":"https:\/\/olemosaic.com\/pt-pt\/wp-json\/wp\/v2\/types\/product"}],"wp:featuredmedia":[{"embeddable":true,"href":"https:\/\/olemosaic.com\/pt-pt\/wp-json\/wp\/v2\/media\/9860"}],"wp:attachment":[{"href":"https:\/\/olemosaic.com\/pt-pt\/wp-json\/wp\/v2\/media?parent=26838"}],"wp:term":[{"taxonomy":"product_brand","embeddable":true,"href":"https:\/\/olemosaic.com\/pt-pt\/wp-json\/wp\/v2\/product_brand?post=26838"},{"taxonomy":"product_cat","embeddable":true,"href":"https:\/\/olemosaic.com\/pt-pt\/wp-json\/wp\/v2\/product_cat?post=26838"},{"taxonomy":"product_tag","embeddable":true,"href":"https:\/\/olemosaic.com\/pt-pt\/wp-json\/wp\/v2\/product_tag?post=26838"}],"curies":[{"name":"wp","href":"https:\/\/api.w.org\/{rel}","templated":true}]}}