{"id":26837,"date":"2025-02-20T22:28:30","date_gmt":"2025-02-20T22:28:30","guid":{"rendered":"http:\/\/olemosaic.com\/producto\/bola-de-navidad-con-caja-panoramica-barcelona-blanco\/"},"modified":"2025-07-25T18:47:07","modified_gmt":"2025-07-25T16:47:07","slug":"bola-de-natal-com-caixa-panoramica-barcelona-branco","status":"publish","type":"product","link":"https:\/\/olemosaic.com\/pt-pt\/produto\/bola-de-natal-com-caixa-panoramica-barcelona-branco\/","title":{"rendered":"Bola de Natal com caixa. Panor\u00e2mica. Barcelona. Branco"},"content":{"rendered":"<p>Esta bola de Natal decorativa com design panor\u00e2mico de Barcelona \u00e9 o souvenir perfeito para quem deseja levar um pedacinho da encantadora cidade catal\u00e3. Elaborada em cer\u00e2mica branca, a bola apresenta um vibrante mosaico de cores inspirado na famosa obra de Antoni Gaud\u00ed no Parque G\u00fcell, uma das principais atra\u00e7\u00f5es tur\u00edsticas de Barcelona. O design captura a ess\u00eancia da cidade, mostrando n\u00e3o s\u00f3 o famoso drag\u00e3o de mosaico, mas tamb\u00e9m elementos caracter\u00edsticos como edif\u00edcios e detalhes arquitet\u00f3nicos que evocam a criatividade e o brilho da capital catal\u00e3. A inclus\u00e3o da inscri\u00e7\u00e3o &#8220;Barcelona&#8221; em letras destacadas confere um contorno visual apelativo, enquanto o la\u00e7o roxo que a adorna lhe confere um toque festivo e elegante. Esta bola, apresentada numa atraente caixa, n\u00e3o \u00e9 apenas um adorno para a \u00e1rvore de Natal, mas tamb\u00e9m uma recorda\u00e7\u00e3o aut\u00eantica que liga os turistas \u00e0 rica cultura e arquitetura de Barcelona. Na Ol\u00e9 Mosaic, compreendemos a import\u00e2ncia de oferecer souvenirs \u00fanicos; esta bola de Natal \u00e9 uma excelente op\u00e7\u00e3o para lojas de presentes tur\u00edsticos que procuram produtos de qualidade com encanto cultural. Como distribuidores de souvenirs, garantimos que cada pe\u00e7a, incluindo esta bola decorativa, reflita a heran\u00e7a e a magia dos lugares que representa.<\/p>\n","protected":false},"excerpt":{"rendered":"<p>Bola de Natal decorativa com um design panor\u00e2mico de Barcelona, elaborada em cer\u00e2mica branca. Apresenta uma vibrante ilustra\u00e7\u00e3o do famoso mosaico de cores do Parque G\u00fcell, rodeado de elementos emblem\u00e1ticos da cidade. A bola inclui a inscri\u00e7\u00e3o &#8220;Barcelona&#8221; em letras destacadas, adornada com um la\u00e7o roxo. Ideal para adicionar um toque de magia natal\u00edcia e um pedacinho da ess\u00eancia barcelonesa \u00e0 sua \u00e1rvore.<\/p>\n","protected":false},"featured_media":9753,"template":"","meta":{"_acf_changed":false},"product_brand":[],"product_cat":[652],"product_tag":[642],"class_list":{"0":"post-26837","1":"product","2":"type-product","3":"status-publish","4":"has-post-thumbnail","6":"product_cat-bolas-de-natal","7":"product_tag-natal","8":"pa_ciudad-barcelona","9":"pa_motivo-panoramas","10":"pa_pais-espana","12":"first","13":"instock","14":"shipping-taxable","15":"product-type-simple"},"acf":[],"_links":{"self":[{"href":"https:\/\/olemosaic.com\/pt-pt\/wp-json\/wp\/v2\/product\/26837","targetHints":{"allow":["GET"]}}],"collection":[{"href":"https:\/\/olemosaic.com\/pt-pt\/wp-json\/wp\/v2\/product"}],"about":[{"href":"https:\/\/olemosaic.com\/pt-pt\/wp-json\/wp\/v2\/types\/product"}],"wp:featuredmedia":[{"embeddable":true,"href":"https:\/\/olemosaic.com\/pt-pt\/wp-json\/wp\/v2\/media\/9753"}],"wp:attachment":[{"href":"https:\/\/olemosaic.com\/pt-pt\/wp-json\/wp\/v2\/media?parent=26837"}],"wp:term":[{"taxonomy":"product_brand","embeddable":true,"href":"https:\/\/olemosaic.com\/pt-pt\/wp-json\/wp\/v2\/product_brand?post=26837"},{"taxonomy":"product_cat","embeddable":true,"href":"https:\/\/olemosaic.com\/pt-pt\/wp-json\/wp\/v2\/product_cat?post=26837"},{"taxonomy":"product_tag","embeddable":true,"href":"https:\/\/olemosaic.com\/pt-pt\/wp-json\/wp\/v2\/product_tag?post=26837"}],"curies":[{"name":"wp","href":"https:\/\/api.w.org\/{rel}","templated":true}]}}