{"id":26836,"date":"2025-02-20T23:28:30","date_gmt":"2025-02-20T22:28:30","guid":{"rendered":"http:\/\/olemosaic.com\/producto\/bola-de-navidad-con-caja-toro\/"},"modified":"2025-07-25T18:49:08","modified_gmt":"2025-07-25T16:49:08","slug":"bola-de-natal-com-caixa-touro","status":"publish","type":"product","link":"https:\/\/olemosaic.com\/pt-pt\/produto\/bola-de-natal-com-caixa-touro\/","title":{"rendered":"Bola de Natal com caixa. Touro."},"content":{"rendered":"<p>Esta bola de Natal decorativa com design de touro \u00e9 uma emblem\u00e1tica recorda\u00e7\u00e3o que simboliza a rica cultura espanhola. Elaborada em cer\u00e2mica e apresentada numa elegante caixa, esta pe\u00e7a artesanal destaca-se pelo seu vibrante mosaico pintado \u00e0 m\u00e3o em tons vermelhos e amarelos. O touro, figura central da tradi\u00e7\u00e3o espanhola, est\u00e1 rodeado por uma encantadora paisagem floral que evoca a beleza e a diversidade dos campos espanh\u00f3is, com delicadas rosas vermelhas que conferem um toque rom\u00e2ntico e festivo.<\/p>\n<p>Com o seu caracter\u00edstico la\u00e7o vermelho, esta bola n\u00e3o \u00e9 apenas um adorno natal\u00edcio, mas tamb\u00e9m uma homenagem \u00e0 cultura do pa\u00eds, onde o touro representa hist\u00f3ria, arte e paix\u00e3o. Este design \u00e9 inspirado na tradi\u00e7\u00e3o do mosaico, uma arte que reflete a riqueza do folclore espanhol. Pendurar esta bola na \u00e1rvore de Natal oferece uma forma aut\u00eantica de celebrar as festas, recordando a vibrante estampa dos touros que deixaram marca na identidade nacional.<\/p>\n<p>Na Ol\u00e9 Mosaic, como distribuidores de souvenirs por grosso, oferecemos produtos que fundem artesanato e significado cultural, e esta bola de Natal \u00e9 uma excelente op\u00e7\u00e3o para lojas de presentes tur\u00edsticos que procuram aut\u00eanticas express\u00f5es da cultura espanhola. Ideal para quem procura uma recorda\u00e7\u00e3o \u00fanica e representativa, este adorno natal\u00edcio \u00e9 uma forma perfeita de levar um pedacinho de Espanha para casa.<\/p>\n","protected":false},"excerpt":{"rendered":"<p>Bola de Natal decorativa com um design de touro, s\u00edmbolo da rica cultura espanhola. Este adorno, elaborado em cer\u00e2mica e apresentado numa elegante caixa, destaca-se pelo seu vibrante mosaico de design artesanal, pintado \u00e0 m\u00e3o, em tons vermelhos e amarelos, rodeado por uma paisagem floral. Com detalhes distintivos e um la\u00e7o vermelho, \u00e9 uma pe\u00e7a ideal para dar um toque festivo e aut\u00eantico \u00e0 sua \u00e1rvore de Natal, evocando a tradi\u00e7\u00e3o e o folclore espanhol.<\/p>\n","protected":false},"featured_media":9752,"template":"","meta":{"_acf_changed":false},"product_brand":[],"product_cat":[652],"product_tag":[516,642],"class_list":{"0":"post-26836","1":"product","2":"type-product","3":"status-publish","4":"has-post-thumbnail","6":"product_cat-bolas-de-natal","7":"product_tag-animais","8":"product_tag-natal","9":"pa_motivo-touros","11":"first","12":"instock","13":"shipping-taxable","14":"product-type-simple"},"acf":[],"_links":{"self":[{"href":"https:\/\/olemosaic.com\/pt-pt\/wp-json\/wp\/v2\/product\/26836","targetHints":{"allow":["GET"]}}],"collection":[{"href":"https:\/\/olemosaic.com\/pt-pt\/wp-json\/wp\/v2\/product"}],"about":[{"href":"https:\/\/olemosaic.com\/pt-pt\/wp-json\/wp\/v2\/types\/product"}],"wp:featuredmedia":[{"embeddable":true,"href":"https:\/\/olemosaic.com\/pt-pt\/wp-json\/wp\/v2\/media\/9752"}],"wp:attachment":[{"href":"https:\/\/olemosaic.com\/pt-pt\/wp-json\/wp\/v2\/media?parent=26836"}],"wp:term":[{"taxonomy":"product_brand","embeddable":true,"href":"https:\/\/olemosaic.com\/pt-pt\/wp-json\/wp\/v2\/product_brand?post=26836"},{"taxonomy":"product_cat","embeddable":true,"href":"https:\/\/olemosaic.com\/pt-pt\/wp-json\/wp\/v2\/product_cat?post=26836"},{"taxonomy":"product_tag","embeddable":true,"href":"https:\/\/olemosaic.com\/pt-pt\/wp-json\/wp\/v2\/product_tag?post=26836"}],"curies":[{"name":"wp","href":"https:\/\/api.w.org\/{rel}","templated":true}]}}