{"id":26835,"date":"2025-02-20T22:28:30","date_gmt":"2025-02-20T22:28:30","guid":{"rendered":"http:\/\/olemosaic.com\/producto\/bola-de-navidad-con-caja-salamandra-barcelona\/"},"modified":"2025-07-25T20:00:07","modified_gmt":"2025-07-25T18:00:07","slug":"bola-de-natal-com-caixa-salamandra-barcelona","status":"publish","type":"product","link":"https:\/\/olemosaic.com\/pt-pt\/produto\/bola-de-natal-com-caixa-salamandra-barcelona\/","title":{"rendered":"Bola de Natal com caixa. Salamandra. Barcelona."},"content":{"rendered":"<p>Esta bola de Natal decorativa com design de salamandra encapsula a ess\u00eancia de Barcelona gra\u00e7as \u00e0 sua vibrante est\u00e9tica, inspirada no famoso trencad\u00eds do c\u00e9lebre arquiteto Antoni Gaud\u00ed. Elaborada em cer\u00e2mica de alta qualidade, esta pe\u00e7a singular n\u00e3o \u00e9 apenas um adorno natal\u00edcio, mas uma aut\u00eantica homenagem \u00e0 rica cultura e \u00e0 arte da cidade. A bola apresenta um cativante fundo que simula os mosaicos caracter\u00edsticos de Gaud\u00ed, complementado com coloridos motivos de salamandras e flores que evocam a liga\u00e7\u00e3o da cidade com a natureza e a criatividade art\u00edstica.<\/p>\n<p>Com um design cuidado e detalhes meticulosamente elaborados, esta bola \u00e9 perfeita para adornar a \u00e1rvore de Natal com um toque cultural distintivo. A sua apresenta\u00e7\u00e3o inclui uma caixa elegante, o que a torna um presente ideal para amigos e familiares que desejem levar um peda\u00e7o de Barcelona para casa. Um la\u00e7o vermelho adorna a parte superior, adicionando um toque festivo que real\u00e7a o seu apelo visual.<\/p>\n<p>Como souvenir de Barcelona, esta pe\u00e7a representa n\u00e3o apenas uma recorda\u00e7\u00e3o visual da cidade, mas tamb\u00e9m a sua rica heran\u00e7a art\u00edstica. Na Ol\u00e9 Mosaic, somos distribuidores de souvenirs aut\u00eanticos e representativos, e esta bola de Natal \u00e9 uma op\u00e7\u00e3o excecional para lojas de presentes tur\u00edsticos que procuram oferecer produtos de qualidade que celebrem a cultura local. Este artigo n\u00e3o s\u00f3 embelezar\u00e1 qualquer casa durante as festividades, como tamb\u00e9m recordar\u00e1 ao seu dono o esplendor de Barcelona num momento especial do ano.<\/p>\n","protected":false},"excerpt":{"rendered":"<p>Bola de Natal decorativa com design de salamandra, inspirada no famoso trencad\u00eds barcelon\u00eas. Elaborada em cer\u00e2mica, esta bola apresenta coloridos motivos de salamandras e flores sobre um fundo que simula os mosaicos caracter\u00edsticos de Gaud\u00ed. A pe\u00e7a inclui uma caixa, ideal para presente, e est\u00e1 adornada com um la\u00e7o vermelho que lhe d\u00e1 um toque festivo. Perfeita para decorar a \u00e1rvore de Natal com um toque cultural.<\/p>\n","protected":false},"featured_media":9769,"template":"","meta":{"_acf_changed":false},"product_brand":[],"product_cat":[652],"product_tag":[516,642],"class_list":{"0":"post-26835","1":"product","2":"type-product","3":"status-publish","4":"has-post-thumbnail","6":"product_cat-bolas-de-natal","7":"product_tag-animais","8":"product_tag-natal","9":"pa_ciudad-barcelona","10":"pa_motivo-salamandras","11":"pa_pais-espana","13":"first","14":"instock","15":"shipping-taxable","16":"product-type-simple"},"acf":[],"_links":{"self":[{"href":"https:\/\/olemosaic.com\/pt-pt\/wp-json\/wp\/v2\/product\/26835","targetHints":{"allow":["GET"]}}],"collection":[{"href":"https:\/\/olemosaic.com\/pt-pt\/wp-json\/wp\/v2\/product"}],"about":[{"href":"https:\/\/olemosaic.com\/pt-pt\/wp-json\/wp\/v2\/types\/product"}],"wp:featuredmedia":[{"embeddable":true,"href":"https:\/\/olemosaic.com\/pt-pt\/wp-json\/wp\/v2\/media\/9769"}],"wp:attachment":[{"href":"https:\/\/olemosaic.com\/pt-pt\/wp-json\/wp\/v2\/media?parent=26835"}],"wp:term":[{"taxonomy":"product_brand","embeddable":true,"href":"https:\/\/olemosaic.com\/pt-pt\/wp-json\/wp\/v2\/product_brand?post=26835"},{"taxonomy":"product_cat","embeddable":true,"href":"https:\/\/olemosaic.com\/pt-pt\/wp-json\/wp\/v2\/product_cat?post=26835"},{"taxonomy":"product_tag","embeddable":true,"href":"https:\/\/olemosaic.com\/pt-pt\/wp-json\/wp\/v2\/product_tag?post=26835"}],"curies":[{"name":"wp","href":"https:\/\/api.w.org\/{rel}","templated":true}]}}