{"id":26834,"date":"2025-02-20T22:28:29","date_gmt":"2025-02-20T22:28:29","guid":{"rendered":"http:\/\/olemosaic.com\/producto\/bola-de-navidad-con-caja-mariposa-barcelona\/"},"modified":"2025-07-25T18:46:17","modified_gmt":"2025-07-25T16:46:17","slug":"bola-de-natal-com-caixa-borboleta-barcelona","status":"publish","type":"product","link":"https:\/\/olemosaic.com\/pt-pt\/produto\/bola-de-natal-com-caixa-borboleta-barcelona\/","title":{"rendered":"Bola de Natal com caixa. Borboleta. Barcelona."},"content":{"rendered":"<p>Esta bola de Natal decorativa com design de borboletas \u00e9 uma encantadora recorda\u00e7\u00e3o de Barcelona que capta a vibrante cultura e o rico patrim\u00f3nio art\u00edstico da cidade. Elaborada em cer\u00e2mica de alta qualidade, esta pe\u00e7a destaca-se pela sua frescura e colorido, apresentando borboletas em tons azuis, rosas e amarelos que dan\u00e7am sobre um fundo branco, adornado com motivos que evocam o famoso trencad\u00eds de Gaud\u00ed. Este estilo de mosaico, caracter\u00edstico da arquitetura barcelonesa, traduz-se magnificamente no design da bola, oferecendo uma liga\u00e7\u00e3o visual com os impressionantes edif\u00edcios da cidade.<\/p>\n<p>A inscri\u00e7\u00e3o &#8220;Barcelona&#8221; na parte frontal da bola acrescenta um toque distintivo e reconhec\u00edvel, recordando a cada observador a ess\u00eancia desta ic\u00f3nica cidade mediterr\u00e2nica. Al\u00e9m disso, a bola \u00e9 apresentada numa elegante caixa, o que a torna um presente perfeito para quem procura levar um peda\u00e7o desta bela cidade em cada celebra\u00e7\u00e3o natal\u00edcia. Esta recorda\u00e7\u00e3o n\u00e3o \u00e9 apenas um adorno festivo, mas tamb\u00e9m um elemento representativo que real\u00e7a a autenticidade e a arte de Barcelona, ideal para turistas que desejam conservar um fragmento da sua experi\u00eancia. Na Ol\u00e9 Mosaic, oferecemos produtos aut\u00eanticos e culturalmente relevantes, fazendo desta bola de Natal um artigo de destaque para qualquer loja de presentes tur\u00edsticos que procure oferecer recorda\u00e7\u00f5es de qualidade.<\/p>\n","protected":false},"excerpt":{"rendered":"<p>Bola de Natal decorativa com design de borboletas, inspirada na vibrante cultura de Barcelona. Elaborada em cer\u00e2mica, esta bola destaca-se pelo seu colorido e frescura, com borboletas em tons azuis, rosas e amarelos sobre um fundo branco com motivos que evocam o trencad\u00eds caracter\u00edstico de Gaud\u00ed. Inclui uma elegante caixa, o que a torna um presente ideal. O texto &#8220;Barcelona&#8221; acrescenta um toque distintivo, recordando a ess\u00eancia desta ic\u00f3nica cidade.<\/p>\n","protected":false},"featured_media":9768,"template":"","meta":{"_acf_changed":false},"product_brand":[],"product_cat":[652],"product_tag":[516,642],"class_list":{"0":"post-26834","1":"product","2":"type-product","3":"status-publish","4":"has-post-thumbnail","6":"product_cat-bolas-de-natal","7":"product_tag-animais","8":"product_tag-natal","9":"pa_ciudad-barcelona","10":"pa_motivo-borboletas","11":"pa_pais-espana","13":"first","14":"instock","15":"shipping-taxable","16":"product-type-simple"},"acf":[],"_links":{"self":[{"href":"https:\/\/olemosaic.com\/pt-pt\/wp-json\/wp\/v2\/product\/26834","targetHints":{"allow":["GET"]}}],"collection":[{"href":"https:\/\/olemosaic.com\/pt-pt\/wp-json\/wp\/v2\/product"}],"about":[{"href":"https:\/\/olemosaic.com\/pt-pt\/wp-json\/wp\/v2\/types\/product"}],"wp:featuredmedia":[{"embeddable":true,"href":"https:\/\/olemosaic.com\/pt-pt\/wp-json\/wp\/v2\/media\/9768"}],"wp:attachment":[{"href":"https:\/\/olemosaic.com\/pt-pt\/wp-json\/wp\/v2\/media?parent=26834"}],"wp:term":[{"taxonomy":"product_brand","embeddable":true,"href":"https:\/\/olemosaic.com\/pt-pt\/wp-json\/wp\/v2\/product_brand?post=26834"},{"taxonomy":"product_cat","embeddable":true,"href":"https:\/\/olemosaic.com\/pt-pt\/wp-json\/wp\/v2\/product_cat?post=26834"},{"taxonomy":"product_tag","embeddable":true,"href":"https:\/\/olemosaic.com\/pt-pt\/wp-json\/wp\/v2\/product_tag?post=26834"}],"curies":[{"name":"wp","href":"https:\/\/api.w.org\/{rel}","templated":true}]}}