{"id":26833,"date":"2025-02-20T22:28:29","date_gmt":"2025-02-20T22:28:29","guid":{"rendered":"http:\/\/olemosaic.com\/producto\/bola-de-navidad-con-caja-delfin\/"},"modified":"2025-07-25T18:47:11","modified_gmt":"2025-07-25T16:47:11","slug":"bola-de-natal-com-caixa-golfinho","status":"publish","type":"product","link":"https:\/\/olemosaic.com\/pt-pt\/produto\/bola-de-natal-com-caixa-golfinho\/","title":{"rendered":"Bola de Natal com caixa. Golfinho."},"content":{"rendered":"<p>Esta bola de Natal decorativa com design de golfinhos \u00e9 uma pe\u00e7a preciosa que capta a ess\u00eancia do mar, perfeita para quem procura um toque vibrante na sua decora\u00e7\u00e3o natal\u00edcia. Apresentada numa caixa elegante, o adorno destaca-se pelo seu design colorido que mostra golfinhos numa explos\u00e3o de tons azuis, amarelos e vermelhos, nadando alegremente entre exuberantes plantas marinhas. Fabricada com um material duradouro, esta bola n\u00e3o \u00e9 apenas um adorno, mas um s\u00edmbolo da alegria e da festividade da \u00e9poca natal\u00edcia.<\/p>\n<p>O design art\u00edstico apresenta formas fluidas e um acabamento brilhante, que evocam a sensa\u00e7\u00e3o de movimento e frescura do oceano. Os golfinhos, conhecidos pela sua intelig\u00eancia e sociabilidade, acrescentam um elemento de alegria e liga\u00e7\u00e3o com a natureza, o que a torna um presente ideal para os amantes da paisagem e da vida marinha. Esta recorda\u00e7\u00e3o \u00e9 emblem\u00e1tica da cultura costeira, representando o legado e a beleza natural que se encontram em muitas regi\u00f5es mar\u00edtimas.<\/p>\n<p>Na Ol\u00e9 Mosaic, distribu\u00edmos souvenirs por grosso e esta bola de Natal \u00e9 uma excelente op\u00e7\u00e3o para lojas de presentes tur\u00edsticos que procurem produtos aut\u00eanticos e com significado cultural. A bola decorativa n\u00e3o s\u00f3 servir\u00e1 como uma recorda\u00e7\u00e3o encantadora do Natal, mas tamb\u00e9m das maravilhas do oceano, tornando-se uma recorda\u00e7\u00e3o perfeita para quem deseje levar um peda\u00e7o da experi\u00eancia mar\u00edtima para casa.<\/p>\n","protected":false},"excerpt":{"rendered":"<p>Bola de Natal decorativa com design de golfinhos, apresentada numa elegante caixa. Este adorno colorido e vibrante reflete a ess\u00eancia do mar, mostrando golfinhos em tons azuis, amarelos e vermelhos a nadar entre plantas marinhas. Fabricada com material duradouro, esta bola capta a alegria natal\u00edcia com um design art\u00edstico que se destaca pelas suas formas fluidas e pelo seu acabamento brilhante. Um presente ideal para adicionar um toque mar\u00edtimo \u00e0 decora\u00e7\u00e3o natal\u00edcia.<\/p>\n","protected":false},"featured_media":9835,"template":"","meta":{"_acf_changed":false},"product_brand":[],"product_cat":[652],"product_tag":[516,642],"class_list":{"0":"post-26833","1":"product","2":"type-product","3":"status-publish","4":"has-post-thumbnail","6":"product_cat-bolas-de-natal","7":"product_tag-animais","8":"product_tag-natal","9":"pa_motivo-golfinhos","11":"first","12":"instock","13":"shipping-taxable","14":"product-type-simple"},"acf":[],"_links":{"self":[{"href":"https:\/\/olemosaic.com\/pt-pt\/wp-json\/wp\/v2\/product\/26833","targetHints":{"allow":["GET"]}}],"collection":[{"href":"https:\/\/olemosaic.com\/pt-pt\/wp-json\/wp\/v2\/product"}],"about":[{"href":"https:\/\/olemosaic.com\/pt-pt\/wp-json\/wp\/v2\/types\/product"}],"wp:featuredmedia":[{"embeddable":true,"href":"https:\/\/olemosaic.com\/pt-pt\/wp-json\/wp\/v2\/media\/9835"}],"wp:attachment":[{"href":"https:\/\/olemosaic.com\/pt-pt\/wp-json\/wp\/v2\/media?parent=26833"}],"wp:term":[{"taxonomy":"product_brand","embeddable":true,"href":"https:\/\/olemosaic.com\/pt-pt\/wp-json\/wp\/v2\/product_brand?post=26833"},{"taxonomy":"product_cat","embeddable":true,"href":"https:\/\/olemosaic.com\/pt-pt\/wp-json\/wp\/v2\/product_cat?post=26833"},{"taxonomy":"product_tag","embeddable":true,"href":"https:\/\/olemosaic.com\/pt-pt\/wp-json\/wp\/v2\/product_tag?post=26833"}],"curies":[{"name":"wp","href":"https:\/\/api.w.org\/{rel}","templated":true}]}}