{"id":26832,"date":"2025-02-20T22:28:29","date_gmt":"2025-02-20T22:28:29","guid":{"rendered":"http:\/\/olemosaic.com\/producto\/bola-de-navidad-con-caja-salamandra\/"},"modified":"2025-07-25T19:49:22","modified_gmt":"2025-07-25T17:49:22","slug":"bola-de-natal-com-caixa-salamandra","status":"publish","type":"product","link":"https:\/\/olemosaic.com\/pt-pt\/produto\/bola-de-natal-com-caixa-salamandra\/","title":{"rendered":"Bola de Natal com caixa. Salamandra."},"content":{"rendered":"<p>Esta bola de Natal decorativa com caixa, inspirada na salamandra, \u00e9 uma pe\u00e7a que celebra a rica tradi\u00e7\u00e3o cultural de Espanha, perfeita para adornar qualquer \u00e1rvore natal\u00edcia. Com um design vibrante, a ornamenta\u00e7\u00e3o apresenta salamandras multicoloridas que dan\u00e7am sobre um fundo branco de trencad\u00eds, evocando a obra-prima de Antoni Gaud\u00ed e o seu emblem\u00e1tico estilo de mosaicos. A brilhante paleta de cores, que combina verdes, azuis, vermelhos e amarelos, n\u00e3o s\u00f3 acrescenta um toque festivo, como tamb\u00e9m capta a ess\u00eancia da flora e fauna vibrantes da regi\u00e3o.<\/p>\n<p>Cada detalhe na representa\u00e7\u00e3o da salamandra \u00e9 uma fiel interpreta\u00e7\u00e3o da liga\u00e7\u00e3o simb\u00f3lica que este animal tem na cultura espanhola, onde \u00e9 associado \u00e0 prote\u00e7\u00e3o e ao renascer. A bola \u00e9 apresentada numa elegante caixa que n\u00e3o s\u00f3 protege a ornamenta\u00e7\u00e3o, como tamb\u00e9m a torna um presente ideal para as festividades. Este souvenir de Espanha \u00e9 uma excelente op\u00e7\u00e3o para os turistas que procuram uma representa\u00e7\u00e3o aut\u00eantica e art\u00edstica da cultura local.<\/p>\n<p>Na Ol\u00e9 Mosaic, especializamo-nos na distribui\u00e7\u00e3o de produtos por grosso, e esta bola de Natal \u00e9 um artigo distintivo que atrair\u00e1 as lojas de presentes tur\u00edsticos que desejem oferecer produtos aut\u00eanticos. Ao procurar souvenirs de ornamenta\u00e7\u00e3o, este artigo torna-se uma escolha ideal para quem quer levar um pedacinho da tradi\u00e7\u00e3o espanhola para casa.<\/p>\n","protected":false},"excerpt":{"rendered":"<p>Bola de Natal decorativa com caixa, inspirada na salamandra, s\u00edmbolo da tradi\u00e7\u00e3o cultural espanhola. Este adorno apresenta um design vibrante com salamandras multicoloridas sobre um fundo branco de trencad\u00eds, evocando o estilo dos mosaicos de Gaud\u00ed. O produto, ideal para decorar qualquer \u00e1rvore natal\u00edcia, vem com uma elegante caixa que acrescenta um toque festivo e art\u00edstico \u00e0s celebra\u00e7\u00f5es.<\/p>\n","protected":false},"featured_media":9838,"template":"","meta":{"_acf_changed":false},"product_brand":[],"product_cat":[652],"product_tag":[516,642],"class_list":{"0":"post-26832","1":"product","2":"type-product","3":"status-publish","4":"has-post-thumbnail","6":"product_cat-bolas-de-natal","7":"product_tag-animais","8":"product_tag-natal","9":"pa_motivo-salamandras","11":"first","12":"instock","13":"shipping-taxable","14":"product-type-simple"},"acf":[],"_links":{"self":[{"href":"https:\/\/olemosaic.com\/pt-pt\/wp-json\/wp\/v2\/product\/26832","targetHints":{"allow":["GET"]}}],"collection":[{"href":"https:\/\/olemosaic.com\/pt-pt\/wp-json\/wp\/v2\/product"}],"about":[{"href":"https:\/\/olemosaic.com\/pt-pt\/wp-json\/wp\/v2\/types\/product"}],"wp:featuredmedia":[{"embeddable":true,"href":"https:\/\/olemosaic.com\/pt-pt\/wp-json\/wp\/v2\/media\/9838"}],"wp:attachment":[{"href":"https:\/\/olemosaic.com\/pt-pt\/wp-json\/wp\/v2\/media?parent=26832"}],"wp:term":[{"taxonomy":"product_brand","embeddable":true,"href":"https:\/\/olemosaic.com\/pt-pt\/wp-json\/wp\/v2\/product_brand?post=26832"},{"taxonomy":"product_cat","embeddable":true,"href":"https:\/\/olemosaic.com\/pt-pt\/wp-json\/wp\/v2\/product_cat?post=26832"},{"taxonomy":"product_tag","embeddable":true,"href":"https:\/\/olemosaic.com\/pt-pt\/wp-json\/wp\/v2\/product_tag?post=26832"}],"curies":[{"name":"wp","href":"https:\/\/api.w.org\/{rel}","templated":true}]}}