{"id":26831,"date":"2025-02-20T22:28:29","date_gmt":"2025-02-20T22:28:29","guid":{"rendered":"http:\/\/olemosaic.com\/producto\/bola-de-navidad-con-caja-panoramica-barcelona-multicolor-3\/"},"modified":"2025-07-25T19:56:41","modified_gmt":"2025-07-25T17:56:41","slug":"bola-de-natal-com-caixa-panoramica-barcelona-multicolor-3","status":"publish","type":"product","link":"https:\/\/olemosaic.com\/pt-pt\/produto\/bola-de-natal-com-caixa-panoramica-barcelona-multicolor-3\/","title":{"rendered":"Bola de Natal com caixa. Panor\u00e2mica. Barcelona. Multicolor"},"content":{"rendered":"<p>Esta bola de Natal decorativa com caixa apresenta uma colorida panor\u00e2mica de Barcelona, tornando-a uma aut\u00eantica homenagem \u00e0 beleza e singularidade desta emblem\u00e1tica cidade. Fabricada em cer\u00e2mica de alta qualidade, a bola destaca-se pelo seu design vibrante, que capta a ess\u00eancia do modernismo catal\u00e3o, com a ic\u00f3nica Sagrada Fam\u00edlia como protagonista. Rodeada de mosaicos multicoloridos, cada detalhe da ilustra\u00e7\u00e3o reflete a criatividade e o engenho arquitet\u00f3nico de Antoni Gaud\u00ed, o que a torna a recorda\u00e7\u00e3o perfeita para quem deseja recordar a sua visita a Barcelona.<\/p>\n<p>A combina\u00e7\u00e3o de cores vivas e a aten\u00e7\u00e3o ao detalhe fazem desta bola decorativa uma pe\u00e7a central para qualquer \u00e1rvore de Natal, conferindo um toque festivo e cultural \u00e0 decora\u00e7\u00e3o durante a \u00e9poca. Complementada com um la\u00e7o roxo, acrescenta um toque de eleg\u00e2ncia e alegria. Este adorno n\u00e3o s\u00f3 embeleza a casa durante as festas, como tamb\u00e9m se torna uma recorda\u00e7\u00e3o memor\u00e1vel da riqueza cultural de Barcelona, ideal para turistas que procuram souvenirs aut\u00eanticos da sua experi\u00eancia.<\/p>\n<p>Na Ol\u00e9 Mosaic, especializamo-nos na distribui\u00e7\u00e3o de souvenirs por grosso, e esta bola de Natal \u00e9 uma excelente op\u00e7\u00e3o para lojas de presentes tur\u00edsticos que procuram produtos representativos e de qualidade. Com esta bola de Natal de Barcelona, garantimos uma recorda\u00e7\u00e3o aut\u00eantica que celebra o patrim\u00f3nio cultural espanhol, perfeito para quem deseje levar um peda\u00e7o da cidade consigo.<\/p>\n","protected":false},"excerpt":{"rendered":"<p>Bola de Natal decorativa com caixa, que apresenta uma colorida panor\u00e2mica de Barcelona. Este adorno, feito de cer\u00e2mica, destaca-se pelo seu design vibrante, que inclui a famosa Sagrada Fam\u00edlia rodeada de mosaicos multicoloridos. A bola \u00e9 uma homenagem \u00e0 arquitetura modernista da cidade e \u00e9 adornada com a palavra &#8220;Barcelona&#8221;. \u00c9 complementada com um la\u00e7o roxo, que lhe d\u00e1 um toque festivo ideal para a \u00e1rvore de Natal.<\/p>\n","protected":false},"featured_media":9758,"template":"","meta":{"_acf_changed":false},"product_brand":[],"product_cat":[652],"product_tag":[642],"class_list":{"0":"post-26831","1":"product","2":"type-product","3":"status-publish","4":"has-post-thumbnail","6":"product_cat-bolas-de-natal","7":"product_tag-natal","8":"pa_ciudad-barcelona","9":"pa_motivo-panoramas","10":"pa_pais-espana","12":"first","13":"instock","14":"shipping-taxable","15":"product-type-simple"},"acf":[],"_links":{"self":[{"href":"https:\/\/olemosaic.com\/pt-pt\/wp-json\/wp\/v2\/product\/26831","targetHints":{"allow":["GET"]}}],"collection":[{"href":"https:\/\/olemosaic.com\/pt-pt\/wp-json\/wp\/v2\/product"}],"about":[{"href":"https:\/\/olemosaic.com\/pt-pt\/wp-json\/wp\/v2\/types\/product"}],"wp:featuredmedia":[{"embeddable":true,"href":"https:\/\/olemosaic.com\/pt-pt\/wp-json\/wp\/v2\/media\/9758"}],"wp:attachment":[{"href":"https:\/\/olemosaic.com\/pt-pt\/wp-json\/wp\/v2\/media?parent=26831"}],"wp:term":[{"taxonomy":"product_brand","embeddable":true,"href":"https:\/\/olemosaic.com\/pt-pt\/wp-json\/wp\/v2\/product_brand?post=26831"},{"taxonomy":"product_cat","embeddable":true,"href":"https:\/\/olemosaic.com\/pt-pt\/wp-json\/wp\/v2\/product_cat?post=26831"},{"taxonomy":"product_tag","embeddable":true,"href":"https:\/\/olemosaic.com\/pt-pt\/wp-json\/wp\/v2\/product_tag?post=26831"}],"curies":[{"name":"wp","href":"https:\/\/api.w.org\/{rel}","templated":true}]}}