{"id":26830,"date":"2025-02-20T22:28:29","date_gmt":"2025-02-20T22:28:29","guid":{"rendered":"http:\/\/olemosaic.com\/producto\/bola-de-navidad-con-caja-panoramica-sevilla\/"},"modified":"2025-07-25T18:35:54","modified_gmt":"2025-07-25T16:35:54","slug":"bola-de-natal-com-caixa-panoramica-sevilha","status":"publish","type":"product","link":"https:\/\/olemosaic.com\/pt-pt\/produto\/bola-de-natal-com-caixa-panoramica-sevilha\/","title":{"rendered":"Bola de Natal com caixa. Panor\u00e2mica. Sevilha."},"content":{"rendered":"<p>Esta bola de Natal decorativa com caixa \u00e9 uma excelente recorda\u00e7\u00e3o de Sevilha, concebida para captar a ess\u00eancia festiva e cultural da cidade andaluza. Apresenta uma encantadora panor\u00e2mica que destaca a arquitetura t\u00edpica sevilhana, onde se apreciam detalhes vibrantes de um belo edif\u00edcio adornado com palmeiras, tudo emoldurado por um padr\u00e3o de mosaicos em tons azuis e terra que evoca a rica tradi\u00e7\u00e3o art\u00edstica da regi\u00e3o. A bola \u00e9 rematada com um delicado la\u00e7o roxo, o que acrescenta um toque elegante e festivo, perfeito para decorar a sua \u00e1rvore de Natal.<\/p>\n<p>Este adorno n\u00e3o \u00e9 apenas um elemento decorativo, mas tamb\u00e9m se torna uma valiosa recorda\u00e7\u00e3o cultural que relembra a sua visita a Sevilha. O seu design vibrante \u00e9 ideal para os turistas que procuram recorda\u00e7\u00f5es aut\u00eanticas que reflitam a beleza e a hist\u00f3ria do lugar, o que a torna uma op\u00e7\u00e3o perfeita para as lojas de presentes tur\u00edsticos que desejam oferecer produtos representativos da Andaluzia. Na Ol\u00e9 Mosaic, especializada na distribui\u00e7\u00e3o de recorda\u00e7\u00f5es por grosso, garantimos a autenticidade e qualidade de cada pe\u00e7a. Esta bola de Natal \u00e9 um presente ideal para quem quer levar um pedacinho de Sevilha e partilhar a maravilha cultural da regi\u00e3o durante a \u00e9poca natal\u00edcia.<\/p>\n","protected":false},"excerpt":{"rendered":"<p>Bola de Natal decorativa com caixa, ilustrada com uma encantadora panor\u00e2mica de Sevilha. Este adorno festivo apresenta um design vibrante que destaca a arquitetura andaluza, com detalhes de um edif\u00edcio emblem\u00e1tico e palmeiras, rodeado de um padr\u00e3o de mosaicos em tons azuis e ocres. A bola \u00e9 adornada com um la\u00e7o roxo, perfeita para adicionar um toque natal\u00edcio e cultural \u00e0 sua \u00e1rvore. Ideal como recorda\u00e7\u00e3o de Sevilha.<\/p>\n","protected":false},"featured_media":9859,"template":"","meta":{"_acf_changed":false},"product_brand":[],"product_cat":[652],"product_tag":[642],"class_list":{"0":"post-26830","1":"product","2":"type-product","3":"status-publish","4":"has-post-thumbnail","6":"product_cat-bolas-de-natal","7":"product_tag-natal","8":"pa_ciudad-sevilla","9":"pa_motivo-panoramas","10":"pa_pais-espana","12":"first","13":"instock","14":"shipping-taxable","15":"product-type-simple"},"acf":[],"_links":{"self":[{"href":"https:\/\/olemosaic.com\/pt-pt\/wp-json\/wp\/v2\/product\/26830","targetHints":{"allow":["GET"]}}],"collection":[{"href":"https:\/\/olemosaic.com\/pt-pt\/wp-json\/wp\/v2\/product"}],"about":[{"href":"https:\/\/olemosaic.com\/pt-pt\/wp-json\/wp\/v2\/types\/product"}],"wp:featuredmedia":[{"embeddable":true,"href":"https:\/\/olemosaic.com\/pt-pt\/wp-json\/wp\/v2\/media\/9859"}],"wp:attachment":[{"href":"https:\/\/olemosaic.com\/pt-pt\/wp-json\/wp\/v2\/media?parent=26830"}],"wp:term":[{"taxonomy":"product_brand","embeddable":true,"href":"https:\/\/olemosaic.com\/pt-pt\/wp-json\/wp\/v2\/product_brand?post=26830"},{"taxonomy":"product_cat","embeddable":true,"href":"https:\/\/olemosaic.com\/pt-pt\/wp-json\/wp\/v2\/product_cat?post=26830"},{"taxonomy":"product_tag","embeddable":true,"href":"https:\/\/olemosaic.com\/pt-pt\/wp-json\/wp\/v2\/product_tag?post=26830"}],"curies":[{"name":"wp","href":"https:\/\/api.w.org\/{rel}","templated":true}]}}