{"id":26792,"date":"2025-02-20T23:28:29","date_gmt":"2025-02-20T22:28:29","guid":{"rendered":"http:\/\/olemosaic.com\/producto\/bola-de-navidad-con-caja-panoramica-barcelona-2\/"},"modified":"2025-07-25T18:41:35","modified_gmt":"2025-07-25T16:41:35","slug":"bola-de-natal-com-caixa-panoramica-sagrada-familia-barcelona","status":"publish","type":"product","link":"https:\/\/olemosaic.com\/pt-pt\/produto\/bola-de-natal-com-caixa-panoramica-sagrada-familia-barcelona\/","title":{"rendered":"Bola de Natal com caixa. Panor\u00e2mica. Sagrada Fam\u00edlia. Barcelona. Espanha."},"content":{"rendered":"<p>Esta bola de Natal decorativa com a sua caixa \u00e9 uma recorda\u00e7\u00e3o evocativa de Barcelona, ideal para levar o esp\u00edrito festivo da capital catal\u00e3 a qualquer lar. Elaborada em cer\u00e2mica de alta qualidade, esta pe\u00e7a apresenta uma vibrante panor\u00e2mica da cidade, destacando a emblem\u00e1tica Sagrada Fam\u00edlia entre outros monumentos ic\u00f3nicos. O seu design colorido, emoldurado por um fundo de mosaico azul que recorda as obras de Gaud\u00ed, captura a ess\u00eancia art\u00edstica da arquitetura modernista barcelonesa. Pintada \u00e0 m\u00e3o com detalhes florais e um acabamento brilhante, cada bola \u00e9 \u00fanica e reflete a paix\u00e3o pela cultura catal\u00e3.<\/p>\n<p>O la\u00e7o rosa que adorna a bola n\u00e3o s\u00f3 facilita a sua exibi\u00e7\u00e3o na \u00e1rvore de Natal, como tamb\u00e9m adiciona um toque festivo e moderno, fazendo desta recorda\u00e7\u00e3o um presente perfeito para turistas e amantes de Barcelona. Como uma aut\u00eantica recorda\u00e7\u00e3o cultural, esta bola n\u00e3o s\u00f3 comemora as celebra\u00e7\u00f5es natal\u00edcias, como tamb\u00e9m presta homenagem \u00e0 rica hist\u00f3ria e beleza da cidade. Na Ol\u00e9 Mosaic, como distribuidores de lembran\u00e7as por grosso, esta bola de Natal \u00e9 uma excelente op\u00e7\u00e3o para lojas de presentes tur\u00edsticos que procuram produtos aut\u00eanticos de qualidade que representem a singularidade de Barcelona. Decorar a \u00e1rvore com esta pe\u00e7a \u00e9 uma forma de recordar e celebrar as tradi\u00e7\u00f5es e a cultura de uma das cidades mais vibrantes de Espanha.<\/p>\n","protected":false},"excerpt":{"rendered":"<p>Bola de Natal decorativa com caixa, que mostra uma vibrante panor\u00e2mica de Barcelona. Esta pe\u00e7a, elaborada em cer\u00e2mica, apresenta um design colorido com elementos ic\u00f3nicos como a Sagrada Fam\u00edlia e outros monumentos emblem\u00e1ticos da cidade. Decorada com um fundo de mosaico azul e motivos florais, \u00e9 um exemplar design artesanal, pintado \u00e0 m\u00e3o, que captura o esp\u00edrito festivo e cultural da capital catal\u00e3. Inclui um la\u00e7o rosa para pendur\u00e1-la na \u00e1rvore de Natal.<\/p>\n","protected":false},"featured_media":9842,"template":"","meta":{"_acf_changed":false},"product_brand":[],"product_cat":[652],"product_tag":[642],"class_list":{"0":"post-26792","1":"product","2":"type-product","3":"status-publish","4":"has-post-thumbnail","6":"product_cat-bolas-de-natal","7":"product_tag-natal","8":"pa_ciudad-barcelona","9":"pa_motivo-panoramas","10":"pa_pais-espana","12":"first","13":"instock","14":"shipping-taxable","15":"product-type-simple"},"acf":[],"_links":{"self":[{"href":"https:\/\/olemosaic.com\/pt-pt\/wp-json\/wp\/v2\/product\/26792","targetHints":{"allow":["GET"]}}],"collection":[{"href":"https:\/\/olemosaic.com\/pt-pt\/wp-json\/wp\/v2\/product"}],"about":[{"href":"https:\/\/olemosaic.com\/pt-pt\/wp-json\/wp\/v2\/types\/product"}],"wp:featuredmedia":[{"embeddable":true,"href":"https:\/\/olemosaic.com\/pt-pt\/wp-json\/wp\/v2\/media\/9842"}],"wp:attachment":[{"href":"https:\/\/olemosaic.com\/pt-pt\/wp-json\/wp\/v2\/media?parent=26792"}],"wp:term":[{"taxonomy":"product_brand","embeddable":true,"href":"https:\/\/olemosaic.com\/pt-pt\/wp-json\/wp\/v2\/product_brand?post=26792"},{"taxonomy":"product_cat","embeddable":true,"href":"https:\/\/olemosaic.com\/pt-pt\/wp-json\/wp\/v2\/product_cat?post=26792"},{"taxonomy":"product_tag","embeddable":true,"href":"https:\/\/olemosaic.com\/pt-pt\/wp-json\/wp\/v2\/product_tag?post=26792"}],"curies":[{"name":"wp","href":"https:\/\/api.w.org\/{rel}","templated":true}]}}