{"id":26791,"date":"2025-02-20T22:28:29","date_gmt":"2025-02-20T22:28:29","guid":{"rendered":"http:\/\/olemosaic.com\/producto\/bola-de-navidad-con-caja-panoramica-barcelona\/"},"modified":"2025-07-25T18:49:14","modified_gmt":"2025-07-25T16:49:14","slug":"bola-de-natal-com-caixa-panoramica-barcelona","status":"publish","type":"product","link":"https:\/\/olemosaic.com\/pt-pt\/produto\/bola-de-natal-com-caixa-panoramica-barcelona\/","title":{"rendered":"Bola de Natal com caixa. Panor\u00e2mica. Barcelona."},"content":{"rendered":"<p>Esta bola de Natal de cer\u00e2mica, apresentada numa elegante caixa, \u00e9 uma recorda\u00e7\u00e3o encantadora que captura a ess\u00eancia de Barcelona, uma cidade conhecida pela sua rica arquitetura e cultura vibrante. Decorada com uma panor\u00e2mica deslumbrante, a bola exibe ilustra\u00e7\u00f5es vibrantes de monumentos emblem\u00e1ticos como a majestosa Sagrada Fam\u00edlia e a ic\u00f3nica Casa Batll\u00f3, cujas formas org\u00e2nicas e detalhes fascinantes s\u00e3o admirados em todo o mundo. O fundo de mosaico colorido evoca o caracter\u00edstico estilo de Antoni Gaud\u00ed, famoso pela sua habilidade em fundir cor e forma em obras-primas arquitet\u00f3nicas que adornam a cidade condal.<\/p>\n<p>O design inclui um delicado la\u00e7o roxo que n\u00e3o s\u00f3 permite pendurar a bola com facilidade, como tamb\u00e9m adiciona um toque de eleg\u00e2ncia \u00e0 sua apresenta\u00e7\u00e3o, tornando-a um presente perfeito para as festividades. Esta lembran\u00e7a de Barcelona n\u00e3o \u00e9 apenas uma decora\u00e7\u00e3o natal\u00edcia, mas tamb\u00e9m um s\u00edmbolo cultural que real\u00e7a a liga\u00e7\u00e3o com a heran\u00e7a art\u00edstica da regi\u00e3o. Na Ol\u00e9 Mosaic, oferecemos esta bola como parte de uma cole\u00e7\u00e3o de lembran\u00e7as aut\u00eanticas que celebram as tradi\u00e7\u00f5es e a arte de Espanha, ideal para lojas de presentes tur\u00edsticos que procuram destacar produtos de qualidade com um contexto cultural significativo. Esta bola de Natal \u00e9 uma op\u00e7\u00e3o perfeita para turistas que desejam levar um peda\u00e7o da m\u00e1gica experi\u00eancia de Barcelona.<\/p>\n","protected":false},"excerpt":{"rendered":"<p>Bola de Natal de cer\u00e2mica apresentada numa elegante caixa, decorada com uma encantadora panor\u00e2mica de Barcelona. A bola mostra ilustra\u00e7\u00f5es vibrantes de monumentos emblem\u00e1ticos como a Sagrada Fam\u00edlia e a Casa Batll\u00f3, combinadas com um fundo de mosaico colorido que evoca o estilo de Gaud\u00ed. Desenhada com um la\u00e7o roxo para pendurar, \u00e9 uma lembran\u00e7a perfeita que celebra a arquitetura e a cultura da cidade condal.<\/p>\n","protected":false},"featured_media":9843,"template":"","meta":{"_acf_changed":false},"product_brand":[],"product_cat":[652],"product_tag":[642],"class_list":{"0":"post-26791","1":"product","2":"type-product","3":"status-publish","4":"has-post-thumbnail","6":"product_cat-bolas-de-natal","7":"product_tag-natal","8":"pa_ciudad-barcelona","9":"pa_motivo-panoramas","10":"pa_pais-espana","12":"first","13":"instock","14":"shipping-taxable","15":"product-type-simple"},"acf":[],"_links":{"self":[{"href":"https:\/\/olemosaic.com\/pt-pt\/wp-json\/wp\/v2\/product\/26791","targetHints":{"allow":["GET"]}}],"collection":[{"href":"https:\/\/olemosaic.com\/pt-pt\/wp-json\/wp\/v2\/product"}],"about":[{"href":"https:\/\/olemosaic.com\/pt-pt\/wp-json\/wp\/v2\/types\/product"}],"wp:featuredmedia":[{"embeddable":true,"href":"https:\/\/olemosaic.com\/pt-pt\/wp-json\/wp\/v2\/media\/9843"}],"wp:attachment":[{"href":"https:\/\/olemosaic.com\/pt-pt\/wp-json\/wp\/v2\/media?parent=26791"}],"wp:term":[{"taxonomy":"product_brand","embeddable":true,"href":"https:\/\/olemosaic.com\/pt-pt\/wp-json\/wp\/v2\/product_brand?post=26791"},{"taxonomy":"product_cat","embeddable":true,"href":"https:\/\/olemosaic.com\/pt-pt\/wp-json\/wp\/v2\/product_cat?post=26791"},{"taxonomy":"product_tag","embeddable":true,"href":"https:\/\/olemosaic.com\/pt-pt\/wp-json\/wp\/v2\/product_tag?post=26791"}],"curies":[{"name":"wp","href":"https:\/\/api.w.org\/{rel}","templated":true}]}}