{"id":26790,"date":"2025-02-20T22:28:29","date_gmt":"2025-02-20T22:28:29","guid":{"rendered":"http:\/\/olemosaic.com\/producto\/bola-de-navidad-con-caja-panoramica-valencia\/"},"modified":"2025-07-25T18:45:23","modified_gmt":"2025-07-25T16:45:23","slug":"bola-de-natal-com-caixa-panoramica-valencia","status":"publish","type":"product","link":"https:\/\/olemosaic.com\/pt-pt\/produto\/bola-de-natal-com-caixa-panoramica-valencia\/","title":{"rendered":"Bola de Natal com caixa. Panor\u00e2mica. Val\u00eancia."},"content":{"rendered":"<p>Esta bola de Natal com caixa apresenta uma encantadora panor\u00e2mica de Val\u00eancia, tornando-a uma recorda\u00e7\u00e3o natal\u00edcia perfeita para quem deseja levar um pedacinho desta vibrante cidade. Fabricada em cer\u00e2mica de alta qualidade, esta pe\u00e7a destaca-se pelas suas cores vivas e detalhes art\u00edsticos que evocam o caracter\u00edstico mosaico valenciano, uma arte sin\u00f3nima desta regi\u00e3o. Na parte frontal, aprecia-se uma representa\u00e7\u00e3o estilizada da Lota da Seda e da Catedral de Val\u00eancia, monumentos emblem\u00e1ticos que refletem a rica hist\u00f3ria e arquitetura da cidade. A combina\u00e7\u00e3o de tons amarelos, vermelhos e azuis real\u00e7a a beleza destes edif\u00edcios, enquanto o seu design contempor\u00e2neo oferece um toque moderno que se ajusta a qualquer decora\u00e7\u00e3o natal\u00edcia.<\/p>\n<p>A bola est\u00e1 adornada com um delicado la\u00e7o f\u00facsia, que n\u00e3o s\u00f3 lhe d\u00e1 um toque festivo, mas tamb\u00e9m a torna um presente ideal. Esta lembran\u00e7a de Val\u00eancia n\u00e3o s\u00f3 embeleza o lar durante as festividades, como tamb\u00e9m serve como um lembrete da riqueza cultural e do patrim\u00f3nio desta maravilhosa cidade. Na Ol\u00e9 Mosaic, especializamo-nos na distribui\u00e7\u00e3o de lembran\u00e7as por grosso, e esta bola de Natal \u00e9 uma excelente op\u00e7\u00e3o para lojas de presentes tur\u00edsticos que procuram oferecer produtos aut\u00eanticos e representativos da tradi\u00e7\u00e3o espanhola.<\/p>\n","protected":false},"excerpt":{"rendered":"<p>Bola de Natal com uma caixa que apresenta uma encantadora panor\u00e2mica de Val\u00eancia. Este adorno natal\u00edcio combina elementos arquitet\u00f3nicos ic\u00f3nicos, como a Lota da Seda e a Catedral, destacando as suas cores vibrantes numa decora\u00e7\u00e3o de estilo contempor\u00e2neo. Fabricada em cer\u00e2mica, a sua superf\u00edcie inclui detalhes art\u00edsticos que recordam o mosaico valenciano. A bola completa-se com um la\u00e7o f\u00facsia, ideal para real\u00e7ar a magia do Natal no seu lar.<\/p>\n","protected":false},"featured_media":9848,"template":"","meta":{"_acf_changed":false},"product_brand":[],"product_cat":[652],"product_tag":[642],"class_list":{"0":"post-26790","1":"product","2":"type-product","3":"status-publish","4":"has-post-thumbnail","6":"product_cat-bolas-de-natal","7":"product_tag-natal","8":"pa_ciudad-valencia","9":"pa_motivo-panoramas","10":"pa_pais-espana","12":"first","13":"instock","14":"shipping-taxable","15":"product-type-simple"},"acf":[],"_links":{"self":[{"href":"https:\/\/olemosaic.com\/pt-pt\/wp-json\/wp\/v2\/product\/26790","targetHints":{"allow":["GET"]}}],"collection":[{"href":"https:\/\/olemosaic.com\/pt-pt\/wp-json\/wp\/v2\/product"}],"about":[{"href":"https:\/\/olemosaic.com\/pt-pt\/wp-json\/wp\/v2\/types\/product"}],"wp:featuredmedia":[{"embeddable":true,"href":"https:\/\/olemosaic.com\/pt-pt\/wp-json\/wp\/v2\/media\/9848"}],"wp:attachment":[{"href":"https:\/\/olemosaic.com\/pt-pt\/wp-json\/wp\/v2\/media?parent=26790"}],"wp:term":[{"taxonomy":"product_brand","embeddable":true,"href":"https:\/\/olemosaic.com\/pt-pt\/wp-json\/wp\/v2\/product_brand?post=26790"},{"taxonomy":"product_cat","embeddable":true,"href":"https:\/\/olemosaic.com\/pt-pt\/wp-json\/wp\/v2\/product_cat?post=26790"},{"taxonomy":"product_tag","embeddable":true,"href":"https:\/\/olemosaic.com\/pt-pt\/wp-json\/wp\/v2\/product_tag?post=26790"}],"curies":[{"name":"wp","href":"https:\/\/api.w.org\/{rel}","templated":true}]}}