{"id":26789,"date":"2025-02-20T22:28:28","date_gmt":"2025-02-20T22:28:28","guid":{"rendered":"http:\/\/olemosaic.com\/producto\/bola-de-navidad-con-caja-mariposa-valencia\/"},"modified":"2025-07-25T19:39:53","modified_gmt":"2025-07-25T17:39:53","slug":"bola-de-natal-com-caixa-borboleta-valencia","status":"publish","type":"product","link":"https:\/\/olemosaic.com\/pt-pt\/produto\/bola-de-natal-com-caixa-borboleta-valencia\/","title":{"rendered":"Bola de Natal com caixa. Borboleta. Val\u00eancia."},"content":{"rendered":"<p>Esta bola de Natal com caixa apresenta um vibrante design de borboletas e flores que evoca a rica tradi\u00e7\u00e3o artesanal valenciana. Elaborada em cer\u00e2mica, o seu acabamento simula o famoso mosaico que adorna muitos recantos da cidade, destacando uma explos\u00e3o de cores vivas como o azul, amarelo e vermelho, que captam a aten\u00e7\u00e3o de imediato e adicionam um toque festivo a qualquer decora\u00e7\u00e3o natal\u00edcia. A bola tem inscrito &#8220;Valencia&#8221; num estilo chamativo que real\u00e7a a sua origem e liga\u00e7\u00e3o cultural. Este adorno inclui um delicado la\u00e7o rosa para pendurar, assegurando que se torne um elemento decorativo de destaque em qualquer \u00e1rvore de Natal.<\/p>\n<p>A tem\u00e1tica de borboletas e flores n\u00e3o s\u00f3 traz um elemento visual encantador, como tamb\u00e9m simboliza a beleza e a diversidade da flora local valenciana. Esta recorda\u00e7\u00e3o n\u00e3o \u00e9 apenas uma pe\u00e7a decorativa, mas encapsula a ess\u00eancia e a arte da regi\u00e3o. Na Ol\u00e9 Mosaic, dedicamo-nos \u00e0 distribui\u00e7\u00e3o de lembran\u00e7as por grosso, oferecendo produtos que real\u00e7am a cultura e tradi\u00e7\u00e3o de cada destino. Esta bola de Natal \u00e9 uma op\u00e7\u00e3o ideal para lojas de presentes tur\u00edsticos que procuram oferecer aos seus clientes uma recorda\u00e7\u00e3o significativa e cheia de cor da cidade, tornando-a uma excelente escolha para turistas que procuram lembran\u00e7as de Val\u00eancia.<\/p>\n","protected":false},"excerpt":{"rendered":"<p>Bola de Natal com caixa, decorada com um vibrante design de borboletas e flores inspirado na artesanato t\u00edpico valenciano. Esta pe\u00e7a, com acabamento cer\u00e2mico que simula o famoso mosaico da cidade, destaca-se pelas suas cores vivas: azul, amarelo e vermelho. A bola, que ostenta a inscri\u00e7\u00e3o &#8220;Valencia&#8221; num estilo chamativo, inclui um la\u00e7o rosa para pendurar, ideal para dar um toque festivo e cultural \u00e0 sua \u00e1rvore de Natal.<\/p>\n","protected":false},"featured_media":9850,"template":"","meta":{"_acf_changed":false},"product_brand":[],"product_cat":[652],"product_tag":[516,642],"class_list":{"0":"post-26789","1":"product","2":"type-product","3":"status-publish","4":"has-post-thumbnail","6":"product_cat-bolas-de-natal","7":"product_tag-animais","8":"product_tag-natal","9":"pa_ciudad-valencia","10":"pa_motivo-borboletas","11":"pa_pais-espana","13":"first","14":"instock","15":"shipping-taxable","16":"product-type-simple"},"acf":[],"_links":{"self":[{"href":"https:\/\/olemosaic.com\/pt-pt\/wp-json\/wp\/v2\/product\/26789","targetHints":{"allow":["GET"]}}],"collection":[{"href":"https:\/\/olemosaic.com\/pt-pt\/wp-json\/wp\/v2\/product"}],"about":[{"href":"https:\/\/olemosaic.com\/pt-pt\/wp-json\/wp\/v2\/types\/product"}],"wp:featuredmedia":[{"embeddable":true,"href":"https:\/\/olemosaic.com\/pt-pt\/wp-json\/wp\/v2\/media\/9850"}],"wp:attachment":[{"href":"https:\/\/olemosaic.com\/pt-pt\/wp-json\/wp\/v2\/media?parent=26789"}],"wp:term":[{"taxonomy":"product_brand","embeddable":true,"href":"https:\/\/olemosaic.com\/pt-pt\/wp-json\/wp\/v2\/product_brand?post=26789"},{"taxonomy":"product_cat","embeddable":true,"href":"https:\/\/olemosaic.com\/pt-pt\/wp-json\/wp\/v2\/product_cat?post=26789"},{"taxonomy":"product_tag","embeddable":true,"href":"https:\/\/olemosaic.com\/pt-pt\/wp-json\/wp\/v2\/product_tag?post=26789"}],"curies":[{"name":"wp","href":"https:\/\/api.w.org\/{rel}","templated":true}]}}