{"id":26788,"date":"2025-02-20T22:28:28","date_gmt":"2025-02-20T22:28:28","guid":{"rendered":"http:\/\/olemosaic.com\/producto\/bola-de-navidad-con-caja-mosaico-3\/"},"modified":"2025-07-25T18:49:10","modified_gmt":"2025-07-25T16:49:10","slug":"bola-de-natal-com-caixa-mosaico-3","status":"publish","type":"product","link":"https:\/\/olemosaic.com\/pt-pt\/produto\/bola-de-natal-com-caixa-mosaico-3\/","title":{"rendered":"Bola de Natal com caixa. Mosaico."},"content":{"rendered":"<p>Esta bola de Natal com caixa \u00e9 uma pe\u00e7a \u00fanica que incorpora o colorido e a beleza da arte do mosaico espanhol. Desenhada com uma variedade de padr\u00f5es t\u00edpicos da cer\u00e2mica tradicional, esta ornamenta\u00e7\u00e3o apresenta uma vibrante paleta de tons azuis, vermelhos, amarelos e laranjas, que evocam a rica heran\u00e7a art\u00edstica de Espanha. Cada sec\u00e7\u00e3o da bola mostra desenhos intrincados inspirados nos cl\u00e1ssicos azulejos que adornam igrejas e pra\u00e7as espanholas, o que converte este adorno num v\u00ednculo direto com as tradi\u00e7\u00f5es culturais do pa\u00eds.<\/p>\n<p>Fabricada em material resistente, esta bola n\u00e3o s\u00f3 \u00e9 um atrativo visual para a sua \u00e1rvore de Natal, mas tamb\u00e9m garante durabilidade ano ap\u00f3s ano. A elegante caixa de apresenta\u00e7\u00e3o que a acompanha adiciona um toque de sofistica\u00e7\u00e3o, tornando-a o presente perfeito para quem procura uma recorda\u00e7\u00e3o genu\u00edna de Espanha. Este objeto \u00e9 ideal n\u00e3o s\u00f3 para as festividades, mas tamb\u00e9m como um elemento decorativo que celebra a ess\u00eancia da cultura espanhola durante todo o ano.<\/p>\n<p>Na Ol\u00e9 Mosaic somos especialistas na distribui\u00e7\u00e3o de lembran\u00e7as por grosso, e oferecemos produtos aut\u00eanticos que refletem a diversidade cultural de Espanha. A bola de Natal com mosaicos \u00e9 uma excelente op\u00e7\u00e3o para lojas de presentes tur\u00edsticos que desejem oferecer algo especial e significativo aos seus clientes, tornando-a um presente inesquec\u00edvel e representativo da tradi\u00e7\u00e3o espanhola.<\/p>\n","protected":false},"excerpt":{"rendered":"<p>Bola de Natal com caixa, decorada com um design vibrante de mosaicos coloridos. Esta pe\u00e7a \u00fanica apresenta uma variedade de motivos t\u00edpicos da cer\u00e2mica espanhola, com tons azuis, vermelhos, amarelos e laranjas que evocam a arte tradicional. Fabricada num material resistente, inclui uma elegante caixa para a sua apresenta\u00e7\u00e3o. Ideal para adicionar um toque festivo e cultural \u00e0 sua \u00e1rvore de Natal, refletindo a rica heran\u00e7a art\u00edstica de Espanha.<\/p>\n","protected":false},"featured_media":9829,"template":"","meta":{"_acf_changed":false},"product_brand":[],"product_cat":[652],"product_tag":[642],"class_list":{"0":"post-26788","1":"product","2":"type-product","3":"status-publish","4":"has-post-thumbnail","6":"product_cat-bolas-de-natal","7":"product_tag-natal","8":"pa_motivo-mosaico","10":"first","11":"instock","12":"shipping-taxable","13":"product-type-simple"},"acf":[],"_links":{"self":[{"href":"https:\/\/olemosaic.com\/pt-pt\/wp-json\/wp\/v2\/product\/26788","targetHints":{"allow":["GET"]}}],"collection":[{"href":"https:\/\/olemosaic.com\/pt-pt\/wp-json\/wp\/v2\/product"}],"about":[{"href":"https:\/\/olemosaic.com\/pt-pt\/wp-json\/wp\/v2\/types\/product"}],"wp:featuredmedia":[{"embeddable":true,"href":"https:\/\/olemosaic.com\/pt-pt\/wp-json\/wp\/v2\/media\/9829"}],"wp:attachment":[{"href":"https:\/\/olemosaic.com\/pt-pt\/wp-json\/wp\/v2\/media?parent=26788"}],"wp:term":[{"taxonomy":"product_brand","embeddable":true,"href":"https:\/\/olemosaic.com\/pt-pt\/wp-json\/wp\/v2\/product_brand?post=26788"},{"taxonomy":"product_cat","embeddable":true,"href":"https:\/\/olemosaic.com\/pt-pt\/wp-json\/wp\/v2\/product_cat?post=26788"},{"taxonomy":"product_tag","embeddable":true,"href":"https:\/\/olemosaic.com\/pt-pt\/wp-json\/wp\/v2\/product_tag?post=26788"}],"curies":[{"name":"wp","href":"https:\/\/api.w.org\/{rel}","templated":true}]}}