{"id":26777,"date":"2025-02-20T22:28:28","date_gmt":"2025-02-20T22:28:28","guid":{"rendered":"http:\/\/olemosaic.com\/producto\/bola-de-navidad-con-caja-panoramica-barcelona-gold-2\/"},"modified":"2025-07-25T18:35:51","modified_gmt":"2025-07-25T16:35:51","slug":"bola-de-natal-com-caixa-panoramica-barcelona-gold-2","status":"publish","type":"product","link":"https:\/\/olemosaic.com\/pt-pt\/produto\/bola-de-natal-com-caixa-panoramica-barcelona-gold-2\/","title":{"rendered":"Bola de Natal com caixa. Panor\u00e2mica. Barcelona. Gold"},"content":{"rendered":"<p>Esta bola de Natal com caixa \u00e9 uma recorda\u00e7\u00e3o elegante de Barcelona que captura a magia e o encanto da cidade num delicado tom dourado. O seu design apresenta uma encantadora panor\u00e2mica que inclui silhuetas ic\u00f3nicas como a majestosa Sagrada Fam\u00edlia e o colorido Parque G\u00fcell, dois s\u00edmbolos emblem\u00e1ticos que representam a ess\u00eancia do modernismo catal\u00e3o. Este adorno n\u00e3o s\u00f3 embeleza qualquer \u00e1rvore de Natal, como tamb\u00e9m adiciona um toque festivo com os seus subtis detalhes de estrelas que brilham com eleg\u00e2ncia.<\/p>\n<p>A bola \u00e9 elaborada com materiais de alta qualidade e vem numa pr\u00e1tica caixa, perfeita para oferecer ou para a proteger durante a \u00e9poca baixa. A fita de veludo, que acompanha a bola, proporciona um toque de sofistica\u00e7\u00e3o, tornando-a um presente ideal para turistas e amantes da decora\u00e7\u00e3o natal\u00edcia que desejem levar um peda\u00e7o de Barcelona para as suas casas.<\/p>\n<p>Como distribuidores de souvenirs por grosso, na Ol\u00e9 Mosaic oferecemos esta bola de Natal que n\u00e3o \u00e9 apenas um adorno, mas um s\u00edmbolo cultural significativo da vibrante cidade. Este artigo \u00e9 uma excelente ideia para lojas de presentes tur\u00edsticos que procuram oferecer recorda\u00e7\u00f5es aut\u00eanticas e de qualidade, ideais para aqueles que desejam recordar a sua visita a Barcelona com um objeto \u00fanico e cheio de hist\u00f3ria.<\/p>\n","protected":false},"excerpt":{"rendered":"<p>Bola de Natal com caixa que apresenta uma encantadora panor\u00e2mica de Barcelona num elegante tom dourado. Esta delicada ornamenta\u00e7\u00e3o inclui silhuetas ic\u00f3nicas como a Sagrada Fam\u00edlia e o Park G\u00fcell, complementadas com detalhes de estrelas que capturam a ess\u00eancia festiva. Vem acompanhada de uma pr\u00e1tica caixa, ideal para presente. As suas cores douradas e a fita de veludo adicionam um toque sofisticado a qualquer decora\u00e7\u00e3o natal\u00edcia, tornando esta bola uma recorda\u00e7\u00e3o \u00fanica da cidade.<\/p>\n","protected":false},"featured_media":9837,"template":"","meta":{"_acf_changed":false},"product_brand":[],"product_cat":[652],"product_tag":[642],"class_list":{"0":"post-26777","1":"product","2":"type-product","3":"status-publish","4":"has-post-thumbnail","6":"product_cat-bolas-de-natal","7":"product_tag-natal","8":"pa_ciudad-barcelona","9":"pa_motivo-panoramas","10":"pa_pais-espana","12":"first","13":"instock","14":"shipping-taxable","15":"product-type-simple"},"acf":[],"_links":{"self":[{"href":"https:\/\/olemosaic.com\/pt-pt\/wp-json\/wp\/v2\/product\/26777","targetHints":{"allow":["GET"]}}],"collection":[{"href":"https:\/\/olemosaic.com\/pt-pt\/wp-json\/wp\/v2\/product"}],"about":[{"href":"https:\/\/olemosaic.com\/pt-pt\/wp-json\/wp\/v2\/types\/product"}],"wp:featuredmedia":[{"embeddable":true,"href":"https:\/\/olemosaic.com\/pt-pt\/wp-json\/wp\/v2\/media\/9837"}],"wp:attachment":[{"href":"https:\/\/olemosaic.com\/pt-pt\/wp-json\/wp\/v2\/media?parent=26777"}],"wp:term":[{"taxonomy":"product_brand","embeddable":true,"href":"https:\/\/olemosaic.com\/pt-pt\/wp-json\/wp\/v2\/product_brand?post=26777"},{"taxonomy":"product_cat","embeddable":true,"href":"https:\/\/olemosaic.com\/pt-pt\/wp-json\/wp\/v2\/product_cat?post=26777"},{"taxonomy":"product_tag","embeddable":true,"href":"https:\/\/olemosaic.com\/pt-pt\/wp-json\/wp\/v2\/product_tag?post=26777"}],"curies":[{"name":"wp","href":"https:\/\/api.w.org\/{rel}","templated":true}]}}