{"id":26776,"date":"2025-02-20T22:28:28","date_gmt":"2025-02-20T22:28:28","guid":{"rendered":"http:\/\/olemosaic.com\/producto\/bola-de-navidad-con-caja-patio\/"},"modified":"2025-07-25T18:49:08","modified_gmt":"2025-07-25T16:49:08","slug":"bola-de-natal-com-caixa-patio","status":"publish","type":"product","link":"https:\/\/olemosaic.com\/pt-pt\/produto\/bola-de-natal-com-caixa-patio\/","title":{"rendered":"Bola de Natal com caixa. P\u00e1tio."},"content":{"rendered":"<p>Esta bola de Natal com caixa \u00e9 uma aut\u00eantica homenagem ao folclore espanhol, ideal para quem deseja levar um peda\u00e7o da cultura andaluza para as suas casas durante as festas. Decorada com um design vibrante, a bola apresenta uma encantadora bailaora vestida com um chamativo vestido vermelho com bolas pretas, que representa a paix\u00e3o e a arte do flamenco, rodeada de elementos ic\u00f3nicos como uma guitarra e um m\u00f3vel decorado, que infundem um ar festivo \u00e0 cena. O fundo, que simula o famoso trencad\u00eds, uma caracter\u00edstica arquitet\u00f3nica andaluza, confere um toque de cor e dinamismo, evocando o ambiente alegre das suas ruas.<\/p>\n<p>O produto \u00e9 apresentado numa elegante caixa, o que o torna um presente perfeito para amigos e familiares, ao mesmo tempo que oferece uma op\u00e7\u00e3o distintiva para decorar a casa. Este souvenir natal\u00edcio n\u00e3o s\u00f3 captura a ess\u00eancia e alegria da tradi\u00e7\u00e3o espanhola, como tamb\u00e9m simboliza um momento especial para recordar. Ao escolher esta bola de Natal, n\u00e3o opta apenas por um adorno, mas por um s\u00edmbolo de autenticidade e diversidade cultural. Na Ol\u00e9 Mosaic, como especialistas na distribui\u00e7\u00e3o de souvenirs por grosso, garantimos a qualidade e relev\u00e2ncia cultural de cada artigo, o que torna esta bola uma excelente op\u00e7\u00e3o para lojas de presentes tur\u00edsticos que procuram produtos aut\u00eanticos que representem Espanha.<\/p>\n","protected":false},"excerpt":{"rendered":"<p>Bola de Natal com caixa, decorada com um design vibrante que evoca o folclore espanhol. O adorno apresenta uma bailaora vestida de vermelho com bolas pretas, rodeada de elementos tradicionais como uma guitarra e um m\u00f3vel decorado. O fundo simula o ic\u00f3nico trencad\u00eds, caracter\u00edstico das ruas andaluzas, conferindo um ar festivo e cultural. Apresenta-se numa caixa elegante, ideal para oferecer e decorar a sua casa durante as festas.<\/p>\n","protected":false},"featured_media":9751,"template":"","meta":{"_acf_changed":false},"product_brand":[],"product_cat":[652],"product_tag":[642],"class_list":{"0":"post-26776","1":"product","2":"type-product","3":"status-publish","4":"has-post-thumbnail","6":"product_cat-bolas-de-natal","7":"product_tag-natal","8":"pa_motivo-patios","10":"first","11":"instock","12":"shipping-taxable","13":"product-type-simple"},"acf":[],"_links":{"self":[{"href":"https:\/\/olemosaic.com\/pt-pt\/wp-json\/wp\/v2\/product\/26776","targetHints":{"allow":["GET"]}}],"collection":[{"href":"https:\/\/olemosaic.com\/pt-pt\/wp-json\/wp\/v2\/product"}],"about":[{"href":"https:\/\/olemosaic.com\/pt-pt\/wp-json\/wp\/v2\/types\/product"}],"wp:featuredmedia":[{"embeddable":true,"href":"https:\/\/olemosaic.com\/pt-pt\/wp-json\/wp\/v2\/media\/9751"}],"wp:attachment":[{"href":"https:\/\/olemosaic.com\/pt-pt\/wp-json\/wp\/v2\/media?parent=26776"}],"wp:term":[{"taxonomy":"product_brand","embeddable":true,"href":"https:\/\/olemosaic.com\/pt-pt\/wp-json\/wp\/v2\/product_brand?post=26776"},{"taxonomy":"product_cat","embeddable":true,"href":"https:\/\/olemosaic.com\/pt-pt\/wp-json\/wp\/v2\/product_cat?post=26776"},{"taxonomy":"product_tag","embeddable":true,"href":"https:\/\/olemosaic.com\/pt-pt\/wp-json\/wp\/v2\/product_tag?post=26776"}],"curies":[{"name":"wp","href":"https:\/\/api.w.org\/{rel}","templated":true}]}}