{"id":26775,"date":"2025-02-20T23:28:28","date_gmt":"2025-02-20T22:28:28","guid":{"rendered":"http:\/\/olemosaic.com\/producto\/aceitera-de-ceramica-salamandra-mallorca-calca-beige\/"},"modified":"2025-07-25T18:40:51","modified_gmt":"2025-07-25T16:40:51","slug":"galheteiro-de-ceramica-salamandra-maiorca-calca-bege","status":"publish","type":"product","link":"https:\/\/olemosaic.com\/pt-pt\/produto\/galheteiro-de-ceramica-salamandra-maiorca-calca-bege\/","title":{"rendered":"Galheteiro de cer\u00e2mica. Salamandra. Maiorca. Calca. Bege"},"content":{"rendered":"<p>Este galheteiro de cer\u00e2mica \u00e9 uma recorda\u00e7\u00e3o requintada de Maiorca, que une funcionalidade e um design art\u00edstico encantador. Decorado com salamandras vibrantes em tons de azul, vermelho e verde sobre um fundo bege, esta pe\u00e7a captura a ess\u00eancia do folclore balear e resulta atraente para qualquer mesa. Cada salamandra aparenta estar pintada \u00e0 m\u00e3o, o que confere a cada galheteiro um car\u00e1cter \u00fanico e aut\u00eantico, muito representativo da arte popular local.<\/p>\n<p>O elegante acabamento do galheteiro, juntamente com o seu pr\u00e1tico doseador, torna-o perfeito tanto para o uso di\u00e1rio na cozinha como para ocasi\u00f5es especiais onde deseje impressionar os seus convidados com um toque mediterr\u00e2nico. Este acess\u00f3rio n\u00e3o s\u00f3 \u00e9 ideal para amantes da cozinha, como tamb\u00e9m \u00e9 um lembrete tang\u00edvel das tradi\u00e7\u00f5es e da rica cultura de Maiorca.<\/p>\n<p>Na Ol\u00e9 Mosaic, especializamo-nos na distribui\u00e7\u00e3o de recorda\u00e7\u00f5es por grosso, oferecendo produtos aut\u00eanticos que representam o patrim\u00f3nio cultural de Espanha. Este galheteiro de cer\u00e2mica decorado com salamandras \u00e9 uma excelente op\u00e7\u00e3o para lojas de presentes tur\u00edsticos que procuram recorda\u00e7\u00f5es \u00fanicas e significativas, perfeitas para quem deseja levar um pedacinho da magia de Maiorca. Como grossistas de recorda\u00e7\u00f5es, garantimos que cada pe\u00e7a \u00e9 um s\u00edmbolo de autenticidade e qualidade, ideal para conquistar os turistas que procuram recorda\u00e7\u00f5es representativas da sua visita.<\/p>\n","protected":false},"excerpt":{"rendered":"<p>Galheteiro de cer\u00e2mica decorado com salamandras coloridas, que evocam o encanto de Maiorca. Este design artesanal, pintado \u00e0 m\u00e3o, apresenta salamandras em tons de azul, vermelho e verde sobre um fundo bege, capturando a ess\u00eancia do folclore local. O galheteiro, com um acabamento elegante e um pr\u00e1tico doseador, \u00e9 ideal para dar um toque mediterr\u00e2nico a qualquer mesa. Perfeito para os amantes da cozinha e da cultura balear.<\/p>\n","protected":false},"featured_media":7378,"template":"","meta":{"_acf_changed":false},"product_brand":[],"product_cat":[783],"product_tag":[516,515],"class_list":{"0":"post-26775","1":"product","2":"type-product","3":"status-publish","4":"has-post-thumbnail","6":"product_cat-galheteiros","7":"product_tag-animais","8":"product_tag-ceramica","9":"pa_ciudad-mallorca","10":"pa_motivo-salamandras","11":"pa_pais-espana","13":"first","14":"instock","15":"shipping-taxable","16":"product-type-simple"},"acf":[],"_links":{"self":[{"href":"https:\/\/olemosaic.com\/pt-pt\/wp-json\/wp\/v2\/product\/26775","targetHints":{"allow":["GET"]}}],"collection":[{"href":"https:\/\/olemosaic.com\/pt-pt\/wp-json\/wp\/v2\/product"}],"about":[{"href":"https:\/\/olemosaic.com\/pt-pt\/wp-json\/wp\/v2\/types\/product"}],"wp:featuredmedia":[{"embeddable":true,"href":"https:\/\/olemosaic.com\/pt-pt\/wp-json\/wp\/v2\/media\/7378"}],"wp:attachment":[{"href":"https:\/\/olemosaic.com\/pt-pt\/wp-json\/wp\/v2\/media?parent=26775"}],"wp:term":[{"taxonomy":"product_brand","embeddable":true,"href":"https:\/\/olemosaic.com\/pt-pt\/wp-json\/wp\/v2\/product_brand?post=26775"},{"taxonomy":"product_cat","embeddable":true,"href":"https:\/\/olemosaic.com\/pt-pt\/wp-json\/wp\/v2\/product_cat?post=26775"},{"taxonomy":"product_tag","embeddable":true,"href":"https:\/\/olemosaic.com\/pt-pt\/wp-json\/wp\/v2\/product_tag?post=26775"}],"curies":[{"name":"wp","href":"https:\/\/api.w.org\/{rel}","templated":true}]}}