{"id":26774,"date":"2025-02-20T22:28:28","date_gmt":"2025-02-20T22:28:28","guid":{"rendered":"http:\/\/olemosaic.com\/producto\/aceitera-de-ceramica-punt-de-trobada-beige\/"},"modified":"2025-07-25T18:38:03","modified_gmt":"2025-07-25T16:38:03","slug":"galheteiro-de-ceramica-punt-de-trobada-bege","status":"publish","type":"product","link":"https:\/\/olemosaic.com\/pt-pt\/produto\/galheteiro-de-ceramica-punt-de-trobada-bege\/","title":{"rendered":"Galheteiro de cer\u00e2mica. Punt de trobada. Bege"},"content":{"rendered":"<p>Este galheteiro de cer\u00e2mica decorado \u00e9 uma celebra\u00e7\u00e3o da arte mediterr\u00e2nica, ideal para quem procura um souvenir aut\u00eantico da rica cultura espanhola. Com um elegante acabamento em bege, esta pe\u00e7a destaca-se pela sua vibrante ilustra\u00e7\u00e3o de motivos abstratos, que combinam tons de vermelho, azul, amarelo e verde. Estas cores evocam a diversidade e vitalidade do patrim\u00f3nio gastron\u00f3mico espanhol, fazendo de cada utiliza\u00e7\u00e3o uma experi\u00eancia est\u00e9tica. Equipados com uma pr\u00e1tica tampa doseadora, estes galheteiros oferecem funcionalidade sem sacrificar o estilo, convertendo-se num objeto decorativo que real\u00e7a qualquer mesa. A cer\u00e2mica utilizada n\u00e3o s\u00f3 confere durabilidade, como tamb\u00e9m reflete a tradi\u00e7\u00e3o artesanal da regi\u00e3o, o que os torna um excelente presente para amantes da cozinha e da arte. Na Ol\u00e9 Mosaic, especializamo-nos na distribui\u00e7\u00e3o de souvenirs por grosso, e este galheteiro \u00e9 uma op\u00e7\u00e3o perfeita para lojas de presentes tur\u00edsticos que procuram oferecer produtos que capturam a ess\u00eancia cultural espanhola. Com o seu estilo singular e a sua liga\u00e7\u00e3o \u00e0 rica heran\u00e7a do Mediterr\u00e2neo, este galheteiro ergue-se como uma recorda\u00e7\u00e3o representativa e aut\u00eantica, ideal para turistas que desejam levar um peda\u00e7o de Espanha para casa.<\/p>\n","protected":false},"excerpt":{"rendered":"<p>Galheteiro de cer\u00e2mica decorado, inspirado na arte colorida da regi\u00e3o mediterr\u00e2nica. Com um acabamento em bege, esta pe\u00e7a apresenta uma vibrante ilustra\u00e7\u00e3o de motivos abstratos em tons de vermelho, azul, amarelo e verde, que evocam a riqueza cultural e gastron\u00f3mica do solo espanhol. Equipados com tampa doseadora, estes galheteiros s\u00e3o ideais para adicionar um toque art\u00edstico a qualquer mesa e tornam-se uma op\u00e7\u00e3o funcional e decorativa para os amantes da cozinha.<\/p>\n","protected":false},"featured_media":10036,"template":"","meta":{"_acf_changed":false},"product_brand":[],"product_cat":[783],"product_tag":[515],"class_list":{"0":"post-26774","1":"product","2":"type-product","3":"status-publish","4":"has-post-thumbnail","6":"product_cat-galheteiros","7":"product_tag-ceramica","8":"pa_motivo-punt-de-trobada","10":"first","11":"instock","12":"shipping-taxable","13":"product-type-simple"},"acf":[],"_links":{"self":[{"href":"https:\/\/olemosaic.com\/pt-pt\/wp-json\/wp\/v2\/product\/26774","targetHints":{"allow":["GET"]}}],"collection":[{"href":"https:\/\/olemosaic.com\/pt-pt\/wp-json\/wp\/v2\/product"}],"about":[{"href":"https:\/\/olemosaic.com\/pt-pt\/wp-json\/wp\/v2\/types\/product"}],"wp:featuredmedia":[{"embeddable":true,"href":"https:\/\/olemosaic.com\/pt-pt\/wp-json\/wp\/v2\/media\/10036"}],"wp:attachment":[{"href":"https:\/\/olemosaic.com\/pt-pt\/wp-json\/wp\/v2\/media?parent=26774"}],"wp:term":[{"taxonomy":"product_brand","embeddable":true,"href":"https:\/\/olemosaic.com\/pt-pt\/wp-json\/wp\/v2\/product_brand?post=26774"},{"taxonomy":"product_cat","embeddable":true,"href":"https:\/\/olemosaic.com\/pt-pt\/wp-json\/wp\/v2\/product_cat?post=26774"},{"taxonomy":"product_tag","embeddable":true,"href":"https:\/\/olemosaic.com\/pt-pt\/wp-json\/wp\/v2\/product_tag?post=26774"}],"curies":[{"name":"wp","href":"https:\/\/api.w.org\/{rel}","templated":true}]}}