{"id":26773,"date":"2025-02-20T23:28:28","date_gmt":"2025-02-20T22:28:28","guid":{"rendered":"http:\/\/olemosaic.com\/producto\/aceitera-de-ceramica-salamandra-barcelona-calca-beige\/"},"modified":"2025-07-25T23:44:58","modified_gmt":"2025-07-25T21:44:58","slug":"galheteiro-de-ceramica-salamandra-barcelona-calca-bege","status":"publish","type":"product","link":"https:\/\/olemosaic.com\/pt-pt\/produto\/galheteiro-de-ceramica-salamandra-barcelona-calca-bege\/","title":{"rendered":"Galheteiro de cer\u00e2mica. Salamandra. Barcelona. Calca. Bege"},"content":{"rendered":"<p>Este galheteiro de cer\u00e2mica decorado com salamandras vibrantes \u00e9 um \u00edcone da cultura culin\u00e1ria barcelonesa, desenhado para adicionar um toque de cor e autenticidade a qualquer cozinha. Fabricada com cer\u00e2mica de alta qualidade, a pe\u00e7a apresenta uma base bege que serve como tela perfeita para os seus intrincados detalhes pintados \u00e0 m\u00e3o. As salamandras, representadas em tons vivos de vermelho, azul e verde, n\u00e3o s\u00f3 embelezam o design, como tamb\u00e9m evocam o esp\u00edrito art\u00edstico e a biodiversidade que caracteriza a regi\u00e3o. Na parte superior, um pr\u00e1tico doseador facilita o uso do azeite, convertendo este galheteiro numa ferramenta tanto funcional como decorativa.<\/p>\n<p>A palavra &#8220;Barcelona&#8221; est\u00e1 elegantemente gravada na parte superior, sublinhando a sua identidade como uma aut\u00eantica recorda\u00e7\u00e3o da cidade, ideal para quem procura levar um peda\u00e7o da sua cultura ecol\u00f3gica e gastron\u00f3mica para casa. Este galheteiro destaca-se n\u00e3o apenas como um acess\u00f3rio quotidiano, mas como um lembrete da rica tradi\u00e7\u00e3o culin\u00e1ria catal\u00e3, que valoriza a qualidade e a apresenta\u00e7\u00e3o dos seus pratos t\u00edpicos. Na Ol\u00e9 Mosaic, oferecemos este requintado galheteiro de salamandras por grosso, um artigo perfeito para lojas de presentes tur\u00edsticos que desejem oferecer produtos aut\u00eanticos e cheios de car\u00e1cter, ideais como souvenirs de Barcelona que capturam a ess\u00eancia da cidade.<\/p>\n","protected":false},"excerpt":{"rendered":"<p>Galheteiro de cer\u00e2mica decorado com um design vibrante de salamandras, representativo de Barcelona. Fabricada em cer\u00e2mica de alta qualidade, esta pe\u00e7a apresenta uma base bege e detalhes pintados \u00e0 m\u00e3o com cores vivas que evocam o esp\u00edrito art\u00edstico da cidade. A parte superior inclui um pr\u00e1tico doseador, ideal para o azeite, e a palavra &#8220;Barcelona&#8221; gravada, tornando-a uma elegante recorda\u00e7\u00e3o para os amantes da gastronomia e da cultura catal\u00e3.<\/p>\n","protected":false},"featured_media":7350,"template":"","meta":{"_acf_changed":false},"product_brand":[],"product_cat":[783],"product_tag":[516,515],"class_list":{"0":"post-26773","1":"product","2":"type-product","3":"status-publish","4":"has-post-thumbnail","6":"product_cat-galheteiros","7":"product_tag-animais","8":"product_tag-ceramica","9":"pa_ciudad-barcelona","10":"pa_motivo-salamandras","11":"pa_pais-espana","13":"first","14":"instock","15":"shipping-taxable","16":"product-type-simple"},"acf":[],"_links":{"self":[{"href":"https:\/\/olemosaic.com\/pt-pt\/wp-json\/wp\/v2\/product\/26773","targetHints":{"allow":["GET"]}}],"collection":[{"href":"https:\/\/olemosaic.com\/pt-pt\/wp-json\/wp\/v2\/product"}],"about":[{"href":"https:\/\/olemosaic.com\/pt-pt\/wp-json\/wp\/v2\/types\/product"}],"wp:featuredmedia":[{"embeddable":true,"href":"https:\/\/olemosaic.com\/pt-pt\/wp-json\/wp\/v2\/media\/7350"}],"wp:attachment":[{"href":"https:\/\/olemosaic.com\/pt-pt\/wp-json\/wp\/v2\/media?parent=26773"}],"wp:term":[{"taxonomy":"product_brand","embeddable":true,"href":"https:\/\/olemosaic.com\/pt-pt\/wp-json\/wp\/v2\/product_brand?post=26773"},{"taxonomy":"product_cat","embeddable":true,"href":"https:\/\/olemosaic.com\/pt-pt\/wp-json\/wp\/v2\/product_cat?post=26773"},{"taxonomy":"product_tag","embeddable":true,"href":"https:\/\/olemosaic.com\/pt-pt\/wp-json\/wp\/v2\/product_tag?post=26773"}],"curies":[{"name":"wp","href":"https:\/\/api.w.org\/{rel}","templated":true}]}}