{"id":26721,"date":"2025-02-20T23:28:27","date_gmt":"2025-02-20T22:28:27","guid":{"rendered":"http:\/\/olemosaic.com\/producto\/6-vasos-de-chupito-de-vidrio-metalizado-3\/"},"modified":"2025-07-25T20:31:35","modified_gmt":"2025-07-25T18:31:35","slug":"6-copos-de-shot-de-vidro-metalizado-barcelona","status":"publish","type":"product","link":"https:\/\/olemosaic.com\/pt-pt\/produto\/6-copos-de-shot-de-vidro-metalizado-barcelona\/","title":{"rendered":"Conjunto de 6 copos de shot de vidro metalizado. Barcelona."},"content":{"rendered":"<p>Desfrute da ess\u00eancia de Barcelona com este atraente conjunto de 6 copos de shot de vidro metalizado, um souvenir ideal para brindar em qualquer celebra\u00e7\u00e3o. Cada copo apresenta uma vibrante paleta de cores, destacando os tons de p\u00farpura, verde, vermelho, amarelo, azul e \u00e1gua-marinha, o que os torna uma op\u00e7\u00e3o visualmente cativante para qualquer evento. As delicadas ilustra\u00e7\u00f5es de cada copo, juntamente com o nome &#8220;Barcelona&#8221; numa tipografia elegante, acrescentam um toque distintivo que evoca a rica cultura e o dinamismo da cidade.<\/p>\n<p>A metaliza\u00e7\u00e3o dos copos proporciona um acabamento contempor\u00e2neo que n\u00e3o s\u00f3 os torna esteticamente atraentes, mas tamb\u00e9m perfeitos para desfrutar das suas bebidas favoritas com estilo. Seja numa festa, durante um jantar especial ou como parte de um souvenir representativo da sua visita \u00e0 bela capital catal\u00e3, estes copos s\u00e3o uma recorda\u00e7\u00e3o aut\u00eantica que captura a alegria e a vibrante vida de Barcelona.<\/p>\n<p>Na Ol\u00e9 Mosaic, como grossistas de souvenirs, oferecemos produtos de qualidade que enaltecem a cultura local. Este conjunto de copos de shot \u00e9 uma excelente op\u00e7\u00e3o para lojas de presentes tur\u00edsticos, proporcionando aos seus clientes um peda\u00e7o de Barcelona que guardar\u00e3o durante muito tempo.<\/p>\n","protected":false},"excerpt":{"rendered":"<p>Conjunto de 6 copos de shot de vidro metalizado, decorados com vistosas ilustra\u00e7\u00f5es em cores vibrantes que evocam a ess\u00eancia de Barcelona. Cada copo apresenta um design muito especial, com motivos em tons de p\u00farpura, verde, vermelho, amarelo, azul e \u00e1gua-marinha, e o nome &#8220;Barcelona&#8221; escrito numa tipografia elegante. O seu acabamento metalizado acrescenta um toque moderno e atraente, ideal para brindar em celebra\u00e7\u00f5es ou como recorda\u00e7\u00e3o desta bela cidade. Estes copos s\u00e3o perfeitos para desfrutar das suas bebidas favoritas com estilo.<\/p>\n","protected":false},"featured_media":11211,"template":"","meta":{"_acf_changed":false},"product_brand":[],"product_cat":[815],"product_tag":[],"class_list":{"0":"post-26721","1":"product","2":"type-product","3":"status-publish","4":"has-post-thumbnail","6":"product_cat-copos-de-shot","7":"pa_ciudad-barcelona","8":"pa_motivo-salamandras","9":"pa_pais-espana","11":"first","12":"instock","13":"shipping-taxable","14":"product-type-simple"},"acf":[],"_links":{"self":[{"href":"https:\/\/olemosaic.com\/pt-pt\/wp-json\/wp\/v2\/product\/26721","targetHints":{"allow":["GET"]}}],"collection":[{"href":"https:\/\/olemosaic.com\/pt-pt\/wp-json\/wp\/v2\/product"}],"about":[{"href":"https:\/\/olemosaic.com\/pt-pt\/wp-json\/wp\/v2\/types\/product"}],"wp:featuredmedia":[{"embeddable":true,"href":"https:\/\/olemosaic.com\/pt-pt\/wp-json\/wp\/v2\/media\/11211"}],"wp:attachment":[{"href":"https:\/\/olemosaic.com\/pt-pt\/wp-json\/wp\/v2\/media?parent=26721"}],"wp:term":[{"taxonomy":"product_brand","embeddable":true,"href":"https:\/\/olemosaic.com\/pt-pt\/wp-json\/wp\/v2\/product_brand?post=26721"},{"taxonomy":"product_cat","embeddable":true,"href":"https:\/\/olemosaic.com\/pt-pt\/wp-json\/wp\/v2\/product_cat?post=26721"},{"taxonomy":"product_tag","embeddable":true,"href":"https:\/\/olemosaic.com\/pt-pt\/wp-json\/wp\/v2\/product_tag?post=26721"}],"curies":[{"name":"wp","href":"https:\/\/api.w.org\/{rel}","templated":true}]}}