{"id":26720,"date":"2025-02-20T23:28:26","date_gmt":"2025-02-20T22:28:26","guid":{"rendered":"http:\/\/olemosaic.com\/producto\/mantequera-de-ceramica-panoramica-barcelona-beige-185-cm\/"},"modified":"2025-07-25T18:36:06","modified_gmt":"2025-07-25T16:36:06","slug":"manteigueira-de-ceramica-panoramica-barcelona-bege-18-5-cm","status":"publish","type":"product","link":"https:\/\/olemosaic.com\/pt-pt\/produto\/manteigueira-de-ceramica-panoramica-barcelona-bege-18-5-cm\/","title":{"rendered":"Manteigueira de cer\u00e2mica Panor\u00e2mica. Barcelona. Bege. 18,5 cm."},"content":{"rendered":"<p>Desfrute da ess\u00eancia de Barcelona com esta elegante manteigueira de cer\u00e2mica panor\u00e2mica, perfeita para apresentar a manteiga com um toque de estilo e tradi\u00e7\u00e3o. Com um design atraente, esta pe\u00e7a destaca-se pela sua pintura \u00e0 m\u00e3o, que apresenta coloridos motivos representativos da cidade, incluindo a imponente Sagrada Fam\u00edlia e o vibrante Parque G\u00fcell. O acabamento em tom bege contrasta de forma harmoniosa com os vivos detalhes em laranja, criando uma pe\u00e7a que n\u00e3o \u00e9 apenas funcional, mas tamb\u00e9m uma aut\u00eantica homenagem \u00e0 cultura catal\u00e3.<\/p>\n<p>Com medidas de 18,5 cm de comprimento, esta manteigueira \u00e9 ideal para a mesa de qualquer amante da gastronomia e da arte. O seu design cativa a aten\u00e7\u00e3o de todos os presentes, servindo como um ponto de conversa sobre a rica hist\u00f3ria e as tradi\u00e7\u00f5es de Barcelona. Este souvenir da cidade condal n\u00e3o serve apenas como um \u00fatil acess\u00f3rio de cozinha, mas tamb\u00e9m como uma recorda\u00e7\u00e3o cultural significativa que celebra a criatividade e a arquitetura da regi\u00e3o.<\/p>\n<p>Na Ol\u00e9 Mosaic, como distribuidores de souvenirs por grosso, oferecemos esta manteigueira de cer\u00e2mica que representar\u00e1 na perfei\u00e7\u00e3o o seu compromisso com a qualidade e a autenticidade. Perfeita para lojas de presentes tur\u00edsticos que procuram capturar a magia de Barcelona em cada canto.<\/p>\n","protected":false},"excerpt":{"rendered":"<p>Manteigueira de cer\u00e2mica com design panor\u00e2mico de Barcelona, ideal para apresentar a manteiga com estilo. Pintada com estilo artesanal, esta pe\u00e7a destaca-se pelos seus coloridos motivos que representam \u00edcones da cidade, como a Sagrada Fam\u00edlia e o Parque G\u00fcell. Com um acabamento em tom bege e detalhes em laranja, mede 18,5 cm de comprimento e acrescenta um toque cultural \u00e0 sua mesa, sendo perfeita para os amantes da gastronomia e da arte.<\/p>\n","protected":false},"featured_media":7747,"template":"","meta":{"_acf_changed":false},"product_brand":[],"product_cat":[638],"product_tag":[515],"class_list":{"0":"post-26720","1":"product","2":"type-product","3":"status-publish","4":"has-post-thumbnail","6":"product_cat-batedeiras-de-manteiga","7":"product_tag-ceramica","8":"pa_ciudad-barcelona","9":"pa_motivo-panoramas","10":"pa_pais-espana","12":"first","13":"instock","14":"shipping-taxable","15":"product-type-simple"},"acf":[],"_links":{"self":[{"href":"https:\/\/olemosaic.com\/pt-pt\/wp-json\/wp\/v2\/product\/26720","targetHints":{"allow":["GET"]}}],"collection":[{"href":"https:\/\/olemosaic.com\/pt-pt\/wp-json\/wp\/v2\/product"}],"about":[{"href":"https:\/\/olemosaic.com\/pt-pt\/wp-json\/wp\/v2\/types\/product"}],"wp:featuredmedia":[{"embeddable":true,"href":"https:\/\/olemosaic.com\/pt-pt\/wp-json\/wp\/v2\/media\/7747"}],"wp:attachment":[{"href":"https:\/\/olemosaic.com\/pt-pt\/wp-json\/wp\/v2\/media?parent=26720"}],"wp:term":[{"taxonomy":"product_brand","embeddable":true,"href":"https:\/\/olemosaic.com\/pt-pt\/wp-json\/wp\/v2\/product_brand?post=26720"},{"taxonomy":"product_cat","embeddable":true,"href":"https:\/\/olemosaic.com\/pt-pt\/wp-json\/wp\/v2\/product_cat?post=26720"},{"taxonomy":"product_tag","embeddable":true,"href":"https:\/\/olemosaic.com\/pt-pt\/wp-json\/wp\/v2\/product_tag?post=26720"}],"curies":[{"name":"wp","href":"https:\/\/api.w.org\/{rel}","templated":true}]}}