{"id":26665,"date":"2025-02-20T23:28:26","date_gmt":"2025-02-20T22:28:26","guid":{"rendered":"http:\/\/olemosaic.com\/producto\/bol-de-coco-caballito-de-mar\/"},"modified":"2025-07-25T20:11:58","modified_gmt":"2025-07-25T18:11:58","slug":"taca-de-coco-cavalo-marinho","status":"publish","type":"product","link":"https:\/\/olemosaic.com\/pt-pt\/produto\/taca-de-coco-cavalo-marinho\/","title":{"rendered":"Ta\u00e7a de coco. Cavalo-marinho."},"content":{"rendered":"<p>Desfrute desta ta\u00e7a de coco decorada com um encantador cavalo-marinho, uma pe\u00e7a que evoca o calor e a beleza dos ambientes tropicais. Esta ta\u00e7a apresenta um design vibrante com mosaicos elaborados em tons vivos de rosa, azul e roxo, que se entrela\u00e7am num atrativo contraste com o fundo claro, conferindo uma est\u00e9tica fresca e alegre a qualquer espa\u00e7o. A t\u00e9cnica artesanal inclui detalhes delicados de conchas que real\u00e7am a sua autenticidade e a tornam uma pe\u00e7a \u00fanica, ideal tanto para servir aperitivos como para ser um elegante elemento decorativo sobre a mesa.<\/p>\n<p>O cavalo-marinho, um s\u00edmbolo de gra\u00e7a e tranquilidade no mundo marinho, est\u00e1 belamente representado no centro da ta\u00e7a, conseguindo captar a aten\u00e7\u00e3o dos amantes da natureza e da vida marinha. Esta ta\u00e7a reflete a tradi\u00e7\u00e3o artesanal da regi\u00e3o, onde a cria\u00e7\u00e3o de objetos decorativos em coco foi aperfei\u00e7oada ao longo dos anos, tornando-se recorda\u00e7\u00f5es significativas para os visitantes. Com o seu acabamento brilhante e design muito especial, esta ta\u00e7a de coco \u00e9 uma recorda\u00e7\u00e3o perfeita para turistas que procuram levar um peda\u00e7o de cultura e beleza tropical para as suas casas. Na Ol\u00e9 Mosaic, especializamo-nos na distribui\u00e7\u00e3o de recorda\u00e7\u00f5es artesanais por grosso, e esta ta\u00e7a de coco representa a qualidade e criatividade que procuramos oferecer \u00e0s nossas lojas associadas.<\/p>\n","protected":false},"excerpt":{"rendered":"<p>Ta\u00e7a de coco decorada com um precioso cavalo-marinho, ideal para dar um toque tropical a qualquer ambiente. Esta ta\u00e7a apresenta um design colorido, com mosaicos de tons vivos em rosa, azul e roxo, que contrastam de forma atrativa com o fundo claro. A t\u00e9cnica de elabora\u00e7\u00e3o inclui detalhes de conchas e um acabamento brilhante, o que a torna uma pe\u00e7a \u00fanica e artesanal, perfeita para servir aperitivos ou como elemento decorativo na mesa.<\/p>\n","protected":false},"featured_media":11801,"template":"","meta":{"_acf_changed":false},"product_brand":[],"product_cat":[513],"product_tag":[516],"class_list":{"0":"post-26665","1":"product","2":"type-product","3":"status-publish","4":"has-post-thumbnail","6":"product_cat-bols","7":"product_tag-animais","8":"pa_motivo-cavalos-marinhos","10":"first","11":"instock","12":"shipping-taxable","13":"product-type-simple"},"acf":[],"_links":{"self":[{"href":"https:\/\/olemosaic.com\/pt-pt\/wp-json\/wp\/v2\/product\/26665","targetHints":{"allow":["GET"]}}],"collection":[{"href":"https:\/\/olemosaic.com\/pt-pt\/wp-json\/wp\/v2\/product"}],"about":[{"href":"https:\/\/olemosaic.com\/pt-pt\/wp-json\/wp\/v2\/types\/product"}],"wp:featuredmedia":[{"embeddable":true,"href":"https:\/\/olemosaic.com\/pt-pt\/wp-json\/wp\/v2\/media\/11801"}],"wp:attachment":[{"href":"https:\/\/olemosaic.com\/pt-pt\/wp-json\/wp\/v2\/media?parent=26665"}],"wp:term":[{"taxonomy":"product_brand","embeddable":true,"href":"https:\/\/olemosaic.com\/pt-pt\/wp-json\/wp\/v2\/product_brand?post=26665"},{"taxonomy":"product_cat","embeddable":true,"href":"https:\/\/olemosaic.com\/pt-pt\/wp-json\/wp\/v2\/product_cat?post=26665"},{"taxonomy":"product_tag","embeddable":true,"href":"https:\/\/olemosaic.com\/pt-pt\/wp-json\/wp\/v2\/product_tag?post=26665"}],"curies":[{"name":"wp","href":"https:\/\/api.w.org\/{rel}","templated":true}]}}