{"id":26663,"date":"2025-02-20T23:28:25","date_gmt":"2025-02-20T22:28:25","guid":{"rendered":"http:\/\/olemosaic.com\/producto\/botella-inox-500-ml-salamandra-barcelona\/"},"modified":"2025-07-25T18:36:18","modified_gmt":"2025-07-25T16:36:18","slug":"garrafa-inox-500-ml-salamandra-barcelona","status":"publish","type":"product","link":"https:\/\/olemosaic.com\/pt-pt\/produto\/garrafa-inox-500-ml-salamandra-barcelona\/","title":{"rendered":"Garrafa inox. 500 ml. Salamandra. Barcelona."},"content":{"rendered":"<p>Desfrute desta elegante garrafa de a\u00e7o inoxid\u00e1vel de 500 ml, decorada com um design vibrante de salamandra que presta homenagem aos coloridos mosaicos do emblem\u00e1tico Park G\u00fcell de Barcelona. Esta pe\u00e7a destaca-se pelo seu acabamento brilhante, que real\u00e7a as cores vivas da salamandra, um s\u00edmbolo de renova\u00e7\u00e3o e vitalidade, rodeada por um cativante fundo de formas geom\u00e9tricas em tons de branco e cinzento, que evocam a arquitetura singular de Antoni Gaud\u00ed. Ideal para manter as suas bebidas frias durante todo o dia, a sua tampa herm\u00e9tica garante uma selagem segura, o que a torna uma recorda\u00e7\u00e3o funcional e estilizada. Este artigo n\u00e3o s\u00f3 \u00e9 perfeito para quem procura uma recorda\u00e7\u00e3o aut\u00eantica de Espanha, como tamb\u00e9m representa a arte e a cultura de Barcelona, uma cidade famosa pela sua rica heran\u00e7a arquitet\u00f3nica e art\u00edstica. Na Ol\u00e9 Mosaic, somos distribuidores de recorda\u00e7\u00f5es de qualidade, e esta garrafa \u00e9 um excelente investimento para as lojas de presentes tur\u00edsticos que desejem oferecer produtos memor\u00e1veis e representativos da cultura espanhola. Com esta garrafa de salamandra, cada gole recordar\u00e1 a magia de Barcelona.<\/p>\n","protected":false},"excerpt":{"rendered":"<p>Garrafa de a\u00e7o inoxid\u00e1vel de 500 ml decorada com um design vibrante de salamandra, inspirado nos mosaicos do Parque G\u00fcell de Barcelona. Este produto, com um acabamento brilhante, real\u00e7a as cores vivas da salamandra, rodeada por um fundo de formas geom\u00e9tricas em tons de branco e cinzento. Perfeita para manter as suas bebidas frias, a sua tampa herm\u00e9tica assegura uma selagem perfeita, tornando-a uma recorda\u00e7\u00e3o funcional e com estilo.<\/p>\n","protected":false},"featured_media":9784,"template":"","meta":{"_acf_changed":false},"product_brand":[],"product_cat":[786],"product_tag":[516],"class_list":{"0":"post-26663","1":"product","2":"type-product","3":"status-publish","4":"has-post-thumbnail","6":"product_cat-garrafas-inox","7":"product_tag-animais","8":"pa_ciudad-barcelona","9":"pa_motivo-salamandras","10":"pa_pais-espana","12":"first","13":"instock","14":"shipping-taxable","15":"product-type-simple"},"acf":[],"_links":{"self":[{"href":"https:\/\/olemosaic.com\/pt-pt\/wp-json\/wp\/v2\/product\/26663","targetHints":{"allow":["GET"]}}],"collection":[{"href":"https:\/\/olemosaic.com\/pt-pt\/wp-json\/wp\/v2\/product"}],"about":[{"href":"https:\/\/olemosaic.com\/pt-pt\/wp-json\/wp\/v2\/types\/product"}],"wp:featuredmedia":[{"embeddable":true,"href":"https:\/\/olemosaic.com\/pt-pt\/wp-json\/wp\/v2\/media\/9784"}],"wp:attachment":[{"href":"https:\/\/olemosaic.com\/pt-pt\/wp-json\/wp\/v2\/media?parent=26663"}],"wp:term":[{"taxonomy":"product_brand","embeddable":true,"href":"https:\/\/olemosaic.com\/pt-pt\/wp-json\/wp\/v2\/product_brand?post=26663"},{"taxonomy":"product_cat","embeddable":true,"href":"https:\/\/olemosaic.com\/pt-pt\/wp-json\/wp\/v2\/product_cat?post=26663"},{"taxonomy":"product_tag","embeddable":true,"href":"https:\/\/olemosaic.com\/pt-pt\/wp-json\/wp\/v2\/product_tag?post=26663"}],"curies":[{"name":"wp","href":"https:\/\/api.w.org\/{rel}","templated":true}]}}