{"id":26657,"date":"2025-02-20T22:28:25","date_gmt":"2025-02-20T22:28:25","guid":{"rendered":"http:\/\/olemosaic.com\/producto\/4-bols-de-coco-de-13-x-6-cm-animales-del-mar-menorca\/"},"modified":"2025-07-25T20:22:43","modified_gmt":"2025-07-25T18:22:43","slug":"4-tacas-de-coco-de-13-x-6-cm-animais-do-mar-menorca","status":"publish","type":"product","link":"https:\/\/olemosaic.com\/pt-pt\/produto\/4-tacas-de-coco-de-13-x-6-cm-animais-do-mar-menorca\/","title":{"rendered":"4 Ta\u00e7as de coco de 13 x 6 cm. Animais do mar. Menorca."},"content":{"rendered":"<p>Descubra as nossas vibrantes ta\u00e7as de coco, um aut\u00eantico souvenir de Menorca que captura a ess\u00eancia desta preciosa ilha balear. Cada ta\u00e7a, com um tamanho de 13 x 6 cm, \u00e9 meticulosamente elaborada com coco, oferecendo uma base natural e elegante. O seu interior apresenta um alegre mosaico de cores que combina tons de laranja, rosa e azul, evocando a beleza do mar Mediterr\u00e2neo. No centro de cada ta\u00e7a, encontrar\u00e1 encantadoras ilustra\u00e7\u00f5es de um golfinho, uma tartaruga e um lagarto, juntamente com o texto &#8220;Menorca&#8221;, que real\u00e7a a sua autenticidade e liga\u00e7\u00e3o cultural.<\/p>\n<p>Estas ta\u00e7as n\u00e3o s\u00f3 s\u00e3o funcionais, como tamb\u00e9m decorativas, ideais para adicionar um toque distintivo e cultural a qualquer espa\u00e7o. Seja como um centro de mesa atraente ou como um presente especial, o seu design \u00fanico torna-as a escolha perfeita para quem procura levar um peda\u00e7o da rica tradi\u00e7\u00e3o de Menorca. Sendo um produto representativo da flora e fauna local, s\u00e3o uma excelente op\u00e7\u00e3o para turistas e amantes da natureza.<\/p>\n<p>Na Ol\u00e9 Mosaic, especializamo-nos na distribui\u00e7\u00e3o de souvenirs por grosso, oferecendo estas magn\u00edficas ta\u00e7as de coco que celebram a vida marinha de Menorca. Adicione estes souvenirs \u00e0 sua loja e ofere\u00e7a aos seus clientes uma recorda\u00e7\u00e3o aut\u00eantica e cheia de cor da sua visita a esta encantadora ilha.<\/p>\n","protected":false},"excerpt":{"rendered":"<p>Ta\u00e7as de coco de 13 x 6 cm, decoradas com motivos marinhos que evocam a ess\u00eancia de Menorca. Cada ta\u00e7a, elaborada com coco, apresenta um colorido mosaico que combina vibrantes tons de laranja, rosa e azul. No centro, apreciam-se ilustra\u00e7\u00f5es de um golfinho, uma tartaruga e uma lagartixa, acompanhadas da palavra &#8220;Menorca&#8221;. S\u00e3o perfeitas para adicionar um toque distintivo e cultural a qualquer espa\u00e7o, ou como presente.<\/p>\n","protected":false},"featured_media":13789,"template":"","meta":{"_acf_changed":false},"product_brand":[],"product_cat":[513],"product_tag":[516],"class_list":{"0":"post-26657","1":"product","2":"type-product","3":"status-publish","4":"has-post-thumbnail","6":"product_cat-bols","7":"product_tag-animais","8":"pa_ciudad-menorca","9":"pa_motivo-animais-marinhos","10":"pa_pais-espana","12":"first","13":"instock","14":"shipping-taxable","15":"product-type-simple"},"acf":[],"_links":{"self":[{"href":"https:\/\/olemosaic.com\/pt-pt\/wp-json\/wp\/v2\/product\/26657","targetHints":{"allow":["GET"]}}],"collection":[{"href":"https:\/\/olemosaic.com\/pt-pt\/wp-json\/wp\/v2\/product"}],"about":[{"href":"https:\/\/olemosaic.com\/pt-pt\/wp-json\/wp\/v2\/types\/product"}],"wp:featuredmedia":[{"embeddable":true,"href":"https:\/\/olemosaic.com\/pt-pt\/wp-json\/wp\/v2\/media\/13789"}],"wp:attachment":[{"href":"https:\/\/olemosaic.com\/pt-pt\/wp-json\/wp\/v2\/media?parent=26657"}],"wp:term":[{"taxonomy":"product_brand","embeddable":true,"href":"https:\/\/olemosaic.com\/pt-pt\/wp-json\/wp\/v2\/product_brand?post=26657"},{"taxonomy":"product_cat","embeddable":true,"href":"https:\/\/olemosaic.com\/pt-pt\/wp-json\/wp\/v2\/product_cat?post=26657"},{"taxonomy":"product_tag","embeddable":true,"href":"https:\/\/olemosaic.com\/pt-pt\/wp-json\/wp\/v2\/product_tag?post=26657"}],"curies":[{"name":"wp","href":"https:\/\/api.w.org\/{rel}","templated":true}]}}