{"id":26656,"date":"2025-02-20T22:28:25","date_gmt":"2025-02-20T22:28:25","guid":{"rendered":"http:\/\/olemosaic.com\/producto\/4-bols-de-coco-de-13-x-6-cm-delfin-tenerife\/"},"modified":"2025-07-25T19:51:55","modified_gmt":"2025-07-25T17:51:55","slug":"4-tacas-de-coco-de-13-x-6-cm-golfinho-tenerife","status":"publish","type":"product","link":"https:\/\/olemosaic.com\/pt-pt\/produto\/4-tacas-de-coco-de-13-x-6-cm-golfinho-tenerife\/","title":{"rendered":"4 Ta\u00e7as de coco de 13 x 6 cm. Golfinho. Tenerife."},"content":{"rendered":"<p>Descubra as nossas vibrantes ta\u00e7as de coco inspiradas na fauna marinha de Tenerife. Este conjunto inclui quatro ta\u00e7as de 13 x 6 cm, cada uma com um design \u00fanico que destaca os ic\u00f3nicos golfinhos, elementos representativos da cultura can\u00e1ria. Cada ta\u00e7a apresenta um acabamento brilhante que simula a textura de pedras polidas, com uma paleta de cores vivas que abrange tons azuis, rosas e amarelos. Os alegres motivos decorativos n\u00e3o s\u00f3 conferem um toque ex\u00f3tico, como tamb\u00e9m evocam a beleza natural do oceano que rodeia as Ilhas Can\u00e1rias.<\/p>\n<p>Estas ta\u00e7as s\u00e3o vers\u00e1teis para servir aperitivos ou como elementos decorativos em qualquer ambiente, tornando-se um ponto focal atraente na decora\u00e7\u00e3o da casa. O seu design n\u00e3o s\u00f3 celebra a vida marinha de Tenerife, como tamb\u00e9m representa a destreza artesanal da regi\u00e3o, fazendo de cada pe\u00e7a um aut\u00eantico souvenir que conta uma hist\u00f3ria cultural. Na Ol\u00e9 Mosaic, orgulhamo-nos de ser distribuidores de souvenirs aut\u00eanticos por grosso, e este conjunto de ta\u00e7as de coco \u00e9 uma excelente op\u00e7\u00e3o para lojas de presentes tur\u00edsticos que procuram oferecer produtos representativos e cheios de cor. Adicione um pedacinho de Tenerife \u00e0 sua oferta de souvenirs e surpreenda os seus clientes com a frescura e originalidade destas encantadoras ta\u00e7as.<\/p>\n","protected":false},"excerpt":{"rendered":"<p>Ta\u00e7as de coco de 13 x 6 cm, com bonitos designs de golfinhos inspirados na fauna marinha de Tenerife. Cada ta\u00e7a apresenta um acabamento brilhante e decorativo, com motivos em tons de azul, rosa e amarelo que imitam a textura de pedras polidas. Ideais para servir aperitivos ou como elemento decorativo, estas ta\u00e7as s\u00e3o uma representa\u00e7\u00e3o colorida da vida nas Ilhas Can\u00e1rias e conferem um toque ex\u00f3tico a qualquer espa\u00e7o.<\/p>\n","protected":false},"featured_media":12122,"template":"","meta":{"_acf_changed":false},"product_brand":[],"product_cat":[513],"product_tag":[516],"class_list":{"0":"post-26656","1":"product","2":"type-product","3":"status-publish","4":"has-post-thumbnail","6":"product_cat-bols","7":"product_tag-animais","8":"pa_ciudad-tenerife","9":"pa_motivo-golfinhos","10":"pa_pais-espana","12":"first","13":"instock","14":"shipping-taxable","15":"product-type-simple"},"acf":[],"_links":{"self":[{"href":"https:\/\/olemosaic.com\/pt-pt\/wp-json\/wp\/v2\/product\/26656","targetHints":{"allow":["GET"]}}],"collection":[{"href":"https:\/\/olemosaic.com\/pt-pt\/wp-json\/wp\/v2\/product"}],"about":[{"href":"https:\/\/olemosaic.com\/pt-pt\/wp-json\/wp\/v2\/types\/product"}],"wp:featuredmedia":[{"embeddable":true,"href":"https:\/\/olemosaic.com\/pt-pt\/wp-json\/wp\/v2\/media\/12122"}],"wp:attachment":[{"href":"https:\/\/olemosaic.com\/pt-pt\/wp-json\/wp\/v2\/media?parent=26656"}],"wp:term":[{"taxonomy":"product_brand","embeddable":true,"href":"https:\/\/olemosaic.com\/pt-pt\/wp-json\/wp\/v2\/product_brand?post=26656"},{"taxonomy":"product_cat","embeddable":true,"href":"https:\/\/olemosaic.com\/pt-pt\/wp-json\/wp\/v2\/product_cat?post=26656"},{"taxonomy":"product_tag","embeddable":true,"href":"https:\/\/olemosaic.com\/pt-pt\/wp-json\/wp\/v2\/product_tag?post=26656"}],"curies":[{"name":"wp","href":"https:\/\/api.w.org\/{rel}","templated":true}]}}