{"id":26655,"date":"2025-02-20T23:28:25","date_gmt":"2025-02-20T22:28:25","guid":{"rendered":"http:\/\/olemosaic.com\/producto\/4-bols-de-coco-de-13-x-6-cm-salamandra\/"},"modified":"2025-07-25T19:15:30","modified_gmt":"2025-07-25T17:15:30","slug":"4-tacas-de-coco-de-13-x-6-cm-salamandra","status":"publish","type":"product","link":"https:\/\/olemosaic.com\/pt-pt\/produto\/4-tacas-de-coco-de-13-x-6-cm-salamandra\/","title":{"rendered":"4 Ta\u00e7as de coco de 13 x 6 cm. Salamandra."},"content":{"rendered":"<p>Descubra as nossas vibrantes ta\u00e7as de coco decoradas com salamandras, um conjunto de quatro pe\u00e7as perfeitas para dar um toque alegre e ex\u00f3tico a qualquer espa\u00e7o. Cada ta\u00e7a, com as medidas de 13 x 6 cm, apresenta um design muito especial em cores intensas como azul, vermelho, laranja e rosa, real\u00e7ado por um acabamento brilhante que captura a luz de forma maravilhosa. No centro de cada ta\u00e7a, uma elegante ilustra\u00e7\u00e3o de uma salamandra, s\u00edmbolo de transforma\u00e7\u00e3o e adapta\u00e7\u00e3o, confere um significado cultural extra a estes encantadores objetos.<\/p>\n<p>Estas ta\u00e7as n\u00e3o s\u00f3 s\u00e3o perfeitas para servir aperitivos ou tapas em reuni\u00f5es familiares, como tamb\u00e9m funcionam como elementos decorativos que evocam a ess\u00eancia do Mediterr\u00e2neo, fazendo uma alus\u00e3o \u00e0 rica tradi\u00e7\u00e3o artesanal da regi\u00e3o. A sua t\u00e9cnica de elabora\u00e7\u00e3o garante que cada pe\u00e7a seja \u00fanica, tornando-as um souvenir aut\u00eantico, ideal para turistas que procuram recorda\u00e7\u00f5es representativas da sua experi\u00eancia.<\/p>\n<p>Na Ol\u00e9 Mosaic, dedicamo-nos \u00e0 distribui\u00e7\u00e3o de souvenirs por grosso que refletem a cultura e a arte local, e estas ta\u00e7as de coco s\u00e3o uma excelente op\u00e7\u00e3o para lojas de presentes tur\u00edsticos que desejam oferecer produtos de qualidade com uma forte liga\u00e7\u00e3o cultural. Escolher estes souvenirs de ta\u00e7as de coco \u00e9 optar por uma pe\u00e7a que, al\u00e9m de alegrar espa\u00e7os, conta uma hist\u00f3ria.<\/p>\n","protected":false},"excerpt":{"rendered":"<p>Ta\u00e7as de coco de 13 x 6 cm decoradas com motivos de salamandras, ideais para dar um toque vibrante a qualquer espa\u00e7o. Cada ta\u00e7a apresenta um acabamento brilhante e cores vivas, como azul, vermelho, laranja e rosa, com um design muito especial de salamandras no centro. A sua elabora\u00e7\u00e3o artesanal garante que cada pe\u00e7a seja \u00fanica, perfeita para decorar ou para servir aperitivos em reuni\u00f5es, evocando a ess\u00eancia mediterr\u00e2nica.<\/p>\n","protected":false},"featured_media":10630,"template":"","meta":{"_acf_changed":false},"product_brand":[],"product_cat":[513],"product_tag":[516],"class_list":{"0":"post-26655","1":"product","2":"type-product","3":"status-publish","4":"has-post-thumbnail","6":"product_cat-bols","7":"product_tag-animais","8":"pa_motivo-salamandras","10":"first","11":"instock","12":"shipping-taxable","13":"product-type-simple"},"acf":[],"_links":{"self":[{"href":"https:\/\/olemosaic.com\/pt-pt\/wp-json\/wp\/v2\/product\/26655","targetHints":{"allow":["GET"]}}],"collection":[{"href":"https:\/\/olemosaic.com\/pt-pt\/wp-json\/wp\/v2\/product"}],"about":[{"href":"https:\/\/olemosaic.com\/pt-pt\/wp-json\/wp\/v2\/types\/product"}],"wp:featuredmedia":[{"embeddable":true,"href":"https:\/\/olemosaic.com\/pt-pt\/wp-json\/wp\/v2\/media\/10630"}],"wp:attachment":[{"href":"https:\/\/olemosaic.com\/pt-pt\/wp-json\/wp\/v2\/media?parent=26655"}],"wp:term":[{"taxonomy":"product_brand","embeddable":true,"href":"https:\/\/olemosaic.com\/pt-pt\/wp-json\/wp\/v2\/product_brand?post=26655"},{"taxonomy":"product_cat","embeddable":true,"href":"https:\/\/olemosaic.com\/pt-pt\/wp-json\/wp\/v2\/product_cat?post=26655"},{"taxonomy":"product_tag","embeddable":true,"href":"https:\/\/olemosaic.com\/pt-pt\/wp-json\/wp\/v2\/product_tag?post=26655"}],"curies":[{"name":"wp","href":"https:\/\/api.w.org\/{rel}","templated":true}]}}