{"id":26654,"date":"2025-02-20T22:28:25","date_gmt":"2025-02-20T22:28:25","guid":{"rendered":"http:\/\/olemosaic.com\/producto\/saleros-de-ceramica-salamandra-y-flores-blanco\/"},"modified":"2025-07-25T18:47:02","modified_gmt":"2025-07-25T16:47:02","slug":"saleiros-de-ceramica-salamandra-e-flores-branco","status":"publish","type":"product","link":"https:\/\/olemosaic.com\/pt-pt\/produto\/saleiros-de-ceramica-salamandra-e-flores-branco\/","title":{"rendered":"Saleiros de cer\u00e2mica. Salamandra e flores. Branco."},"content":{"rendered":"<p>Descubra os nossos saleiros de cer\u00e2mica decorados com ilustra\u00e7\u00f5es vibrantes de salamandras e flores, uma obra de arte inspirada nos emblem\u00e1ticos mosaicos espanh\u00f3is. Cada saleiro apresenta um design cativante, com um fundo branco que real\u00e7a os tons intensos de vermelho, verde e azul que d\u00e3o vida \u00e0s salamandras, representando a riqueza da fauna e da flora locais. A disposi\u00e7\u00e3o destas cores, juntamente com a sua textura suave e brilhante, torna-os um elemento atraente n\u00e3o s\u00f3 para a mesa, mas tamb\u00e9m um souvenir distintivo que reflete a ess\u00eancia da arte e da cultura de Espanha.<\/p>\n<p>Estes saleiros s\u00e3o perfeitos para o uso di\u00e1rio, proporcionando um toque de originalidade e folclore a qualquer jantar ou evento. A sua mesa n\u00e3o s\u00f3 ser\u00e1 mais colorida, como tamb\u00e9m contar\u00e1 com um elemento que conta uma hist\u00f3ria, a da tradi\u00e7\u00e3o do mosaico que tanto caracteriza regi\u00f5es como a Andaluzia.<\/p>\n<p>Na Ol\u00e9 Mosaic, especializamo-nos na distribui\u00e7\u00e3o de souvenirs por grosso que capturam a ess\u00eancia cultural de Espanha. Estes saleiros, aut\u00eanticos souvenirs de cer\u00e2mica, s\u00e3o uma excelente op\u00e7\u00e3o para lojas de presentes tur\u00edsticos que procuram oferecer produtos de qualidade e relev\u00e2ncia cultural. Ao escolher os nossos saleiros decorados, n\u00e3o s\u00f3 adquire um artigo funcional, mas tamb\u00e9m uma representa\u00e7\u00e3o aut\u00eantica da tradi\u00e7\u00e3o art\u00edstica espanhola, ideal para os viajantes que desejam levar para casa um peda\u00e7o de cultura.<\/p>\n","protected":false},"excerpt":{"rendered":"<p>Saleiros de cer\u00e2mica decorados com ilustra\u00e7\u00f5es coloridas de salamandras e flores, inspiradas na arte do mosaico espanhol. Cada saleiro apresenta um design vibrante sobre um fundo branco que real\u00e7a os tons intensos de cores como o vermelho, o verde e o azul, criando um contraste chamativo. Ideais para adicionar um toque de folclore e originalidade a qualquer mesa, estes saleiros s\u00e3o perfeitos tanto para o uso di\u00e1rio como para um souvenir atraente.<\/p>\n","protected":false},"featured_media":8356,"template":"","meta":{"_acf_changed":false},"product_brand":[],"product_cat":[821],"product_tag":[516,515],"class_list":{"0":"post-26654","1":"product","2":"type-product","3":"status-publish","4":"has-post-thumbnail","6":"product_cat-saleiros","7":"product_tag-animais","8":"product_tag-ceramica","9":"pa_motivo-salamandras","11":"first","12":"instock","13":"shipping-taxable","14":"product-type-simple"},"acf":[],"_links":{"self":[{"href":"https:\/\/olemosaic.com\/pt-pt\/wp-json\/wp\/v2\/product\/26654","targetHints":{"allow":["GET"]}}],"collection":[{"href":"https:\/\/olemosaic.com\/pt-pt\/wp-json\/wp\/v2\/product"}],"about":[{"href":"https:\/\/olemosaic.com\/pt-pt\/wp-json\/wp\/v2\/types\/product"}],"wp:featuredmedia":[{"embeddable":true,"href":"https:\/\/olemosaic.com\/pt-pt\/wp-json\/wp\/v2\/media\/8356"}],"wp:attachment":[{"href":"https:\/\/olemosaic.com\/pt-pt\/wp-json\/wp\/v2\/media?parent=26654"}],"wp:term":[{"taxonomy":"product_brand","embeddable":true,"href":"https:\/\/olemosaic.com\/pt-pt\/wp-json\/wp\/v2\/product_brand?post=26654"},{"taxonomy":"product_cat","embeddable":true,"href":"https:\/\/olemosaic.com\/pt-pt\/wp-json\/wp\/v2\/product_cat?post=26654"},{"taxonomy":"product_tag","embeddable":true,"href":"https:\/\/olemosaic.com\/pt-pt\/wp-json\/wp\/v2\/product_tag?post=26654"}],"curies":[{"name":"wp","href":"https:\/\/api.w.org\/{rel}","templated":true}]}}