{"id":26596,"date":"2025-02-20T22:28:23","date_gmt":"2025-02-20T22:28:23","guid":{"rendered":"http:\/\/olemosaic.com\/producto\/4-bols-de-coco-de-13-x-6-cm-salamandra-tenerife-2\/"},"modified":"2025-07-25T19:41:46","modified_gmt":"2025-07-25T17:41:46","slug":"4-tacas-de-coco-de-13-x-6-cm-salamandra-tenerife-2","status":"publish","type":"product","link":"https:\/\/olemosaic.com\/pt-pt\/produto\/4-tacas-de-coco-de-13-x-6-cm-salamandra-tenerife-2\/","title":{"rendered":"4 Ta\u00e7as de coco de 13 x 6 cm. Salamandra. Tenerife."},"content":{"rendered":"<p>Descubra as nossas coloridas ta\u00e7as de coco de Tenerife, uma op\u00e7\u00e3o encantadora para quem procura lembran\u00e7as aut\u00eanticas e representativas das Ilhas Can\u00e1rias. Estas quatro ta\u00e7as de 13 x 6 cm brilham com motivos inspirados na fauna local, destacando de forma especial a simp\u00e1tica salamandra, s\u00edmbolo da biodiversidade de Tenerife. Cada ta\u00e7a \u00e9 \u00fanica, exibindo uma vibrante paleta de cores que inclui azul, preto, laranja e f\u00facsia, proporcionando um toque alegre e contempor\u00e2neo a qualquer espa\u00e7o. O acabamento brilhante real\u00e7a os detalhes de cora\u00e7\u00f5es que adornam a borda, conferindo um apelo visual que n\u00e3o passar\u00e1 desapercebido.<\/p>\n<p>Ideais tanto para o uso di\u00e1rio como para serem exibidas como pe\u00e7as decorativas, estas ta\u00e7as fundem arte e funcionalidade num elegante estilo can\u00e1rio. Ser\u00e3o uma recorda\u00e7\u00e3o perfeita de Tenerife, que evocar\u00e1 o calor e o encanto das ilhas cada vez que forem utilizadas. Na Ol\u00e9 Mosaic, especializados na distribui\u00e7\u00e3o por grosso de produtos t\u00edpicos, garantimos a autenticidade e qualidade em cada lembran\u00e7a, tornando estas ta\u00e7as uma op\u00e7\u00e3o irresist\u00edvel para lojas de presentes tur\u00edsticos que desejem oferecer aos seus clientes um peda\u00e7o da cultura can\u00e1ria.<\/p>\n","protected":false},"excerpt":{"rendered":"<p>Ta\u00e7as de coco de 13 x 6 cm, decoradas com motivos inspirados na fauna de Tenerife, com uma encantadora salamandra como protagonista. Cada ta\u00e7a apresenta um design vibrante em azul, preto, laranja e f\u00facsia, com um acabamento brilhante que real\u00e7a os detalhes em forma de cora\u00e7\u00f5es ao redor da borda. Ideais para o uso di\u00e1rio ou como pe\u00e7a decorativa, estas ta\u00e7as fundem arte e funcionalidade num estilo tipicamente can\u00e1rio.<\/p>\n","protected":false},"featured_media":10674,"template":"","meta":{"_acf_changed":false},"product_brand":[],"product_cat":[513],"product_tag":[516],"class_list":{"0":"post-26596","1":"product","2":"type-product","3":"status-publish","4":"has-post-thumbnail","6":"product_cat-bols","7":"product_tag-animais","8":"pa_ciudad-tenerife","9":"pa_motivo-salamandras","10":"pa_pais-espana","12":"first","13":"instock","14":"shipping-taxable","15":"product-type-simple"},"acf":[],"_links":{"self":[{"href":"https:\/\/olemosaic.com\/pt-pt\/wp-json\/wp\/v2\/product\/26596","targetHints":{"allow":["GET"]}}],"collection":[{"href":"https:\/\/olemosaic.com\/pt-pt\/wp-json\/wp\/v2\/product"}],"about":[{"href":"https:\/\/olemosaic.com\/pt-pt\/wp-json\/wp\/v2\/types\/product"}],"wp:featuredmedia":[{"embeddable":true,"href":"https:\/\/olemosaic.com\/pt-pt\/wp-json\/wp\/v2\/media\/10674"}],"wp:attachment":[{"href":"https:\/\/olemosaic.com\/pt-pt\/wp-json\/wp\/v2\/media?parent=26596"}],"wp:term":[{"taxonomy":"product_brand","embeddable":true,"href":"https:\/\/olemosaic.com\/pt-pt\/wp-json\/wp\/v2\/product_brand?post=26596"},{"taxonomy":"product_cat","embeddable":true,"href":"https:\/\/olemosaic.com\/pt-pt\/wp-json\/wp\/v2\/product_cat?post=26596"},{"taxonomy":"product_tag","embeddable":true,"href":"https:\/\/olemosaic.com\/pt-pt\/wp-json\/wp\/v2\/product_tag?post=26596"}],"curies":[{"name":"wp","href":"https:\/\/api.w.org\/{rel}","templated":true}]}}