{"id":26595,"date":"2025-02-20T22:28:23","date_gmt":"2025-02-20T22:28:23","guid":{"rendered":"http:\/\/olemosaic.com\/producto\/posavasos-de-ceramica-panoramica-barcelona\/"},"modified":"2025-07-25T18:48:41","modified_gmt":"2025-07-25T16:48:41","slug":"base-de-copos-de-ceramica-panoramica-barcelona","status":"publish","type":"product","link":"https:\/\/olemosaic.com\/pt-pt\/produto\/base-de-copos-de-ceramica-panoramica-barcelona\/","title":{"rendered":"Base de copos de cer\u00e2mica. Panor\u00e2mica. Barcelona."},"content":{"rendered":"<p>Descubra a nossa base de copos de cer\u00e2mica com uma vibrante panor\u00e2mica de Barcelona, uma joia que captura a ess\u00eancia art\u00edstica da cidade. Esta elegante base de copos apresenta uma colorida representa\u00e7\u00e3o da ic\u00f3nica Sagrada Fam\u00edlia, destacando a sua majestosa arquitetura, e outros edif\u00edcios emblem\u00e1ticos que fazem parte da paisagem urbana de Barcelona. Realizada em cer\u00e2mica de alta qualidade, o design de mosaico presta homenagem ao famoso estilo de Antoni Gaud\u00ed, incorporando uma explos\u00e3o de cores vivas, como o vermelho, o amarelo e o verde, sobre um fundo azul, que evoca a vitalidade e o dinamismo desta metr\u00f3pole catal\u00e3. A palavra &#8220;Barcelona&#8221; est\u00e1 gravada na parte superior, adicionando um toque distintivo e atraente que a torna uma recorda\u00e7\u00e3o perfeita.<\/p>\n<p>Esta base de copos n\u00e3o \u00e9 apenas uma pe\u00e7a funcional, mas uma representa\u00e7\u00e3o art\u00edstica do folclore e da cultura local, tornando-se uma excelente lembran\u00e7a para turistas que desejam levar um peda\u00e7o da vibrante vida barcelonesa. Ideal para presentes em lojas tur\u00edsticas, este artigo da Ol\u00e9 Mosaic \u00e9 um excelente exemplo de artesanato e autenticidade, oferecendo aos seus clientes uma forma simb\u00f3lica de recordar a sua visita \u00e0 cidade. Confere um toque de modernidade e tradi\u00e7\u00e3o a qualquer casa, sendo um elemento imprescind\u00edvel para quem procura lembran\u00e7as de Barcelona aut\u00eanticas e de qualidade.<\/p>\n","protected":false},"excerpt":{"rendered":"<p>Base de copos de cer\u00e2mica com uma vibrante vista panor\u00e2mica de Barcelona. Esta elegante base de copos apresenta uma colorida representa\u00e7\u00e3o da Sagrada Fam\u00edlia e de outros edif\u00edcios emblem\u00e1ticos da cidade, tudo com um estilo de mosaico que recorda a obra de Gaud\u00ed. Com um fundo azul, os detalhes em vermelho, amarelo e verde conferem um toque art\u00edstico, enquanto o nome &#8220;Barcelona&#8221; est\u00e1 impresso na parte superior, o que torna este produto um imprescind\u00edvel para os amantes da cidade.<\/p>\n","protected":false},"featured_media":8675,"template":"","meta":{"_acf_changed":false},"product_brand":[],"product_cat":[818],"product_tag":[515],"class_list":{"0":"post-26595","1":"product","2":"type-product","3":"status-publish","4":"has-post-thumbnail","6":"product_cat-bases-de-copos","7":"product_tag-ceramica","8":"pa_ciudad-barcelona","9":"pa_motivo-panoramas","10":"pa_pais-espana","12":"first","13":"instock","14":"shipping-taxable","15":"product-type-simple"},"acf":[],"_links":{"self":[{"href":"https:\/\/olemosaic.com\/pt-pt\/wp-json\/wp\/v2\/product\/26595","targetHints":{"allow":["GET"]}}],"collection":[{"href":"https:\/\/olemosaic.com\/pt-pt\/wp-json\/wp\/v2\/product"}],"about":[{"href":"https:\/\/olemosaic.com\/pt-pt\/wp-json\/wp\/v2\/types\/product"}],"wp:featuredmedia":[{"embeddable":true,"href":"https:\/\/olemosaic.com\/pt-pt\/wp-json\/wp\/v2\/media\/8675"}],"wp:attachment":[{"href":"https:\/\/olemosaic.com\/pt-pt\/wp-json\/wp\/v2\/media?parent=26595"}],"wp:term":[{"taxonomy":"product_brand","embeddable":true,"href":"https:\/\/olemosaic.com\/pt-pt\/wp-json\/wp\/v2\/product_brand?post=26595"},{"taxonomy":"product_cat","embeddable":true,"href":"https:\/\/olemosaic.com\/pt-pt\/wp-json\/wp\/v2\/product_cat?post=26595"},{"taxonomy":"product_tag","embeddable":true,"href":"https:\/\/olemosaic.com\/pt-pt\/wp-json\/wp\/v2\/product_tag?post=26595"}],"curies":[{"name":"wp","href":"https:\/\/api.w.org\/{rel}","templated":true}]}}