{"id":26593,"date":"2025-02-20T22:28:23","date_gmt":"2025-02-20T22:28:23","guid":{"rendered":"http:\/\/olemosaic.com\/producto\/6-vasos-de-chupito-de-vidrio-metalizado-2\/"},"modified":"2025-07-25T19:24:58","modified_gmt":"2025-07-25T17:24:58","slug":"6-copos-de-shot-de-vidro-metalizado-2","status":"publish","type":"product","link":"https:\/\/olemosaic.com\/pt-pt\/produto\/6-copos-de-shot-de-vidro-metalizado-2\/","title":{"rendered":"6 copos de shot de vidro metalizado."},"content":{"rendered":"<p>Descubra o nosso conjunto de 6 copos de shot de vidro metalizado, decorados com vibrantes motivos de lagartos, uma recorda\u00e7\u00e3o \u00fanica que captura a ess\u00eancia de Fuerteventura. Este colorido conjunto inclui copos em azul, verde, vermelho, prateado, roxo e dourado, cada um com um acabamento brilhante que real\u00e7a o seu apelo visual e adiciona um toque festivo a qualquer celebra\u00e7\u00e3o. Os desenhos de lagartos, s\u00edmbolo da fauna can\u00e1ria, evocam a beleza natural da ilha e o seu ambiente tropical, transformando cada copo numa pe\u00e7a de conversa.<\/p>\n<p>Perfeitos para desfrutar de bebidas t\u00edpicas, estes copos s\u00e3o ideais tanto para jantares informais como para eventos festivos, oferecendo um toque aut\u00eantico da cultura de Fuerteventura \u00e0s suas reuni\u00f5es. O seu design ergon\u00f3mico e colorido n\u00e3o s\u00f3 os torna funcionais, como tamb\u00e9m os transforma num atraente artigo decorativo que pode embelezar qualquer mesa.<\/p>\n<p>Ao escolher este conjunto de copos, estar\u00e1 a selecionar uma recorda\u00e7\u00e3o representativa que destaca a autenticidade e a extraordin\u00e1ria diversidade cultural das Can\u00e1rias. Na Ol\u00e9 Mosaic, especializamo-nos na distribui\u00e7\u00e3o de lembran\u00e7as por grosso, oferecendo artigos que refletem a riqueza das tradi\u00e7\u00f5es locais. Este conjunto de copos de shot \u00e9 uma excelente op\u00e7\u00e3o para lojas de presentes tur\u00edsticos que procuram produtos de qualidade, destacando o colorido e a cultura can\u00e1ria em cada reuni\u00e3o.<\/p>\n","protected":false},"excerpt":{"rendered":"<p>Conjunto de 6 copos de shot de vidro metalizado, decorados com motivos de lagartos em diferentes cores. Este conjunto inclui copos azuis, verdes, vermelhos, prateados, roxos e dourados, cada um com um acabamento brilhante que adiciona um toque vibrante a qualquer celebra\u00e7\u00e3o. S\u00e3o ideais para desfrutar de shots e s\u00e3o inspirados na cultura de Fuerteventura, capturando a ess\u00eancia das suas paisagens can\u00e1rias. Desfrute da experi\u00eancia de usar estes originais copos na sua pr\u00f3xima reuni\u00e3o.<\/p>\n","protected":false},"featured_media":11216,"template":"","meta":{"_acf_changed":false},"product_brand":[],"product_cat":[815],"product_tag":[],"class_list":{"0":"post-26593","1":"product","2":"type-product","3":"status-publish","4":"has-post-thumbnail","6":"product_cat-copos-de-shot","7":"pa_ciudad-fuerteventura","8":"pa_motivo-salamandras","9":"pa_pais-espana","11":"first","12":"instock","13":"shipping-taxable","14":"product-type-simple"},"acf":[],"_links":{"self":[{"href":"https:\/\/olemosaic.com\/pt-pt\/wp-json\/wp\/v2\/product\/26593","targetHints":{"allow":["GET"]}}],"collection":[{"href":"https:\/\/olemosaic.com\/pt-pt\/wp-json\/wp\/v2\/product"}],"about":[{"href":"https:\/\/olemosaic.com\/pt-pt\/wp-json\/wp\/v2\/types\/product"}],"wp:featuredmedia":[{"embeddable":true,"href":"https:\/\/olemosaic.com\/pt-pt\/wp-json\/wp\/v2\/media\/11216"}],"wp:attachment":[{"href":"https:\/\/olemosaic.com\/pt-pt\/wp-json\/wp\/v2\/media?parent=26593"}],"wp:term":[{"taxonomy":"product_brand","embeddable":true,"href":"https:\/\/olemosaic.com\/pt-pt\/wp-json\/wp\/v2\/product_brand?post=26593"},{"taxonomy":"product_cat","embeddable":true,"href":"https:\/\/olemosaic.com\/pt-pt\/wp-json\/wp\/v2\/product_cat?post=26593"},{"taxonomy":"product_tag","embeddable":true,"href":"https:\/\/olemosaic.com\/pt-pt\/wp-json\/wp\/v2\/product_tag?post=26593"}],"curies":[{"name":"wp","href":"https:\/\/api.w.org\/{rel}","templated":true}]}}