{"id":26557,"date":"2025-02-20T22:28:22","date_gmt":"2025-02-20T22:28:22","guid":{"rendered":"http:\/\/olemosaic.com\/producto\/cenicero-de-ceramica-de-10-cm-panoramica-barcelona-beige\/"},"modified":"2025-07-25T18:57:26","modified_gmt":"2025-07-25T16:57:26","slug":"cinzeiro-de-ceramica-de-10-cm-panoramica-barcelona-bege","status":"publish","type":"product","link":"https:\/\/olemosaic.com\/pt-pt\/produto\/cinzeiro-de-ceramica-de-10-cm-panoramica-barcelona-bege\/","title":{"rendered":"Cinzeiro de cer\u00e2mica de 10 cm. Panor\u00e2mica. Barcelona. Bege"},"content":{"rendered":"<p>Descubra o nosso encantador cinzeiro de cer\u00e2mica de 10 cm, uma pe\u00e7a que captura a ess\u00eancia vibrante de Barcelona. Este atraente cinzeiro apresenta uma colorida panor\u00e2mica da emblem\u00e1tica Sagrada Fam\u00edlia, com um design inspirado nos magn\u00edficos mosaicos de Antoni Gaud\u00ed. Os detalhes art\u00edsticos destacam-se numa paleta de tons bege e vermelho, criando um contraste visual cativante que o torna n\u00e3o apenas um elemento funcional, mas tamb\u00e9m uma pe\u00e7a decorativa excecional para qualquer casa ou espa\u00e7o.<\/p>\n<p>O cinzeiro exibe a palavra \u201cBarcelona\u201d em letras divertidas e coloridas, adicionando um toque l\u00fadico que reflete o encanto e a energia desta inconfund\u00edvel cidade espanhola. O seu acabamento \u00fanico e a sua facilidade de utiliza\u00e7\u00e3o tornam-no uma recorda\u00e7\u00e3o ideal para aqueles que desejam levar um peda\u00e7o de Barcelona. Este artigo n\u00e3o s\u00f3 representa a genialidade arquitet\u00f3nica de Gaud\u00ed, como tamb\u00e9m \u00e9 uma lembran\u00e7a tang\u00edvel da rica cultura catal\u00e3.<\/p>\n<p>Na Ol\u00e9 Mosaic, orgulhamo-nos de oferecer recorda\u00e7\u00f5es aut\u00eanticas de Barcelona por grosso, perfeitas para lojas de presentes tur\u00edsticos que procuram produtos representativos e de qualidade. Este cinzeiro de cer\u00e2mica \u00e9 uma excelente op\u00e7\u00e3o para os turistas que desejem recordar a sua visita \u00e0 vibrante cidade condal com um artigo decorativo e funcional.<\/p>\n","protected":false},"excerpt":{"rendered":"<p>Cinzeiro de cer\u00e2mica de 10 cm com uma colorida panor\u00e2mica de Barcelona. Este atraente cinzeiro mostra uma vibrante ilustra\u00e7\u00e3o da Sagrada Fam\u00edlia, desenhada com mosaicos que evocam o estilo \u00fanico de Gaud\u00ed. Os detalhes art\u00edsticos s\u00e3o acompanhados pela palavra &#8220;Barcelona&#8221; em letras divertidas e coloridas, um toque l\u00fadico que real\u00e7a o encanto da cidade. O seu acabamento em tons bege e vermelho torna-o um elemento decorativo ideal para qualquer casa.<\/p>\n","protected":false},"featured_media":7769,"template":"","meta":{"_acf_changed":false},"product_brand":[],"product_cat":[564],"product_tag":[515],"class_list":{"0":"post-26557","1":"product","2":"type-product","3":"status-publish","4":"has-post-thumbnail","6":"product_cat-cinzeiros","7":"product_tag-ceramica","8":"pa_ciudad-barcelona","9":"pa_motivo-panoramas","10":"pa_pais-espana","12":"first","13":"instock","14":"shipping-taxable","15":"product-type-simple"},"acf":[],"_links":{"self":[{"href":"https:\/\/olemosaic.com\/pt-pt\/wp-json\/wp\/v2\/product\/26557","targetHints":{"allow":["GET"]}}],"collection":[{"href":"https:\/\/olemosaic.com\/pt-pt\/wp-json\/wp\/v2\/product"}],"about":[{"href":"https:\/\/olemosaic.com\/pt-pt\/wp-json\/wp\/v2\/types\/product"}],"wp:featuredmedia":[{"embeddable":true,"href":"https:\/\/olemosaic.com\/pt-pt\/wp-json\/wp\/v2\/media\/7769"}],"wp:attachment":[{"href":"https:\/\/olemosaic.com\/pt-pt\/wp-json\/wp\/v2\/media?parent=26557"}],"wp:term":[{"taxonomy":"product_brand","embeddable":true,"href":"https:\/\/olemosaic.com\/pt-pt\/wp-json\/wp\/v2\/product_brand?post=26557"},{"taxonomy":"product_cat","embeddable":true,"href":"https:\/\/olemosaic.com\/pt-pt\/wp-json\/wp\/v2\/product_cat?post=26557"},{"taxonomy":"product_tag","embeddable":true,"href":"https:\/\/olemosaic.com\/pt-pt\/wp-json\/wp\/v2\/product_tag?post=26557"}],"curies":[{"name":"wp","href":"https:\/\/api.w.org\/{rel}","templated":true}]}}