{"id":26516,"date":"2025-02-20T22:28:21","date_gmt":"2025-02-20T22:28:21","guid":{"rendered":"http:\/\/olemosaic.com\/producto\/bol-de-coco-azul-sagrada-familia-barcelona\/"},"modified":"2025-07-25T19:25:37","modified_gmt":"2025-07-25T17:25:37","slug":"taca-de-coco-azul-sagrada-familia-barcelona","status":"publish","type":"product","link":"https:\/\/olemosaic.com\/pt-pt\/produto\/taca-de-coco-azul-sagrada-familia-barcelona\/","title":{"rendered":"Ta\u00e7a de coco azul. Sagrada Fam\u00edlia. Barcelona."},"content":{"rendered":"<p>Descubra a nossa ta\u00e7a de coco azul, inspirada na ic\u00f3nica Sagrada Fam\u00edlia de Barcelona. Esta atraente ta\u00e7a artesanal apresenta um design vibrante em tons azuis que evocam as cores do Mediterr\u00e2neo e os majestosos mosaicos que caracterizam a obra de Antoni Gaud\u00ed. No centro, destaca-se uma representa\u00e7\u00e3o estilizada da Sagrada Fam\u00edlia, rodeada de encantadores cora\u00e7\u00f5es que conferem um toque de calor e amor, ideal para adornar qualquer espa\u00e7o da casa.<\/p>\n<p>Fabricada de forma totalmente artesanal, cada ta\u00e7a \u00e9 \u00fanica gra\u00e7as \u00e0 meticulosa t\u00e9cnica de decora\u00e7\u00e3o \u00e0 m\u00e3o, que real\u00e7a a autenticidade da pe\u00e7a. A base da ta\u00e7a est\u00e1 adornada com um mosaico que recorda os detalhes arquitet\u00f3nicos deste emblem\u00e1tico monumento barcelon\u00eas, um s\u00edmbolo do modernismo catal\u00e3o que atrai milh\u00f5es de visitantes todos os anos.<\/p>\n<p>Esta ta\u00e7a de coco \u00e9 mais do que um simples objeto decorativo; \u00e9 um aut\u00eantico souvenir de Barcelona que liga quem a possui \u00e0 rica cultura e ao patrim\u00f3nio da regi\u00e3o. Uma excelente op\u00e7\u00e3o para turistas \u00e0 procura de recorda\u00e7\u00f5es representativas e significativas, esta ta\u00e7a destaca-se n\u00e3o s\u00f3 pela sua beleza, mas tamb\u00e9m pela sua relev\u00e2ncia cultural. Na Ol\u00e9 Mosaic, especializamo-nos na distribui\u00e7\u00e3o de souvenirs por grosso, oferecendo produtos esteticamente atraentes e cheios de significado, ideais para lojas de presentes tur\u00edsticos e amantes da cultura.<\/p>\n","protected":false},"excerpt":{"rendered":"<p>Ta\u00e7a de coco azul inspirada na Sagrada Fam\u00edlia de Barcelona. Esta atraente ta\u00e7a apresenta um design vibrante em tons azuis, com uma base decorada com mosaicos que evocam a obra de Gaud\u00ed. A silhueta da Sagrada Fam\u00edlia destaca-se no centro, acompanhada de encantadores cora\u00e7\u00f5es. Fabricada de forma artesanal, a sua t\u00e9cnica de decora\u00e7\u00e3o \u00e0 m\u00e3o garante um acabamento \u00fanico, ideal para adicionar um toque distintivo a qualquer casa.<\/p>\n","protected":false},"featured_media":13462,"template":"","meta":{"_acf_changed":false},"product_brand":[],"product_cat":[513],"product_tag":[],"class_list":{"0":"post-26516","1":"product","2":"type-product","3":"status-publish","4":"has-post-thumbnail","6":"product_cat-bols","7":"pa_ciudad-barcelona","8":"pa_motivo-sagrada-familia","9":"pa_pais-espana","11":"first","12":"instock","13":"shipping-taxable","14":"product-type-simple"},"acf":[],"_links":{"self":[{"href":"https:\/\/olemosaic.com\/pt-pt\/wp-json\/wp\/v2\/product\/26516","targetHints":{"allow":["GET"]}}],"collection":[{"href":"https:\/\/olemosaic.com\/pt-pt\/wp-json\/wp\/v2\/product"}],"about":[{"href":"https:\/\/olemosaic.com\/pt-pt\/wp-json\/wp\/v2\/types\/product"}],"wp:featuredmedia":[{"embeddable":true,"href":"https:\/\/olemosaic.com\/pt-pt\/wp-json\/wp\/v2\/media\/13462"}],"wp:attachment":[{"href":"https:\/\/olemosaic.com\/pt-pt\/wp-json\/wp\/v2\/media?parent=26516"}],"wp:term":[{"taxonomy":"product_brand","embeddable":true,"href":"https:\/\/olemosaic.com\/pt-pt\/wp-json\/wp\/v2\/product_brand?post=26516"},{"taxonomy":"product_cat","embeddable":true,"href":"https:\/\/olemosaic.com\/pt-pt\/wp-json\/wp\/v2\/product_cat?post=26516"},{"taxonomy":"product_tag","embeddable":true,"href":"https:\/\/olemosaic.com\/pt-pt\/wp-json\/wp\/v2\/product_tag?post=26516"}],"curies":[{"name":"wp","href":"https:\/\/api.w.org\/{rel}","templated":true}]}}