{"id":26507,"date":"2025-02-20T22:28:20","date_gmt":"2025-02-20T22:28:20","guid":{"rendered":"http:\/\/olemosaic.com\/producto\/libreta-de-80-hojas-salamandra-barcelona\/"},"modified":"2025-07-26T00:13:31","modified_gmt":"2025-07-25T22:13:31","slug":"caderno-de-80-folhas-salamandra-barcelona","status":"publish","type":"product","link":"https:\/\/olemosaic.com\/pt-pt\/produto\/caderno-de-80-folhas-salamandra-barcelona\/","title":{"rendered":"Caderno de 80 folhas. Salamandra. Barcelona."},"content":{"rendered":"<p>Descubra o nosso caderno de 80 folhas, uma joia da criatividade inspirada na emblem\u00e1tica salamandra que adorna a arquitetura de Gaud\u00ed em Barcelona. Este design colorido apresenta a figura central da salamandra num vibrante estilo de mosaico, emulando as maravilhosas obras de um dos maiores artistas da cidade. A superf\u00edcie do caderno apresenta um fundo escuro que real\u00e7a a beleza das flores multicoloridas que rodeiam a salamandra, criando um contraste cativante que atrai o olhar. Com um pr\u00e1tico fecho el\u00e1stico numa cor vermelha chamativa, este caderno n\u00e3o s\u00f3 \u00e9 ideal para tomar notas ou realizar esbo\u00e7os, como tamb\u00e9m se torna uma recorda\u00e7\u00e3o representativa da cultura art\u00edstica de Barcelona.<\/p>\n<p>A salamandra, que se encontra no famoso Park G\u00fcell, simboliza a inova\u00e7\u00e3o e o engenho da cidade, fazendo deste caderno uma recorda\u00e7\u00e3o aut\u00eantica para quem deseja levar consigo uma parte dessa magia catal\u00e3. Na Ol\u00e9 Mosaic, orgulhamo-nos de oferecer produtos que celebram a riqueza do patrim\u00f3nio espanhol. Este caderno n\u00e3o s\u00f3 \u00e9 um excelente artigo para turistas que procuram recorda\u00e7\u00f5es \u00fanicas de Barcelona, mas tamb\u00e9m uma op\u00e7\u00e3o de destaque para lojas de presentes tur\u00edsticos que desejem contar com um produto de qualidade e com um forte apelo cultural.<\/p>\n","protected":false},"excerpt":{"rendered":"<p>Caderno de 80 folhas com um design colorido inspirado na salamandra, representada num estilo mosaico que evoca a famosa obra de Gaud\u00ed em Barcelona. Com capa escura e fecho el\u00e1stico vermelho, apresenta um vibrante fundo adornado com flores multicoloridas que contrastam com a figura central da salamandra. Ideal para notas ou esbo\u00e7os, este caderno capta a ess\u00eancia art\u00edstica da cidade.<\/p>\n","protected":false},"featured_media":11648,"template":"","meta":{"_acf_changed":false},"product_brand":[],"product_cat":[808],"product_tag":[516],"class_list":{"0":"post-26507","1":"product","2":"type-product","3":"status-publish","4":"has-post-thumbnail","6":"product_cat-cadernos","7":"product_tag-animais","8":"pa_ciudad-barcelona","9":"pa_motivo-salamandras","10":"pa_pais-espana","12":"first","13":"instock","14":"shipping-taxable","15":"product-type-simple"},"acf":[],"_links":{"self":[{"href":"https:\/\/olemosaic.com\/pt-pt\/wp-json\/wp\/v2\/product\/26507","targetHints":{"allow":["GET"]}}],"collection":[{"href":"https:\/\/olemosaic.com\/pt-pt\/wp-json\/wp\/v2\/product"}],"about":[{"href":"https:\/\/olemosaic.com\/pt-pt\/wp-json\/wp\/v2\/types\/product"}],"wp:featuredmedia":[{"embeddable":true,"href":"https:\/\/olemosaic.com\/pt-pt\/wp-json\/wp\/v2\/media\/11648"}],"wp:attachment":[{"href":"https:\/\/olemosaic.com\/pt-pt\/wp-json\/wp\/v2\/media?parent=26507"}],"wp:term":[{"taxonomy":"product_brand","embeddable":true,"href":"https:\/\/olemosaic.com\/pt-pt\/wp-json\/wp\/v2\/product_brand?post=26507"},{"taxonomy":"product_cat","embeddable":true,"href":"https:\/\/olemosaic.com\/pt-pt\/wp-json\/wp\/v2\/product_cat?post=26507"},{"taxonomy":"product_tag","embeddable":true,"href":"https:\/\/olemosaic.com\/pt-pt\/wp-json\/wp\/v2\/product_tag?post=26507"}],"curies":[{"name":"wp","href":"https:\/\/api.w.org\/{rel}","templated":true}]}}