{"id":26506,"date":"2025-02-20T22:28:20","date_gmt":"2025-02-20T22:28:20","guid":{"rendered":"http:\/\/olemosaic.com\/producto\/libreta-de-80-hojas-patio\/"},"modified":"2025-07-25T18:37:14","modified_gmt":"2025-07-25T16:37:14","slug":"caderno-de-80-folhas-patio","status":"publish","type":"product","link":"https:\/\/olemosaic.com\/pt-pt\/produto\/caderno-de-80-folhas-patio\/","title":{"rendered":"Caderno de 80 folhas. P\u00e1tio."},"content":{"rendered":"<p>Descubra o nosso caderno de 80 folhas, uma encantadora recorda\u00e7\u00e3o que capta a ess\u00eancia vibrante do folclore espanhol atrav\u00e9s do seu design cativante. A capa apresenta a ilustra\u00e7\u00e3o de um animado p\u00e1tio espanhol, adornado com flores vermelhas que evocam o calor do clima mediterr\u00e2nico. O design destaca uma bailarina de flamenco, que cativa os espectadores com um elegante vestido de bolas vermelhas e um leque cuidadosamente colocado na sua m\u00e3o. Ao seu lado, um bailarino complementa a cena com um gesto alegre, criando um ambiente festivo que representa a rica cultura espanhola.<\/p>\n<p>Com um fundo amarelo vibrante, este caderno n\u00e3o s\u00f3 \u00e9 ideal para tomar notas ou fazer esbo\u00e7os, como tamb\u00e9m \u00e9 uma recorda\u00e7\u00e3o representativa de Espanha, perfeita para turistas e amantes da arte. As suas 80 folhas oferecem espa\u00e7o suficiente para registar pensamentos, esquemas ou mem\u00f3rias, enquanto o apelo visual da sua capa torna cada utiliza\u00e7\u00e3o uma experi\u00eancia agrad\u00e1vel. Cada vez que for utilizado, transportar\u00e1 o utilizador para um ensolarado p\u00e1tio espanhol, cheio de vida e alegria. Este artigo \u00e9 uma excelente op\u00e7\u00e3o para lojas de presentes tur\u00edsticos que procuram recorda\u00e7\u00f5es aut\u00eanticas que reflitam o esp\u00edrito espanhol. Na Ol\u00e9 Mosaic, como grossista de recorda\u00e7\u00f5es, garantimos produtos \u00fanicos e relevantes que celebram a cultura de Espanha.<\/p>\n","protected":false},"excerpt":{"rendered":"<p>Caderno de 80 folhas com uma ilustra\u00e7\u00e3o de um animado p\u00e1tio espanhol. Na capa, uma bailarina de flamenco com um vestido de bolas vermelhas, acompanhada de um leque, posa junto a um bailarino num ambiente festivo. O fundo amarelo vibrante e os detalhes florais em vermelho captam a ess\u00eancia do folclore espanhol. Este caderno, ideal para apontamentos ou esbo\u00e7os, combina um design atraente com funcionalidade.<\/p>\n","protected":false},"featured_media":12019,"template":"","meta":{"_acf_changed":false},"product_brand":[],"product_cat":[808],"product_tag":[],"class_list":{"0":"post-26506","1":"product","2":"type-product","3":"status-publish","4":"has-post-thumbnail","6":"product_cat-cadernos","7":"pa_motivo-patios","9":"first","10":"instock","11":"shipping-taxable","12":"product-type-simple"},"acf":[],"_links":{"self":[{"href":"https:\/\/olemosaic.com\/pt-pt\/wp-json\/wp\/v2\/product\/26506","targetHints":{"allow":["GET"]}}],"collection":[{"href":"https:\/\/olemosaic.com\/pt-pt\/wp-json\/wp\/v2\/product"}],"about":[{"href":"https:\/\/olemosaic.com\/pt-pt\/wp-json\/wp\/v2\/types\/product"}],"wp:featuredmedia":[{"embeddable":true,"href":"https:\/\/olemosaic.com\/pt-pt\/wp-json\/wp\/v2\/media\/12019"}],"wp:attachment":[{"href":"https:\/\/olemosaic.com\/pt-pt\/wp-json\/wp\/v2\/media?parent=26506"}],"wp:term":[{"taxonomy":"product_brand","embeddable":true,"href":"https:\/\/olemosaic.com\/pt-pt\/wp-json\/wp\/v2\/product_brand?post=26506"},{"taxonomy":"product_cat","embeddable":true,"href":"https:\/\/olemosaic.com\/pt-pt\/wp-json\/wp\/v2\/product_cat?post=26506"},{"taxonomy":"product_tag","embeddable":true,"href":"https:\/\/olemosaic.com\/pt-pt\/wp-json\/wp\/v2\/product_tag?post=26506"}],"curies":[{"name":"wp","href":"https:\/\/api.w.org\/{rel}","templated":true}]}}