{"id":26505,"date":"2025-02-20T23:28:20","date_gmt":"2025-02-20T22:28:20","guid":{"rendered":"http:\/\/olemosaic.com\/producto\/libreta-de-80-hojas-panoramica-barcelona-2\/"},"modified":"2025-07-25T18:37:18","modified_gmt":"2025-07-25T16:37:18","slug":"caderno-de-80-folhas-panoramica-barcelona-2","status":"publish","type":"product","link":"https:\/\/olemosaic.com\/pt-pt\/produto\/caderno-de-80-folhas-panoramica-barcelona-2\/","title":{"rendered":"Caderno de 80 folhas. Panor\u00e2mica. Park G\u00fcell. Barcelona."},"content":{"rendered":"<p>Descubra o nosso caderno de 80 folhas com uma vibrante panor\u00e2mica de Barcelona, a recorda\u00e7\u00e3o perfeita para quem procura recordar a sua visita a esta cidade m\u00e1gica. O seu magn\u00edfico design destaca a emblem\u00e1tica Sagrada Fam\u00edlia e a arquitetura singular do Parque G\u00fcell, refletindo a ess\u00eancia art\u00edstica do renomeado arquiteto Antoni Gaud\u00ed. O caderno apresenta um espetacular mosaico em tons de azul, amarelo e laranja que recordam os azulejos coloridos que adornam os monumentos da cidade, prestando homenagem \u00e0 rica heran\u00e7a cultural da Catalunha.<\/p>\n<p>Com um pr\u00e1tico el\u00e1stico vermelho que o fecha de forma segura, este caderno \u00e9 ideal para levar as suas notas, desenhos ou recorda\u00e7\u00f5es das suas aventuras em Barcelona, tornando-se um objeto funcional e decorativo. Cada folha oferece uma tela perfeita para capturar os seus pensamentos, o que o torna um companheiro ideal para turistas, estudantes ou artistas.<\/p>\n<p>Na Ol\u00e9 Mosaic, orgulhamo-nos de oferecer recorda\u00e7\u00f5es aut\u00eanticas que celebram a riqueza cultural de Espanha. Este caderno de Barcelona \u00e9 uma excelente op\u00e7\u00e3o para lojas de presentes tur\u00edsticos que procuram produtos com car\u00e1ter e liga\u00e7\u00e3o local. Como distribuidores de artigos artesanais, garantimos que cada pe\u00e7a reflete a autenticidade e o esp\u00edrito vibrante da cidade, fazendo desta recorda\u00e7\u00e3o uma lembran\u00e7a inestim\u00e1vel dos seus momentos em Barcelona.<\/p>\n","protected":false},"excerpt":{"rendered":"<p>Caderno de 80 folhas com uma vibrante panor\u00e2mica de Barcelona, onde se destacam a emblem\u00e1tica Sagrada Fam\u00edlia e a singular e colorida arquitetura do Park G\u00fcell. O seu design inclui um espetacular mosaico em tons de azul, amarelo e laranja, que representa a ess\u00eancia art\u00edstica de Gaud\u00ed. Com um pr\u00e1tico el\u00e1stico vermelho para o fechar de forma segura, este caderno oferece um espa\u00e7o ideal para as suas notas e recorda\u00e7\u00f5es desta cidade m\u00e1gica.<\/p>\n","protected":false},"featured_media":11631,"template":"","meta":{"_acf_changed":false},"product_brand":[],"product_cat":[808],"product_tag":[],"class_list":{"0":"post-26505","1":"product","2":"type-product","3":"status-publish","4":"has-post-thumbnail","6":"product_cat-cadernos","7":"pa_ciudad-barcelona","8":"pa_motivo-panoramas","9":"pa_pais-espana","11":"first","12":"instock","13":"shipping-taxable","14":"product-type-simple"},"acf":[],"_links":{"self":[{"href":"https:\/\/olemosaic.com\/pt-pt\/wp-json\/wp\/v2\/product\/26505","targetHints":{"allow":["GET"]}}],"collection":[{"href":"https:\/\/olemosaic.com\/pt-pt\/wp-json\/wp\/v2\/product"}],"about":[{"href":"https:\/\/olemosaic.com\/pt-pt\/wp-json\/wp\/v2\/types\/product"}],"wp:featuredmedia":[{"embeddable":true,"href":"https:\/\/olemosaic.com\/pt-pt\/wp-json\/wp\/v2\/media\/11631"}],"wp:attachment":[{"href":"https:\/\/olemosaic.com\/pt-pt\/wp-json\/wp\/v2\/media?parent=26505"}],"wp:term":[{"taxonomy":"product_brand","embeddable":true,"href":"https:\/\/olemosaic.com\/pt-pt\/wp-json\/wp\/v2\/product_brand?post=26505"},{"taxonomy":"product_cat","embeddable":true,"href":"https:\/\/olemosaic.com\/pt-pt\/wp-json\/wp\/v2\/product_cat?post=26505"},{"taxonomy":"product_tag","embeddable":true,"href":"https:\/\/olemosaic.com\/pt-pt\/wp-json\/wp\/v2\/product_tag?post=26505"}],"curies":[{"name":"wp","href":"https:\/\/api.w.org\/{rel}","templated":true}]}}