{"id":26503,"date":"2025-02-20T22:28:20","date_gmt":"2025-02-20T22:28:20","guid":{"rendered":"http:\/\/olemosaic.com\/producto\/libreta-de-80-hojas-gato\/"},"modified":"2025-07-25T18:37:12","modified_gmt":"2025-07-25T16:37:12","slug":"caderno-de-80-folhas-gato","status":"publish","type":"product","link":"https:\/\/olemosaic.com\/pt-pt\/produto\/caderno-de-80-folhas-gato\/","title":{"rendered":"Caderno de 80 folhas. Gato."},"content":{"rendered":"<p>Descubra o nosso caderno de 80 folhas com um design vibrante de gato, perfeito para os amantes dos animais e da arte. Este caderno destaca-se pela sua capa colorida, que apresenta uma impressionante ilustra\u00e7\u00e3o em mosaico de um gato. A imagem, uma mistura de tons brilhantes em verde, azul, vermelho e amarelo, capta a aten\u00e7\u00e3o e acrescenta um toque art\u00edstico a qualquer espa\u00e7o. O gato, desenhado com uma t\u00e9cnica que evoca a tradi\u00e7\u00e3o do mosaico, parece ganhar vida sobre um fundo branco que real\u00e7a a sua beleza, enquanto as delicadas borboletas coloridas acrescentam um ar l\u00fadico e alegre.<\/p>\n<p>Equipado com um pr\u00e1tico fecho el\u00e1stico vermelho, este caderno garante que todas as suas anota\u00e7\u00f5es e desenhos se mantenham protegidos e organizados. Ideal tanto para o uso di\u00e1rio como para ocasi\u00f5es especiais, \u00e9 um presente original que arrancar\u00e1 um sorriso a quem o receber. Este caderno n\u00e3o \u00e9 apenas funcional, mas tamb\u00e9m atua como uma recorda\u00e7\u00e3o representativa da rica tradi\u00e7\u00e3o art\u00edstica espanhola, evocando o esp\u00edrito criativo que caracteriza a nossa cultura.<\/p>\n<p>Na Ol\u00e9 Mosaic, somos distribuidores de recorda\u00e7\u00f5es por grosso e este caderno de gato \u00e9 uma excelente op\u00e7\u00e3o para lojas de presentes tur\u00edsticos que procuram oferecer produtos aut\u00eanticos e relevantes. N\u00e3o perca a oportunidade de incorporar esta encantadora recorda\u00e7\u00e3o na sua sele\u00e7\u00e3o; \u00e9 o presente perfeito para quem procura um peda\u00e7o de arte e cultura no seu dia a dia.<\/p>\n","protected":false},"excerpt":{"rendered":"<p>Caderno de 80 folhas com um design colorido de um gato, ideal para amantes dos animais e da arte. A capa apresenta uma vibrante ilustra\u00e7\u00e3o de um gato em mosaico, com brilhantes tons verdes, azuis, vermelhos e amarelos, emoldurada por um fundo branco com detalhes de borboletas. Um pr\u00e1tico fecho el\u00e1stico vermelho garante que as suas anota\u00e7\u00f5es estejam sempre protegidas. Perfeito para o uso di\u00e1rio ou como um presente original.<\/p>\n","protected":false},"featured_media":11649,"template":"","meta":{"_acf_changed":false},"product_brand":[],"product_cat":[808],"product_tag":[516],"class_list":{"0":"post-26503","1":"product","2":"type-product","3":"status-publish","4":"has-post-thumbnail","6":"product_cat-cadernos","7":"product_tag-animais","8":"pa_motivo-gatos","10":"first","11":"instock","12":"shipping-taxable","13":"product-type-simple"},"acf":[],"_links":{"self":[{"href":"https:\/\/olemosaic.com\/pt-pt\/wp-json\/wp\/v2\/product\/26503","targetHints":{"allow":["GET"]}}],"collection":[{"href":"https:\/\/olemosaic.com\/pt-pt\/wp-json\/wp\/v2\/product"}],"about":[{"href":"https:\/\/olemosaic.com\/pt-pt\/wp-json\/wp\/v2\/types\/product"}],"wp:featuredmedia":[{"embeddable":true,"href":"https:\/\/olemosaic.com\/pt-pt\/wp-json\/wp\/v2\/media\/11649"}],"wp:attachment":[{"href":"https:\/\/olemosaic.com\/pt-pt\/wp-json\/wp\/v2\/media?parent=26503"}],"wp:term":[{"taxonomy":"product_brand","embeddable":true,"href":"https:\/\/olemosaic.com\/pt-pt\/wp-json\/wp\/v2\/product_brand?post=26503"},{"taxonomy":"product_cat","embeddable":true,"href":"https:\/\/olemosaic.com\/pt-pt\/wp-json\/wp\/v2\/product_cat?post=26503"},{"taxonomy":"product_tag","embeddable":true,"href":"https:\/\/olemosaic.com\/pt-pt\/wp-json\/wp\/v2\/product_tag?post=26503"}],"curies":[{"name":"wp","href":"https:\/\/api.w.org\/{rel}","templated":true}]}}