{"id":26467,"date":"2025-02-20T22:28:20","date_gmt":"2025-02-20T22:28:20","guid":{"rendered":"http:\/\/olemosaic.com\/producto\/lata-inox-de-500-ml-gato\/"},"modified":"2025-07-25T18:38:07","modified_gmt":"2025-07-25T16:38:07","slug":"garrafa-inox-de-500-ml-gato","status":"publish","type":"product","link":"https:\/\/olemosaic.com\/pt-pt\/produto\/garrafa-inox-de-500-ml-gato\/","title":{"rendered":"Garrafa inox de 500 ml. Gato."},"content":{"rendered":"<p>Descubra a nossa garrafa de inox de 500 ml, decorada com um deslumbrante design de um gato em mosaico que captura a ess\u00eancia da tradi\u00e7\u00e3o art\u00edstica espanhola. Este souvenir \u00fanico apresenta um fundo branco que real\u00e7a com intensidade as cores vibrantes do gato, representado numa mistura de tonalidades que incluem vermelhos, verdes, azuis e amarelos, oferecendo um atrativo visual cativante. O design complementa-se com delicadas borboletas em tons de azul e verde, que adicionam um toque de frescura e natureza a esta pe\u00e7a.<\/p>\n<p>Fabricada em a\u00e7o inoxid\u00e1vel, esta garrafa n\u00e3o s\u00f3 \u00e9 elegante, como tamb\u00e9m muito funcional, ideal para manter as suas bebidas frias enquanto explora as belezas culturais da regi\u00e3o. O seu acabamento elegante, juntamente com a sua t\u00e9cnica de estampagem de alta qualidade, garante durabilidade e resist\u00eancia, tornando-a um artigo imprescind\u00edvel para qualquer amante da arte e da est\u00e9tica.<\/p>\n<p>Este artigo n\u00e3o \u00e9 apenas um acess\u00f3rio pr\u00e1tico, mas um aut\u00eantico souvenir que celebra a rica heran\u00e7a art\u00edstica de Espanha. Perfeito para turistas que procuram levar um peda\u00e7o da cultura espanhola, esta garrafa de inox \u00e9 uma excelente op\u00e7\u00e3o para lojas de presentes tur\u00edsticos que desejem oferecer produtos aut\u00eanticos e representativos. Na Ol\u00e9 Mosaic, orgulhamo-nos de distribuir souvenirs de qualidade que refletem o esp\u00edrito vibrante de Espanha e a sua arte, o que nos torna um l\u00edder na venda de artigos decorativos por grosso.<\/p>\n","protected":false},"excerpt":{"rendered":"<p>Garrafa de a\u00e7o inoxid\u00e1vel de 500 ml decorada com um vibrante design de um gato em mosaico, inspirado na tradi\u00e7\u00e3o art\u00edstica espanhola. Este artigo atraente apresenta um fundo branco que real\u00e7a as cores radiantes do gato, complementado com borboletas em tons de azul e verde. Perfeita para manter as suas bebidas frias, o seu acabamento elegante e t\u00e9cnica de estampagem garantem durabilidade e estilo, tornando-a um souvenir ideal para os amantes da arte e da natureza.<\/p>\n","protected":false},"featured_media":11158,"template":"","meta":{"_acf_changed":false},"product_brand":[],"product_cat":[805],"product_tag":[516],"class_list":{"0":"post-26467","1":"product","2":"type-product","3":"status-publish","4":"has-post-thumbnail","6":"product_cat-latas","7":"product_tag-animais","8":"pa_motivo-gatos","10":"first","11":"instock","12":"shipping-taxable","13":"product-type-simple"},"acf":[],"_links":{"self":[{"href":"https:\/\/olemosaic.com\/pt-pt\/wp-json\/wp\/v2\/product\/26467","targetHints":{"allow":["GET"]}}],"collection":[{"href":"https:\/\/olemosaic.com\/pt-pt\/wp-json\/wp\/v2\/product"}],"about":[{"href":"https:\/\/olemosaic.com\/pt-pt\/wp-json\/wp\/v2\/types\/product"}],"wp:featuredmedia":[{"embeddable":true,"href":"https:\/\/olemosaic.com\/pt-pt\/wp-json\/wp\/v2\/media\/11158"}],"wp:attachment":[{"href":"https:\/\/olemosaic.com\/pt-pt\/wp-json\/wp\/v2\/media?parent=26467"}],"wp:term":[{"taxonomy":"product_brand","embeddable":true,"href":"https:\/\/olemosaic.com\/pt-pt\/wp-json\/wp\/v2\/product_brand?post=26467"},{"taxonomy":"product_cat","embeddable":true,"href":"https:\/\/olemosaic.com\/pt-pt\/wp-json\/wp\/v2\/product_cat?post=26467"},{"taxonomy":"product_tag","embeddable":true,"href":"https:\/\/olemosaic.com\/pt-pt\/wp-json\/wp\/v2\/product_tag?post=26467"}],"curies":[{"name":"wp","href":"https:\/\/api.w.org\/{rel}","templated":true}]}}