{"id":26466,"date":"2025-02-20T22:28:19","date_gmt":"2025-02-20T22:28:19","guid":{"rendered":"http:\/\/olemosaic.com\/producto\/lata-inox-de-500-ml-salamandra\/"},"modified":"2025-07-25T20:12:57","modified_gmt":"2025-07-25T18:12:57","slug":"garrafa-inox-de-500-ml-salamandra","status":"publish","type":"product","link":"https:\/\/olemosaic.com\/pt-pt\/produto\/garrafa-inox-de-500-ml-salamandra\/","title":{"rendered":"Garrafa inox de 500 ml. Salamandra."},"content":{"rendered":"<p>Descubra a nossa cantimplora de a\u00e7o inoxid\u00e1vel de 500 ml, decorada com vibrantes salamandras e flores, uma homenagem ao famoso mosaico de Gaud\u00ed em Barcelona. Este design atraente captura a ess\u00eancia do estilo art\u00edstico do mestre catal\u00e3o, com coloridos detalhes em vermelho, verde e azul que contrastam maravilhosamente sobre um fundo branco que evoca a tradi\u00e7\u00e3o do trencad\u00eds, caracter\u00edstico das suas obras. As salamandras, que representam a liga\u00e7\u00e3o entre a natureza e a arte, d\u00e3o vida \u00e0 cantimplora, enquanto as delicadas flores adicionam um toque de frescura. Este artigo n\u00e3o s\u00f3 \u00e9 ideal para manter as suas bebidas frias, como tamb\u00e9m se torna um atrativo visual que celebra a rica heran\u00e7a cultural de Barcelona. Como souvenir representativo, \u00e9 perfeito para os turistas que procuram levar para casa um pedacinho da capital catal\u00e3. Na Ol\u00e9 Mosaic, somos distribuidores de souvenirs por grosso, oferecendo produtos aut\u00eanticos e de qualidade que enaltecem a tradi\u00e7\u00e3o espanhola. Esta cantimplora de a\u00e7o inoxid\u00e1vel \u00e9 uma excelente op\u00e7\u00e3o para lojas de presentes tur\u00edsticos que procuram oferecer artigos funcionais e culturalmente relevantes.<\/p>\n","protected":false},"excerpt":{"rendered":"<p>Garrafa de a\u00e7o inoxid\u00e1vel de 500 ml decorada com vibrantes salamandras e flores, inspirada no famoso mosaico de Gaud\u00ed em Barcelona. O design destaca-se pelas suas cores chamativas, como o vermelho, verde e azul, sobre um fundo branco que evoca a tradi\u00e7\u00e3o do trencad\u00eds. Ideal para manter as suas bebidas frias, este artigo combina funcionalidade com um atrativo visual que celebra a rica heran\u00e7a cultural da cidade.<\/p>\n","protected":false},"featured_media":12797,"template":"","meta":{"_acf_changed":false},"product_brand":[],"product_cat":[805],"product_tag":[516],"class_list":{"0":"post-26466","1":"product","2":"type-product","3":"status-publish","4":"has-post-thumbnail","6":"product_cat-latas","7":"product_tag-animais","8":"pa_motivo-salamandras","10":"first","11":"instock","12":"shipping-taxable","13":"product-type-simple"},"acf":[],"_links":{"self":[{"href":"https:\/\/olemosaic.com\/pt-pt\/wp-json\/wp\/v2\/product\/26466","targetHints":{"allow":["GET"]}}],"collection":[{"href":"https:\/\/olemosaic.com\/pt-pt\/wp-json\/wp\/v2\/product"}],"about":[{"href":"https:\/\/olemosaic.com\/pt-pt\/wp-json\/wp\/v2\/types\/product"}],"wp:featuredmedia":[{"embeddable":true,"href":"https:\/\/olemosaic.com\/pt-pt\/wp-json\/wp\/v2\/media\/12797"}],"wp:attachment":[{"href":"https:\/\/olemosaic.com\/pt-pt\/wp-json\/wp\/v2\/media?parent=26466"}],"wp:term":[{"taxonomy":"product_brand","embeddable":true,"href":"https:\/\/olemosaic.com\/pt-pt\/wp-json\/wp\/v2\/product_brand?post=26466"},{"taxonomy":"product_cat","embeddable":true,"href":"https:\/\/olemosaic.com\/pt-pt\/wp-json\/wp\/v2\/product_cat?post=26466"},{"taxonomy":"product_tag","embeddable":true,"href":"https:\/\/olemosaic.com\/pt-pt\/wp-json\/wp\/v2\/product_tag?post=26466"}],"curies":[{"name":"wp","href":"https:\/\/api.w.org\/{rel}","templated":true}]}}