{"id":26465,"date":"2025-02-20T23:28:19","date_gmt":"2025-02-20T22:28:19","guid":{"rendered":"http:\/\/olemosaic.com\/producto\/huevera-de-ceramica-punt-de-trobada-beige\/"},"modified":"2025-07-25T18:36:50","modified_gmt":"2025-07-25T16:36:50","slug":"suporte-para-ovos-de-ceramica-punt-de-trobada-bege","status":"publish","type":"product","link":"https:\/\/olemosaic.com\/pt-pt\/produto\/suporte-para-ovos-de-ceramica-punt-de-trobada-bege\/","title":{"rendered":"Suporte para ovos de cer\u00e2mica. Punt de trobada. Bege"},"content":{"rendered":"<p>Descubra o nosso suporte para ovos de cer\u00e2mica com efeito pintado \u00e0 m\u00e3o, um aut\u00eantico souvenir que captura a ess\u00eancia do folclore mediterr\u00e2nico. Este encantador complemento, ideal para apresentar ovos cozidos com estilo, destaca-se pelo seu design atraente em tons de bege com detalhes coloridos em vermelho, verde, laranja e azul. A cer\u00e2mica est\u00e1 decorada com motivos art\u00edsticos que incluem formas org\u00e2nicas e trazos gr\u00e1ficos, conferindo um toque vibrante e divertido a qualquer mesa.<\/p>\n<p>O design do suporte para ovos reflete a rica tradi\u00e7\u00e3o artesanal espanhola, tornando-o um elemento que celebra a cultura e o conv\u00edvio em torno da comida. \u00c9 perfeito para desfrutar de uma refei\u00e7\u00e3o tradicional espanhola, sendo simultaneamente um elemento decorativo que embeleza a casa. Al\u00e9m disso, a sua forma estilizada e o seu esmalte brilhante garantem a sua resist\u00eancia e facilidade de limpeza.<\/p>\n<p>Na Ol\u00e9 Mosaic, orgulhamo-nos de oferecer souvenirs aut\u00eanticos, e este suporte para ovos \u00e9 uma excelente ideia para turistas que procuram uma recorda\u00e7\u00e3o representativa da sua passagem por Espanha. Ideal para lojas de presentes tur\u00edsticos, este produto n\u00e3o s\u00f3 \u00e9 funcional, como tamb\u00e9m \u00e9 um s\u00edmbolo da hospitalidade e da alegria mediterr\u00e2nica, o que o torna um presente apreciado que ressoar\u00e1 com cada cliente. Como grossistas de cer\u00e2mica, garantimos a qualidade e o design em cada pe\u00e7a.<\/p>\n","protected":false},"excerpt":{"rendered":"<p>Suporte para ovos de cer\u00e2mica com design artesanal, pintado \u00e0 m\u00e3o, ideal para apresentar ovos cozidos com estilo. Com um design atraente em tons de bege e detalhes coloridos em vermelho, verde, laranja e azul, este suporte para ovos evoca o folclore e a cultura mediterr\u00e2nica. Os seus motivos art\u00edsticos incluem formas org\u00e2nicas e tra\u00e7os gr\u00e1ficos que conferem um toque vibrante e divertido \u00e0 mesa. Perfeito para desfrutar de uma refei\u00e7\u00e3o tradicional espanhola, torna-se tamb\u00e9m um elemento decorativo encantador.<\/p>\n","protected":false},"featured_media":10037,"template":"","meta":{"_acf_changed":false},"product_brand":[],"product_cat":[666],"product_tag":[515],"class_list":{"0":"post-26465","1":"product","2":"type-product","3":"status-publish","4":"has-post-thumbnail","6":"product_cat-copos-para-ovos","7":"product_tag-ceramica","8":"pa_motivo-punt-de-trobada","10":"first","11":"instock","12":"shipping-taxable","13":"product-type-simple"},"acf":[],"_links":{"self":[{"href":"https:\/\/olemosaic.com\/pt-pt\/wp-json\/wp\/v2\/product\/26465","targetHints":{"allow":["GET"]}}],"collection":[{"href":"https:\/\/olemosaic.com\/pt-pt\/wp-json\/wp\/v2\/product"}],"about":[{"href":"https:\/\/olemosaic.com\/pt-pt\/wp-json\/wp\/v2\/types\/product"}],"wp:featuredmedia":[{"embeddable":true,"href":"https:\/\/olemosaic.com\/pt-pt\/wp-json\/wp\/v2\/media\/10037"}],"wp:attachment":[{"href":"https:\/\/olemosaic.com\/pt-pt\/wp-json\/wp\/v2\/media?parent=26465"}],"wp:term":[{"taxonomy":"product_brand","embeddable":true,"href":"https:\/\/olemosaic.com\/pt-pt\/wp-json\/wp\/v2\/product_brand?post=26465"},{"taxonomy":"product_cat","embeddable":true,"href":"https:\/\/olemosaic.com\/pt-pt\/wp-json\/wp\/v2\/product_cat?post=26465"},{"taxonomy":"product_tag","embeddable":true,"href":"https:\/\/olemosaic.com\/pt-pt\/wp-json\/wp\/v2\/product_tag?post=26465"}],"curies":[{"name":"wp","href":"https:\/\/api.w.org\/{rel}","templated":true}]}}