{"id":26457,"date":"2025-02-20T22:28:19","date_gmt":"2025-02-20T22:28:19","guid":{"rendered":"http:\/\/olemosaic.com\/producto\/funda-de-telefono-para-iphone-13-pro-tpu-gato-mallorca-blanco\/"},"modified":"2025-07-25T20:15:52","modified_gmt":"2025-07-25T18:15:52","slug":"capa-de-telemovel-para-iphone-13-pro-tpu-gato-maiorca-branco","status":"publish","type":"product","link":"https:\/\/olemosaic.com\/pt-pt\/produto\/capa-de-telemovel-para-iphone-13-pro-tpu-gato-maiorca-branco\/","title":{"rendered":"Capa de telem\u00f3vel para iPhone 13 Pro (TPU). Gato. Maiorca. Branco"},"content":{"rendered":"<p>Descubra a nossa capa para iPhone 13 Pro, uma pe\u00e7a \u00fanica que funde funcionalidade e design art\u00edstico, inspirada na vibrante cultura de Maiorca. Fabricada em TPU de alta qualidade, esta capa oferece uma prote\u00e7\u00e3o robusta e leve para o seu dispositivo, mantendo-o a salvo de impactos e quedas. O seu design apresenta um gato encantador, plasmado num mosaico explosivo de tons vermelhos, azuis, verdes e amarelos, que evoca a beleza da arte mediterr\u00e2nica. O fundo branco real\u00e7a a ilustra\u00e7\u00e3o, enquanto as borboletas que acompanham o gato adicionam um toque de alegria e vitalidade, tornando cada olhar numa celebra\u00e7\u00e3o da vida. Na parte inferior, a palavra &#8220;Mallorca&#8221; surge elegantemente, fundindo arte e funcionalidade. Este produto n\u00e3o \u00e9 apenas uma excelente op\u00e7\u00e3o para quem procura recorda\u00e7\u00f5es de Maiorca, mas tamb\u00e9m uma recorda\u00e7\u00e3o aut\u00eantica que reflete o esp\u00edrito desta bela ilha. Na Ol\u00e9 Mosaic, como grossistas de acess\u00f3rios \u00fanicos, asseguramos que cada pe\u00e7a que oferecemos seja uma representa\u00e7\u00e3o cultural significativa, perfeita para lojas de recorda\u00e7\u00f5es tur\u00edsticas que desejem diversificar o seu cat\u00e1logo. A capa \u00e9, sem d\u00favida, um artigo atrativo para turistas e amantes da cultura mediterr\u00e2nica.<\/p>\n","protected":false},"excerpt":{"rendered":"<p>Capa para iPhone 13 Pro fabricada em TPU com um design vibrante de um gato inspirado na beleza de Maiorca. O fundo branco real\u00e7a a colorida ilustra\u00e7\u00e3o do gato, um mosaico de tons vermelhos, azuis, verdes e amarelos, acompanhado de borboletas que adicionam um toque de alegria. O texto &#8220;Mallorca&#8221; destaca-se na parte inferior, fundindo arte e funcionalidade nesta capa protetora original.<\/p>\n","protected":false},"featured_media":12933,"template":"","meta":{"_acf_changed":false},"product_brand":[],"product_cat":[685],"product_tag":[516],"class_list":{"0":"post-26457","1":"product","2":"type-product","3":"status-publish","4":"has-post-thumbnail","6":"product_cat-capas-para-telemoveis","7":"product_tag-animais","8":"pa_ciudad-mallorca","9":"pa_motivo-gatos","10":"pa_pais-espana","12":"first","13":"instock","14":"shipping-taxable","15":"product-type-simple"},"acf":[],"_links":{"self":[{"href":"https:\/\/olemosaic.com\/pt-pt\/wp-json\/wp\/v2\/product\/26457","targetHints":{"allow":["GET"]}}],"collection":[{"href":"https:\/\/olemosaic.com\/pt-pt\/wp-json\/wp\/v2\/product"}],"about":[{"href":"https:\/\/olemosaic.com\/pt-pt\/wp-json\/wp\/v2\/types\/product"}],"wp:featuredmedia":[{"embeddable":true,"href":"https:\/\/olemosaic.com\/pt-pt\/wp-json\/wp\/v2\/media\/12933"}],"wp:attachment":[{"href":"https:\/\/olemosaic.com\/pt-pt\/wp-json\/wp\/v2\/media?parent=26457"}],"wp:term":[{"taxonomy":"product_brand","embeddable":true,"href":"https:\/\/olemosaic.com\/pt-pt\/wp-json\/wp\/v2\/product_brand?post=26457"},{"taxonomy":"product_cat","embeddable":true,"href":"https:\/\/olemosaic.com\/pt-pt\/wp-json\/wp\/v2\/product_cat?post=26457"},{"taxonomy":"product_tag","embeddable":true,"href":"https:\/\/olemosaic.com\/pt-pt\/wp-json\/wp\/v2\/product_tag?post=26457"}],"curies":[{"name":"wp","href":"https:\/\/api.w.org\/{rel}","templated":true}]}}