{"id":26455,"date":"2025-02-20T22:28:19","date_gmt":"2025-02-20T22:28:19","guid":{"rendered":"http:\/\/olemosaic.com\/producto\/funda-de-telefono-para-iphone-12-tpu-abstracto-verde-2\/"},"modified":"2025-07-25T20:34:21","modified_gmt":"2025-07-25T18:34:21","slug":"capa-de-telemovel-para-iphone-12-tpu-abstrato-verde-pt-pt","status":"publish","type":"product","link":"https:\/\/olemosaic.com\/pt-pt\/produto\/capa-de-telemovel-para-iphone-12-tpu-abstrato-verde-pt-pt\/","title":{"rendered":"Capa de telem\u00f3vel para iPhone 12 (TPU). Abstrato. Verde"},"content":{"rendered":"<p>Descubra a nossa capa para iPhone 12, um acess\u00f3rio que funde funcionalidade e arte numa \u00fanica pe\u00e7a. Fabricada em TPU, esta capa apresenta um design abstrato que evoca a rica tradi\u00e7\u00e3o dos mosaicos espanh\u00f3is, captando a ess\u00eancia est\u00e9tica que estes elementos conferem \u00e0 cultura ib\u00e9rica. O seu vibrante padr\u00e3o de cores verdes, azuis e tons terracota, inspirado nos mosaicos de locais emblem\u00e1ticos de Espanha, n\u00e3o s\u00f3 oferece uma est\u00e9tica visual din\u00e2mica, como tamb\u00e9m se torna uma excelente recorda\u00e7\u00e3o para quem procura um peda\u00e7o desta heran\u00e7a cultural. O acabamento liso da capa proporciona uma prote\u00e7\u00e3o excecional contra impactos e riscos, al\u00e9m de um acesso f\u00e1cil e r\u00e1pido a todos os bot\u00f5es e portas do dispositivo. Este design art\u00edstico e funcional torna-a uma escolha ideal para turistas e amantes da cultura espanhola que desejam levar uma recorda\u00e7\u00e3o \u00fanica e representativa da sua viagem. Na Ol\u00e9 Mosaic, como grossistas de artigos de recorda\u00e7\u00f5es, oferecemos produtos aut\u00eanticos que se destacam n\u00e3o s\u00f3 pela sua qualidade, mas tamb\u00e9m pela sua liga\u00e7\u00e3o cultural. Esta capa de telem\u00f3vel \u00e9 uma op\u00e7\u00e3o maravilhosa para lojas de recorda\u00e7\u00f5es tur\u00edsticas que procuram diferenciar-se com produtos que unem arte e utilidade.<\/p>\n","protected":false},"excerpt":{"rendered":"<p>Capa para iPhone 12 fabricada em TPU com um design abstrato que evoca a est\u00e9tica dos mosaicos. Esta capa apresenta um vibrante padr\u00e3o de cores verdes, azuis e tons terracota, criando um efeito visual din\u00e2mico e atrativo. O seu acabamento liso n\u00e3o s\u00f3 proporciona uma excelente prote\u00e7\u00e3o, como tamb\u00e9m permite um f\u00e1cil acesso aos bot\u00f5es e portas. Ideal para quem procura um acess\u00f3rio funcional com um toque art\u00edstico inspirado no folclore espanhol.<\/p>\n","protected":false},"featured_media":12223,"template":"","meta":{"_acf_changed":false},"product_brand":[],"product_cat":[685],"product_tag":[],"class_list":{"0":"post-26455","1":"product","2":"type-product","3":"status-publish","4":"has-post-thumbnail","6":"product_cat-capas-para-telemoveis","7":"pa_motivo-resumo","9":"first","10":"instock","11":"shipping-taxable","12":"product-type-simple"},"acf":[],"_links":{"self":[{"href":"https:\/\/olemosaic.com\/pt-pt\/wp-json\/wp\/v2\/product\/26455","targetHints":{"allow":["GET"]}}],"collection":[{"href":"https:\/\/olemosaic.com\/pt-pt\/wp-json\/wp\/v2\/product"}],"about":[{"href":"https:\/\/olemosaic.com\/pt-pt\/wp-json\/wp\/v2\/types\/product"}],"wp:featuredmedia":[{"embeddable":true,"href":"https:\/\/olemosaic.com\/pt-pt\/wp-json\/wp\/v2\/media\/12223"}],"wp:attachment":[{"href":"https:\/\/olemosaic.com\/pt-pt\/wp-json\/wp\/v2\/media?parent=26455"}],"wp:term":[{"taxonomy":"product_brand","embeddable":true,"href":"https:\/\/olemosaic.com\/pt-pt\/wp-json\/wp\/v2\/product_brand?post=26455"},{"taxonomy":"product_cat","embeddable":true,"href":"https:\/\/olemosaic.com\/pt-pt\/wp-json\/wp\/v2\/product_cat?post=26455"},{"taxonomy":"product_tag","embeddable":true,"href":"https:\/\/olemosaic.com\/pt-pt\/wp-json\/wp\/v2\/product_tag?post=26455"}],"curies":[{"name":"wp","href":"https:\/\/api.w.org\/{rel}","templated":true}]}}